{"id":170946,"date":"2024-07-09T19:17:37","date_gmt":"2024-07-09T17:17:37","guid":{"rendered":"https:\/\/realdutchfood.com\/?post_type=product&#038;p=170946"},"modified":"2024-07-09T19:30:20","modified_gmt":"2024-07-09T17:30:20","slug":"leffe-brown-belgian-abbey-bierdosen","status":"publish","type":"product","link":"https:\/\/realdutchfood.com\/de\/leffe-brown-belgian-abbey-bierdosen\/","title":{"rendered":"Leffe Brown Belgian Abbey Bierdosen"},"content":{"rendered":"<div class=\"product-information\" data-v-6d4f1d38=\"\" data-v-f83e65de=\"\" data-v-97bb2ace=\"\">\n<div class=\"jum-collapsible open\" data-v-410e9d19=\"\" data-v-6d4f1d38=\"\">\n<div class=\"title-wrapper\" data-v-410e9d19=\"\">\n<h3 class=\"title\">Zutaten<\/h3>\n<p>Wasser, <strong>Gerstenmalz<\/strong>, Mais, <strong>Gerste<\/strong>, Zucker, Hopfen<\/p>\n<h3 class=\"title\">Allergene<\/h3>\n<p><strong data-v-cfe264b1=\"\">Enth\u00e4lt: <\/strong><span data-v-cfe264b1=\"\">Gerste<\/span><\/p>\n<h3 class=\"title\">N\u00e4hrwerte<\/h3>\n<table class=\"striped jum-table\" data-testid=\"nutritional-values-table-content\" data-v-b9926f77=\"\" data-v-f683cf68=\"\">\n<tbody>\n<tr class=\"header-row\" data-v-b9926f77=\"\">\n<th class=\"header-column\" data-v-b9926f77=\"\">N\u00e4hrwerte<\/th>\n<th class=\"header-column\" data-v-b9926f77=\"\">pro 100 ml<\/th>\n<th class=\"header-column\" data-v-b9926f77=\"\">pro 330 ml<\/th>\n<\/tr>\n<\/tbody>\n<tbody data-v-f683cf68=\"\">\n<tr class=\"row\" data-v-f683cf68=\"\">\n<td class=\"column\" data-v-f683cf68=\"\">Energie<\/td>\n<td class=\"column\" data-v-f683cf68=\"\">240 kJ\/57 kcal<\/td>\n<td class=\"column\" data-v-f683cf68=\"\">791 kJ\/189 kcal<\/td>\n<\/tr>\n<tr class=\"row\" data-v-f683cf68=\"\">\n<td class=\"column\" data-v-f683cf68=\"\">Fette<\/td>\n<td class=\"column\" data-v-f683cf68=\"\">0 g<\/td>\n<td class=\"column\" data-v-f683cf68=\"\">0 g<\/td>\n<\/tr>\n<tr class=\"row\" data-v-f683cf68=\"\">\n<td class=\"column\" data-v-f683cf68=\"\">Davon ges\u00e4ttigte Fetts\u00e4uren<\/td>\n<td class=\"column\" data-v-f683cf68=\"\">0 g<\/td>\n<td class=\"column\" data-v-f683cf68=\"\">0 g<\/td>\n<\/tr>\n<tr class=\"row\" data-v-f683cf68=\"\">\n<td class=\"column\" data-v-f683cf68=\"\">Kohlenhydrate<\/td>\n<td class=\"column\" data-v-f683cf68=\"\">ca. 5,4 g<\/td>\n<td class=\"column\" data-v-f683cf68=\"\">ca. 18,0 g<\/td>\n<\/tr>\n<tr class=\"row\" data-v-f683cf68=\"\">\n<td class=\"column\" data-v-f683cf68=\"\">Davon Zucker<\/td>\n<td class=\"column\" data-v-f683cf68=\"\">0,7 g<\/td>\n<td class=\"column\" data-v-f683cf68=\"\">ca. 2,3 g<\/td>\n<\/tr>\n<tr class=\"row\" data-v-f683cf68=\"\">\n<td class=\"column\" data-v-f683cf68=\"\">Proteine<\/td>\n<td class=\"column\" data-v-f683cf68=\"\">0,5 g<\/td>\n<td class=\"column\" data-v-f683cf68=\"\">ca. 1,7 g<\/td>\n<\/tr>\n<tr class=\"row\" data-v-f683cf68=\"\">\n<td class=\"column\" data-v-f683cf68=\"\">Salz<\/td>\n<td class=\"column\" data-v-f683cf68=\"\">&lt;0,1 g<\/td>\n<td class=\"column\" data-v-f683cf68=\"\">&lt;0,1 g<\/td>\n<\/tr>\n<\/tbody>\n<\/table>\n<\/div>\n<div data-v-410e9d19=\"\">\n<div data-v-410e9d19=\"\"><\/div>\n<div id=\"jum-collapsible-0\" class=\"content\" data-v-410e9d19=\"\"><span style=\"font-size: 20.16px;\">Produktinformation Leffe Brown Belgian Abbey Bierdosen<\/span><\/div>\n<div data-v-410e9d19=\"\"><\/div>\n<\/div>\n<div data-v-410e9d19=\"\">Belgisches <a href=\"https:\/\/realdutchfood.com\/de\/biere\/\">Bier<\/a><\/div>\n<\/div>\n<div class=\"jum-collapsible open\" data-v-410e9d19=\"\" data-v-6d4f1d38=\"\">\n<div data-v-410e9d19=\"\">\n<div id=\"jum-collapsible-2\" class=\"content\" data-v-410e9d19=\"\">\n<div class=\"mb\">\n<p class=\"block\">Alkoholgehalt: 6,5%.<\/p>\n<\/div>\n<\/div>\n<\/div>\n<\/div>\n<div class=\"jum-collapsible open\" data-v-410e9d19=\"\" data-v-1fa7cae0=\"\" data-v-6d4f1d38=\"\">\n<div class=\"title-wrapper\" data-v-410e9d19=\"\"><span style=\"font-size: 20.16px;\">\u00dcber den Hersteller<\/span><\/div>\n<\/div>\n<div class=\"jum-collapsible open\" data-v-410e9d19=\"\" data-v-6d4f1d38=\"\">\n<div class=\"title-wrapper\" data-v-410e9d19=\"\">\n<div data-v-410e9d19=\"\"><\/div>\n<div data-v-410e9d19=\"\">\n<p><strong data-testid=\"manufacturer-address\">Adresse <\/strong>Gebraut f\u00fcr Br. Abbaye de Leffe n.v.Place de I&#8217;Abbaye 12, B-5500 Dinant, Belgien.<\/p>\n<p><strong>Telefonnummer <\/strong>0800\/0230945<\/p>\n<\/div>\n<\/div>\n<div data-v-410e9d19=\"\">\n<div id=\"jum-collapsible-6\" class=\"content\" data-v-410e9d19=\"\">\n<p><strong>Herkunftsland<\/strong><\/p>\n<p>Belgien<\/p>\n<\/div>\n<\/div>\n<\/div>\n<\/div>\n","protected":false},"excerpt":{"rendered":"<p>Zutaten Wasser, Gerstenmalz, Mais, Gerste, Zucker, Hopfen Allergene Enth\u00e4lt: Gerste N\u00e4hrwerte N\u00e4hrwerte pro 100 ml pro 330 ml Energie 240 kJ\/57 kcal 791 kJ\/189 kcal Fette 0 g 0 g Davon ges\u00e4ttigte Fetts\u00e4uren 0 g 0 g Kohlenhydrate ca. 5,4 g ca. 18,0 g Davon Zucker 0,7 g ca. 2,3 g Proteine 0,5 g ca. [&#8230;]\n","protected":false},"featured_media":170949,"template":"","meta":{"_acf_changed":false,"_aipt_faq_data":""},"product_brand":[16041],"product_cat":[14471,14468],"product_tag":[],"class_list":{"0":"post-170946","1":"product","2":"type-product","3":"status-publish","4":"has-post-thumbnail","6":"product_brand-leffe-de","7":"product_cat-biere","8":"product_cat-getraenke","9":"pa_artikelnummer-2061-de","11":"first","12":"onbackorder","13":"taxable","14":"shipping-taxable","15":"purchasable","16":"product-type-simple"},"bundled_by":[],"bundle_stock_status":"onbackorder","bundle_stock_quantity":null,"bundle_virtual":false,"bundle_layout":"","bundle_add_to_cart_form_location":"","bundle_editable_in_cart":false,"bundle_sold_individually_context":"","bundle_item_grouping":"","bundle_min_size":"","bundle_max_size":"","bundle_price":[],"bundled_items":[],"bundle_sell_ids":[],"acf":{"content":"6 x 33 cl"},"_links":{"self":[{"href":"https:\/\/realdutchfood.com\/de\/wp-json\/wp\/v2\/product\/170946","targetHints":{"allow":["GET"]}}],"collection":[{"href":"https:\/\/realdutchfood.com\/de\/wp-json\/wp\/v2\/product"}],"about":[{"href":"https:\/\/realdutchfood.com\/de\/wp-json\/wp\/v2\/types\/product"}],"wp:featuredmedia":[{"embeddable":true,"href":"https:\/\/realdutchfood.com\/de\/wp-json\/wp\/v2\/media\/170949"}],"wp:attachment":[{"href":"https:\/\/realdutchfood.com\/de\/wp-json\/wp\/v2\/media?parent=170946"}],"wp:term":[{"taxonomy":"product_brand","embeddable":true,"href":"https:\/\/realdutchfood.com\/de\/wp-json\/wp\/v2\/product_brand?post=170946"},{"taxonomy":"product_cat","embeddable":true,"href":"https:\/\/realdutchfood.com\/de\/wp-json\/wp\/v2\/product_cat?post=170946"},{"taxonomy":"product_tag","embeddable":true,"href":"https:\/\/realdutchfood.com\/de\/wp-json\/wp\/v2\/product_tag?post=170946"}],"curies":[{"name":"wp","href":"https:\/\/api.w.org\/{rel}","templated":true}]}}