{"id":170952,"date":"2024-07-09T19:31:38","date_gmt":"2024-07-09T17:31:38","guid":{"rendered":"https:\/\/realdutchfood.com\/?post_type=product&#038;p=170952"},"modified":"2024-07-09T19:45:26","modified_gmt":"2024-07-09T17:45:26","slug":"grolsch-alkoholfreies-bier-0-0-dosen","status":"publish","type":"product","link":"https:\/\/realdutchfood.com\/de\/grolsch-alkoholfreies-bier-0-0-dosen\/","title":{"rendered":"Grolsch Alkoholfreies Bier 0,0 Dosen"},"content":{"rendered":"<div class=\"product-information\" data-v-482e2c3e=\"\" data-v-3182fe77=\"\" data-v-9a1c6174=\"\">\n<div class=\"jum-collapsible open\" data-testid=\"jum-collapsible\" data-v-ea0b8f00=\"\" data-v-482e2c3e=\"\">\n<div class=\"title-wrapper\" data-v-ea0b8f00=\"\">\n<h3 class=\"title\">Zutaten Grolsch Alkoholfreies Bier 0,0 Dosen<\/h3>\n<\/div>\n<div data-v-ea0b8f00=\"\">\n<div id=\"jum-collapsible-0\" class=\"content\" data-v-ea0b8f00=\"\">\n<p>Wasser, <strong>Gerstenmalz<\/strong>, Hopfen und nat\u00fcrliche Aromen<\/p>\n<\/div>\n<\/div>\n<\/div>\n<div class=\"jum-collapsible nutritions open\" data-testid=\"jum-collapsible\" data-v-ea0b8f00=\"\" data-v-038af5f8=\"\" data-v-482e2c3e=\"\">\n<div class=\"title-wrapper\" data-v-ea0b8f00=\"\">\n<h3 class=\"title\">N\u00e4hrwerte<\/h3>\n<table class=\"striped jum-table\" data-testid=\"nutritional-values-table-content\" data-v-b9926f77=\"\" data-v-f683cf68=\"\">\n<tbody>\n<tr class=\"header-row\" data-v-b9926f77=\"\">\n<th class=\"header-column\" data-v-b9926f77=\"\">N\u00e4hrwerte<\/th>\n<th class=\"header-column\" data-v-b9926f77=\"\">Pro 100 ml<\/th>\n<\/tr>\n<\/tbody>\n<tbody data-v-f683cf68=\"\">\n<tr class=\"row\" data-v-f683cf68=\"\">\n<td class=\"column\" data-v-f683cf68=\"\">Energie<\/td>\n<td class=\"column\" data-v-f683cf68=\"\">98 kJ \/ 23 kcal<\/td>\n<\/tr>\n<tr class=\"row\" data-v-f683cf68=\"\">\n<td class=\"column\" data-v-f683cf68=\"\">Fette<\/td>\n<td class=\"column\" data-v-f683cf68=\"\">0 g<\/td>\n<\/tr>\n<tr class=\"row\" data-v-f683cf68=\"\">\n<td class=\"column\" data-v-f683cf68=\"\">Davon ges\u00e4ttigt<\/td>\n<td class=\"column\" data-v-f683cf68=\"\">0 g<\/td>\n<\/tr>\n<tr class=\"row\" data-v-f683cf68=\"\">\n<td class=\"column\" data-v-f683cf68=\"\">Kohlenhydrate<\/td>\n<td class=\"column\" data-v-f683cf68=\"\">ca. 5,7 g<\/td>\n<\/tr>\n<tr class=\"row\" data-v-f683cf68=\"\">\n<td class=\"column\" data-v-f683cf68=\"\">Davon Zucker<\/td>\n<td class=\"column\" data-v-f683cf68=\"\">ca. 3,0 g<\/td>\n<\/tr>\n<tr class=\"row\" data-v-f683cf68=\"\">\n<td class=\"column\" data-v-f683cf68=\"\">Proteine<\/td>\n<td class=\"column\" data-v-f683cf68=\"\">0,3 g<\/td>\n<\/tr>\n<tr class=\"row\" data-v-f683cf68=\"\">\n<td class=\"column\" data-v-f683cf68=\"\">Salz<\/td>\n<td class=\"column\" data-v-f683cf68=\"\">&lt;0,01 g<\/td>\n<\/tr>\n<\/tbody>\n<\/table>\n<\/div>\n<\/div>\n<div class=\"jum-collapsible open\" data-testid=\"jum-collapsible\" data-v-ea0b8f00=\"\" data-v-482e2c3e=\"\">\n<div class=\"title-wrapper\" data-v-ea0b8f00=\"\">\n<h3 class=\"title\">Produktinformation<\/h3>\n<\/div>\n<div data-v-ea0b8f00=\"\">\n<div id=\"jum-collapsible-2\" class=\"content collapsible-enter-active collapsible-enter-to\" data-v-ea0b8f00=\"\">\n<div class=\"mb\">\n<p class=\"block\"><a href=\"https:\/\/realdutchfood.com\/de\/biere\/\">BIER.<\/a> Alkoholfrei<\/p>\n<p class=\"block\">Dank einer einzigartigen Hefesorte und modernster Brautechnik ist dieses Bier alkoholfrei und beh\u00e4lt gleichzeitig einen vollen, frischen Geschmack. Grolsch 0,0% ist somit der perfekte Durstl\u00f6scher f\u00fcr jeden Moment.<br \/>\n\u2022Alkoholfrei<br \/>\n\u2022 Kalorienarm<br \/>\n\u2022 Gebr\u00fcht mit nur nat\u00fcrlichen Zutaten<br \/>\n\u2022 Praktisch in einer Dose, so dass kein \u00d6ffner ben\u00f6tigt wird!<\/p>\n<p>Grolsch 0,0% Bier wird mit sorgf\u00e4ltig ausgew\u00e4hltem Gerstenmalz, 2 Hopfensorten und unserem sprudelnden Quellwasser gebraut. Dank einer einzigartigen Hefesorte und modernster Brautechnik ist dieses Bier alkoholfrei und beh\u00e4lt gleichzeitig einen vollen, frischen Geschmack. Grolsch 0,0% ist somit der perfekte Durstl\u00f6scher f\u00fcr jeden Moment.<\/p>\n<\/div>\n<\/div>\n<\/div>\n<\/div>\n<div class=\"jum-collapsible open\" data-testid=\"jum-collapsible\" data-v-ea0b8f00=\"\" data-v-1fa7cae0=\"\" data-v-482e2c3e=\"\">\n<div class=\"title-wrapper\" data-v-ea0b8f00=\"\">\n<h3 class=\"title\">Allergenwarnhinweise Grolsch alkoholfreies Bier 0,0 Dosen<\/h3>\n<\/div>\n<div data-v-ea0b8f00=\"\">\n<div id=\"jum-collapsible-3\" class=\"content\" data-v-ea0b8f00=\"\"><strong style=\"color: #555555;\" data-v-cfe264b1=\"\">Enth\u00e4lt: <\/strong><span style=\"color: #555555;\" data-v-cfe264b1=\"\">Gerste<\/span><\/div>\n<\/div>\n<\/div>\n<div class=\"jum-collapsible open\" data-testid=\"jum-collapsible\" data-v-ea0b8f00=\"\" data-v-482e2c3e=\"\">\n<h3 class=\"title\">\u00dcber den Hersteller<\/h3>\n<p><strong data-testid=\"manufacturer-website\">Website<\/strong><\/p>\n<p>WWW.GROLSCH.NL<\/p>\n<p><strong data-testid=\"manufacturer-address\">Adresse<\/strong><\/p>\n<p>KONINKLIJKE GROLSCH, BROUWERSLAAN 1. ENSCHEDE.<\/p>\n<p><strong>Telefonnummer<\/strong><\/p>\n<p>0800-7770888<\/p>\n<\/div>\n<\/div>\n","protected":false},"excerpt":{"rendered":"<p>Zutaten Grolsch Alkoholfreies Bier 0,0 Dosen Wasser, Gerstenmalz, Hopfen und nat\u00fcrliche Aromen N\u00e4hrwerte N\u00e4hrwerte Pro 100 ml Energie 98 kJ \/ 23 kcal Fette 0 g Davon ges\u00e4ttigt 0 g Kohlenhydrate ca. 5,7 g Davon Zucker ca. 3,0 g Proteine 0,3 g Salz &lt;0,01 g Produktinformation BIER. Alkoholfrei Dank einer einzigartigen Hefesorte und modernster Brautechnik [&#8230;]\n","protected":false},"featured_media":170955,"template":"","meta":{"_acf_changed":false,"_aipt_faq_data":""},"product_brand":[15511],"product_cat":[14471,14468],"product_tag":[],"class_list":{"0":"post-170952","1":"product","2":"type-product","3":"status-publish","4":"has-post-thumbnail","6":"product_brand-grolsch-de","7":"product_cat-biere","8":"product_cat-getraenke","9":"pa_artikelnummer-2050-de","11":"first","12":"onbackorder","13":"taxable","14":"shipping-taxable","15":"purchasable","16":"product-type-simple"},"bundled_by":[],"bundle_stock_status":"onbackorder","bundle_stock_quantity":1,"bundle_virtual":false,"bundle_layout":"","bundle_add_to_cart_form_location":"","bundle_editable_in_cart":false,"bundle_sold_individually_context":"","bundle_item_grouping":"","bundle_min_size":"","bundle_max_size":"","bundle_price":[],"bundled_items":[],"bundle_sell_ids":[],"acf":{"content":"6 x 33 cl"},"_links":{"self":[{"href":"https:\/\/realdutchfood.com\/de\/wp-json\/wp\/v2\/product\/170952","targetHints":{"allow":["GET"]}}],"collection":[{"href":"https:\/\/realdutchfood.com\/de\/wp-json\/wp\/v2\/product"}],"about":[{"href":"https:\/\/realdutchfood.com\/de\/wp-json\/wp\/v2\/types\/product"}],"wp:featuredmedia":[{"embeddable":true,"href":"https:\/\/realdutchfood.com\/de\/wp-json\/wp\/v2\/media\/170955"}],"wp:attachment":[{"href":"https:\/\/realdutchfood.com\/de\/wp-json\/wp\/v2\/media?parent=170952"}],"wp:term":[{"taxonomy":"product_brand","embeddable":true,"href":"https:\/\/realdutchfood.com\/de\/wp-json\/wp\/v2\/product_brand?post=170952"},{"taxonomy":"product_cat","embeddable":true,"href":"https:\/\/realdutchfood.com\/de\/wp-json\/wp\/v2\/product_cat?post=170952"},{"taxonomy":"product_tag","embeddable":true,"href":"https:\/\/realdutchfood.com\/de\/wp-json\/wp\/v2\/product_tag?post=170952"}],"curies":[{"name":"wp","href":"https:\/\/api.w.org\/{rel}","templated":true}]}}