{"id":171354,"date":"2024-07-29T15:21:05","date_gmt":"2024-07-29T13:21:05","guid":{"rendered":"https:\/\/realdutchfood.com\/?post_type=product&#038;p=171354"},"modified":"2024-07-29T15:59:09","modified_gmt":"2024-07-29T13:59:09","slug":"grolsch-citroen-radler-bier-0-0-dosen","status":"publish","type":"product","link":"https:\/\/realdutchfood.com\/de\/grolsch-citroen-radler-bier-0-0-dosen\/","title":{"rendered":"Grolsch Citroen Radler Bier 0.0 Dosen"},"content":{"rendered":"<div class=\"product-information\" data-v-482e2c3e=\"\" data-v-3182fe77=\"\" data-v-9a1c6174=\"\">\n<div class=\"jum-collapsible open\" data-testid=\"jum-collapsible\" data-v-ea0b8f00=\"\" data-v-482e2c3e=\"\">\n<div class=\"title-wrapper\" data-v-ea0b8f00=\"\">\n<h3 class=\"title\">Zutaten Grolsch Citroen Radler Bier 0.0 Dosen<\/h3>\n<\/div>\n<div data-v-ea0b8f00=\"\">\n<div id=\"jum-collapsible-0\" class=\"content\" data-v-ea0b8f00=\"\">Wasser, <strong>Gerstenmalz<\/strong>, Fruktosesirup, Fruchtsaft aus Konzentrat 5,0% (Zitronensaft 4,0%, Orangensaft), nat\u00fcrliches Aroma, Stabilisator: Johannisbrotkernmehl, Hopfen<\/div>\n<\/div>\n<\/div>\n<div class=\"jum-collapsible nutritions open\" data-testid=\"jum-collapsible\" data-v-ea0b8f00=\"\" data-v-038af5f8=\"\" data-v-482e2c3e=\"\">\n<div class=\"title-wrapper\" data-v-ea0b8f00=\"\">\n<h3 class=\"title\">N\u00e4hrwerte<\/h3>\n<table class=\"striped jum-table\" data-testid=\"nutritional-values-table-content\" data-v-b9926f77=\"\" data-v-f683cf68=\"\">\n<tbody>\n<tr class=\"header-row\" data-v-b9926f77=\"\">\n<th class=\"header-column\" data-v-b9926f77=\"\">N\u00e4hrwerte<\/th>\n<th class=\"header-column\" data-v-b9926f77=\"\">Pro 100 ml<\/th>\n<\/tr>\n<\/tbody>\n<tbody data-v-f683cf68=\"\">\n<tr class=\"row\" data-v-f683cf68=\"\">\n<td class=\"column\" data-v-f683cf68=\"\">Energie<\/td>\n<td class=\"column\" data-v-f683cf68=\"\">124 kJ \/ 30 kcal<\/td>\n<\/tr>\n<tr class=\"row\" data-v-f683cf68=\"\">\n<td class=\"column\" data-v-f683cf68=\"\">Fette<\/td>\n<td class=\"column\" data-v-f683cf68=\"\">0 g<\/td>\n<\/tr>\n<tr class=\"row\" data-v-f683cf68=\"\">\n<td class=\"column\" data-v-f683cf68=\"\">Davon ges\u00e4ttigte Fetts\u00e4uren<\/td>\n<td class=\"column\" data-v-f683cf68=\"\">0 g<\/td>\n<\/tr>\n<tr class=\"row\" data-v-f683cf68=\"\">\n<td class=\"column\" data-v-f683cf68=\"\">Kohlenhydrate<\/td>\n<td class=\"column\" data-v-f683cf68=\"\">6,8 g<\/td>\n<\/tr>\n<tr class=\"row\" data-v-f683cf68=\"\">\n<td class=\"column\" data-v-f683cf68=\"\">Davon Zucker<\/td>\n<td class=\"column\" data-v-f683cf68=\"\">3,9 g<\/td>\n<\/tr>\n<tr class=\"row\" data-v-f683cf68=\"\">\n<td class=\"column\" data-v-f683cf68=\"\">Eiwei\u00df<\/td>\n<td class=\"column\" data-v-f683cf68=\"\">0,4 g<\/td>\n<\/tr>\n<tr class=\"row\" data-v-f683cf68=\"\">\n<td class=\"column\" data-v-f683cf68=\"\">Salz<\/td>\n<td class=\"column\" data-v-f683cf68=\"\">&lt;0,01 g<\/td>\n<\/tr>\n<\/tbody>\n<\/table>\n<\/div>\n<\/div>\n<div class=\"jum-collapsible open\" data-testid=\"jum-collapsible\" data-v-ea0b8f00=\"\" data-v-482e2c3e=\"\">\n<div class=\"title-wrapper\" data-v-ea0b8f00=\"\">\n<h3 class=\"title\">Produktinformation Grolsch Citroen Radler Bier 0.0 Dosen<\/h3>\n<\/div>\n<div data-v-ea0b8f00=\"\">\n<div id=\"jum-collapsible-2\" class=\"content collapsible-enter-active collapsible-enter-to\" data-v-ea0b8f00=\"\">\n<div class=\"mb\">\n<p class=\"block\"><a href=\"https:\/\/realdutchfood.com\/de\/biere\/\">Bier<\/a> mit Zitronengeschmack, alkoholfrei.<\/p>\n<p class=\"block\">Dank einer einzigartigen Hefesorte und modernster Brautechnik ist dieses Bier alkoholfrei und beh\u00e4lt gleichzeitig einen vollen, frischen Geschmack. Grolsch 0,0% ist somit der perfekte Durstl\u00f6scher f\u00fcr jeden Moment. \u2022 Alkoholfrei \u2022 Kalorienarm \u2022 Nur mit nat\u00fcrlichen Zutaten gebr\u00fcht \u2022 Praktisch in Dosen, daher kein \u00d6ffner erforderlich!<\/p>\n<p>Grolsch 0,0% Bier wird mit sorgf\u00e4ltig ausgew\u00e4hltem Gerstenmalz, 2 Hopfensorten und unserem sprudelnden Quellwasser gebraut. Dank einer einzigartigen Hefesorte und modernster Brautechnik ist dieses Bier alkoholfrei und beh\u00e4lt gleichzeitig einen vollen, frischen Geschmack. Grolsch 0,0% ist somit der perfekte Durstl\u00f6scher f\u00fcr jeden Moment.<\/p>\n<\/div>\n<\/div>\n<\/div>\n<\/div>\n<div class=\"jum-collapsible open\" data-testid=\"jum-collapsible\" data-v-ea0b8f00=\"\" data-v-1fa7cae0=\"\" data-v-482e2c3e=\"\">\n<div class=\"title-wrapper\" data-v-ea0b8f00=\"\">\n<h3 class=\"title\">Allergenwarnhinweise Grolsch Citroen Radler Bier 0.0 Dosen<\/h3>\n<\/div>\n<div data-v-ea0b8f00=\"\">\n<div id=\"jum-collapsible-3\" class=\"content\" data-v-ea0b8f00=\"\"><strong style=\"color: #555555;\" data-v-cfe264b1=\"\">Enth\u00e4lt: <\/strong><span style=\"color: #555555;\" data-v-cfe264b1=\"\">Gerste<\/span><\/div>\n<\/div>\n<\/div>\n<div class=\"jum-collapsible open\" data-testid=\"jum-collapsible\" data-v-ea0b8f00=\"\" data-v-482e2c3e=\"\">\n<h3 class=\"title\">\u00dcber den Hersteller<\/h3>\n<p><strong data-testid=\"manufacturer-website\">Website<\/strong> WWW.GROLSCH.NL <strong data-testid=\"manufacturer-address\">Adresse<\/strong> KONINKLIJKE GROLSCH, BROUWERSLAAN 1. ENSCHEDE. <strong>Tel.<\/strong> 0800-7770888<\/p>\n<\/div>\n<\/div>\n","protected":false},"excerpt":{"rendered":"<p>Zutaten Grolsch Citroen Radler Bier 0.0 Dosen Wasser, Gerstenmalz, Fruktosesirup, Fruchtsaft aus Konzentrat 5,0% (Zitronensaft 4,0%, Orangensaft), nat\u00fcrliches Aroma, Stabilisator: Johannisbrotkernmehl, Hopfen N\u00e4hrwerte N\u00e4hrwerte Pro 100 ml Energie 124 kJ \/ 30 kcal Fette 0 g Davon ges\u00e4ttigte Fetts\u00e4uren 0 g Kohlenhydrate 6,8 g Davon Zucker 3,9 g Eiwei\u00df 0,4 g Salz &lt;0,01 g Produktinformation [&#8230;]\n","protected":false},"featured_media":171357,"template":"","meta":{"_acf_changed":false,"_aipt_faq_data":""},"product_brand":[15511],"product_cat":[14471,14468],"product_tag":[],"class_list":{"0":"post-171354","1":"product","2":"type-product","3":"status-publish","4":"has-post-thumbnail","6":"product_brand-grolsch-de","7":"product_cat-biere","8":"product_cat-getraenke","9":"pa_artikelnummer-2050-de","11":"first","12":"onbackorder","13":"taxable","14":"shipping-taxable","15":"purchasable","16":"product-type-simple"},"bundled_by":[],"bundle_stock_status":"onbackorder","bundle_stock_quantity":null,"bundle_virtual":false,"bundle_layout":"","bundle_add_to_cart_form_location":"","bundle_editable_in_cart":false,"bundle_sold_individually_context":"","bundle_item_grouping":"","bundle_min_size":"","bundle_max_size":"","bundle_price":[],"bundled_items":[],"bundle_sell_ids":[],"acf":{"content":"6 x 33 cl"},"_links":{"self":[{"href":"https:\/\/realdutchfood.com\/de\/wp-json\/wp\/v2\/product\/171354","targetHints":{"allow":["GET"]}}],"collection":[{"href":"https:\/\/realdutchfood.com\/de\/wp-json\/wp\/v2\/product"}],"about":[{"href":"https:\/\/realdutchfood.com\/de\/wp-json\/wp\/v2\/types\/product"}],"wp:featuredmedia":[{"embeddable":true,"href":"https:\/\/realdutchfood.com\/de\/wp-json\/wp\/v2\/media\/171357"}],"wp:attachment":[{"href":"https:\/\/realdutchfood.com\/de\/wp-json\/wp\/v2\/media?parent=171354"}],"wp:term":[{"taxonomy":"product_brand","embeddable":true,"href":"https:\/\/realdutchfood.com\/de\/wp-json\/wp\/v2\/product_brand?post=171354"},{"taxonomy":"product_cat","embeddable":true,"href":"https:\/\/realdutchfood.com\/de\/wp-json\/wp\/v2\/product_cat?post=171354"},{"taxonomy":"product_tag","embeddable":true,"href":"https:\/\/realdutchfood.com\/de\/wp-json\/wp\/v2\/product_tag?post=171354"}],"curies":[{"name":"wp","href":"https:\/\/api.w.org\/{rel}","templated":true}]}}