{"id":171479,"date":"2024-08-04T17:23:26","date_gmt":"2024-08-04T15:23:26","guid":{"rendered":"https:\/\/realdutchfood.com\/?post_type=product&#038;p=171479"},"modified":"2024-08-04T17:42:33","modified_gmt":"2024-08-04T15:42:33","slug":"la-trappe-quadrupel","status":"publish","type":"product","link":"https:\/\/realdutchfood.com\/de\/la-trappe-quadrupel\/","title":{"rendered":"La Trappe Quadrupel"},"content":{"rendered":"<h3>Detaillierte Produktinformationen von: La Trappe Quadrupel<\/h3>\n<div class=\"jum-nutritional-info jum-product-info-item\"><\/div>\n<div class=\"jum-product-allergy-info jum-product-info-item\">\n<div class=\"jum-collapsible open\" data-v-410e9d19=\"\" data-v-6d4f1d38=\"\">\n<div class=\"title-wrapper\" data-v-410e9d19=\"\">\n<h3 class=\"title\">Produktbeschreibung<\/h3>\n<\/div>\n<div data-v-410e9d19=\"\">\n<div id=\"jum-collapsible-0\" class=\"content\" data-v-410e9d19=\"\">\n<div class=\"mb\">\n<div data-v-7a67f0b1=\"\">\n<div id=\"jum-collapsible-1\" class=\"content\" data-v-7a67f0b1=\"\">\n<div class=\"mb\">\n<p class=\"block\">Bierspezialit\u00e4t.<\/p>\n<p class=\"block\" data-v-24343815=\"\">La Trappe Quadrupel ist ein charaktervolles Trappistenbier. Ein warmer Vierer mit cremefarbener Schaumkrone. Der vollmundige, w\u00e4rmende und intensive Geschmack ist malzig mit s\u00fc\u00dfen Noten von Dattel und Karamell.<\/p>\n<p>Einzigartiges Trappistenbier, das unter der Aufsicht der M\u00f6nche gebraut wurde Ausgezeichnet mit Silber (2021, 2022) bei der Dutch Beer Challenge Geschmackspalette: Dunkle, schwere, warme und s\u00fc\u00dfe Noten K\u00f6stlich zu: Eint\u00f6pfen, Spareribs, Blauschimmelk\u00e4se, dunkler Schokolade und Kaffee<\/p>\n<p class=\"block\" data-v-24343815=\"\">Alkoholgehalt: 10%.<\/p>\n<h3>Zutaten<\/h3>\n<p>Wasser <strong>Gerstenmalz<\/strong>, Glukosesirup, Hopfen, Hefe, Zucker<\/p>\n<\/div>\n<\/div>\n<\/div>\n<\/div>\n<\/div>\n<\/div>\n<\/div>\n<div class=\"jum-collapsible open\" data-v-410e9d19=\"\" data-v-6d4f1d38=\"\">\n<div class=\"title-wrapper\" data-v-410e9d19=\"\">\n<h3>Allergen-Warnungen<\/h3>\n<div data-v-7a67f0b1=\"\">\n<div id=\"jum-collapsible-2\" class=\"content\" data-v-7a67f0b1=\"\">\n<p class=\"jum-heading h6\" data-testid=\"jum-heading\"><strong>Enth\u00e4lt:<\/strong><\/p>\n<p>Gerste<\/p>\n<\/div>\n<\/div>\n<\/div>\n<\/div>\n<div class=\"jum-collapsible open\" data-v-410e9d19=\"\" data-v-6d4f1d38=\"\">\n<div data-v-410e9d19=\"\">\n<div id=\"jum-collapsible-2\" class=\"content\" data-v-410e9d19=\"\">\n<p><span style=\"font-size: 20.16px; color: #333333;\">\u00dcber den Hersteller<\/span><\/p>\n<\/div>\n<\/div>\n<\/div>\n<div class=\"jum-collapsible open\" data-v-410e9d19=\"\" data-v-6d4f1d38=\"\">\n<div data-v-410e9d19=\"\">\n<div class=\"content\" data-v-410e9d19=\"\">\n<div data-v-7a67f0b1=\"\">\n<div id=\"jum-collapsible-5\" class=\"content\" data-v-7a67f0b1=\"\">\n<p><strong>Marke<\/strong> La Trappe Trappist wird seit 1884 von der Bierbrouwerij de Koningshoeven auf dem Gel\u00e4nde der Zisterzienserabtei Unserer Lieben Frau von Koningshoeven in Berkel-Enschot gebraut. Mit Aufmerksamkeit, Leidenschaft und traditioneller Handwerkskunst werden einzigartige Biere nach den geheimen Rezepten der Trappistenm\u00f6nche kreiert. <strong data-testid=\"manufacturer-address\">Adresse<\/strong> Gebraut und abgef\u00fcllt von: Bierbrouwerij de Koningshoeven B.V., Eindhovenseweg 3, 5056 RP Berkel-Enschot, NL<\/p>\n<\/div>\n<\/div>\n<\/div>\n<\/div>\n<\/div>\n<div class=\"jum-collapsible open\" data-v-410e9d19=\"\" data-v-6d4f1d38=\"\">\n<div class=\"title-wrapper\" data-v-410e9d19=\"\">\n<h3 class=\"title\">Ursprung<\/h3>\n<\/div>\n<div data-v-410e9d19=\"\">\n<div id=\"jum-collapsible-4\" class=\"content\" data-v-410e9d19=\"\"><strong>Herkunftsland<\/strong><\/div>\n<div class=\"content\" data-v-410e9d19=\"\">Niederlande<\/div>\n<\/div>\n<\/div>\n<\/div>\n","protected":false},"excerpt":{"rendered":"<p>Detaillierte Produktinformationen von: La Trappe Quadrupel Produktbeschreibung Bierspezialit\u00e4t. La Trappe Quadrupel ist ein charaktervolles Trappistenbier. Ein warmer Vierer mit cremefarbener Schaumkrone. Der vollmundige, w\u00e4rmende und intensive Geschmack ist malzig mit s\u00fc\u00dfen Noten von Dattel und Karamell. Einzigartiges Trappistenbier, das unter der Aufsicht der M\u00f6nche gebraut wurde Ausgezeichnet mit Silber (2021, 2022) bei der Dutch Beer [&#8230;]\n","protected":false},"featured_media":171482,"template":"","meta":{"_acf_changed":false,"_aipt_faq_data":""},"product_brand":[14481],"product_cat":[14471,14468],"product_tag":[],"class_list":{"0":"post-171479","1":"product","2":"type-product","3":"status-publish","4":"has-post-thumbnail","6":"product_brand-la-trappe-de","7":"product_cat-biere","8":"product_cat-getraenke","9":"pa_artikelnummer-7078-de","11":"first","12":"onbackorder","13":"taxable","14":"shipping-taxable","15":"purchasable","16":"product-type-simple"},"bundled_by":[],"bundle_stock_status":"onbackorder","bundle_stock_quantity":null,"bundle_virtual":false,"bundle_layout":"","bundle_add_to_cart_form_location":"","bundle_editable_in_cart":false,"bundle_sold_individually_context":"","bundle_item_grouping":"","bundle_min_size":"","bundle_max_size":"","bundle_price":[],"bundled_items":[],"bundle_sell_ids":[],"acf":{"content":"4 x 330 cl"},"_links":{"self":[{"href":"https:\/\/realdutchfood.com\/de\/wp-json\/wp\/v2\/product\/171479","targetHints":{"allow":["GET"]}}],"collection":[{"href":"https:\/\/realdutchfood.com\/de\/wp-json\/wp\/v2\/product"}],"about":[{"href":"https:\/\/realdutchfood.com\/de\/wp-json\/wp\/v2\/types\/product"}],"wp:featuredmedia":[{"embeddable":true,"href":"https:\/\/realdutchfood.com\/de\/wp-json\/wp\/v2\/media\/171482"}],"wp:attachment":[{"href":"https:\/\/realdutchfood.com\/de\/wp-json\/wp\/v2\/media?parent=171479"}],"wp:term":[{"taxonomy":"product_brand","embeddable":true,"href":"https:\/\/realdutchfood.com\/de\/wp-json\/wp\/v2\/product_brand?post=171479"},{"taxonomy":"product_cat","embeddable":true,"href":"https:\/\/realdutchfood.com\/de\/wp-json\/wp\/v2\/product_cat?post=171479"},{"taxonomy":"product_tag","embeddable":true,"href":"https:\/\/realdutchfood.com\/de\/wp-json\/wp\/v2\/product_tag?post=171479"}],"curies":[{"name":"wp","href":"https:\/\/api.w.org\/{rel}","templated":true}]}}