{"id":171544,"date":"2024-08-06T19:47:00","date_gmt":"2024-08-06T17:47:00","guid":{"rendered":"https:\/\/realdutchfood.com\/?post_type=product&#038;p=171544"},"modified":"2024-08-08T18:26:47","modified_gmt":"2024-08-08T16:26:47","slug":"verkade-sprits-double-choco","status":"publish","type":"product","link":"https:\/\/realdutchfood.com\/de\/verkade-sprits-double-choco\/","title":{"rendered":"Verkade Sprits Double Choco"},"content":{"rendered":"<div class=\"large-6 columns\">\n<div class=\"jum-nutritional-info jum-product-info-item col-12\">\n<h3>Produktbeschreibung zu: Verkade Sprits Double Choco<\/h3>\n<p class=\"block\" data-v-24343815=\"\">Die Kekse mit Schokoladenst\u00fcckchen und einer Schicht Milchschokolade bestreuen.<\/p>\n<p class=\"block\" data-v-24343815=\"\">NoboSprits Double Chocolate ist extra mit Kakao und dunklen Verkade-Schokoladenst\u00fcckchen im Kuchen angereichert und mit einer Schicht der wirklich leckeren Milchschokolade von Verkade \u00fcberzogen. Verdoppeln Sie die Menge an Schokolade!<\/p>\n<\/div>\n<div class=\"jum-nutritional-info jum-product-info-item col-12\">\n<h3>N\u00e4hrwerte<\/h3>\n<table class=\"striped jum-table\" data-testid=\"nutritional-values-table-content\" data-v-b9926f77=\"\" data-v-f683cf68=\"\">\n<tbody>\n<tr class=\"header-row\" data-v-b9926f77=\"\">\n<th class=\"header-column\" data-v-b9926f77=\"\">N\u00e4hrwerte<\/th>\n<th class=\"header-column\" data-v-b9926f77=\"\">pro 100g<\/th>\n<th class=\"header-column\" data-v-b9926f77=\"\">pro Portion (16,7g)**<\/th>\n<\/tr>\n<\/tbody>\n<tbody data-v-f683cf68=\"\">\n<tr class=\"row\" data-v-f683cf68=\"\">\n<td class=\"column\" data-v-f683cf68=\"\">Energie<\/td>\n<td class=\"column\" data-v-f683cf68=\"\">2230 kJ<\/td>\n<td class=\"column\" data-v-f683cf68=\"\">372 kJ<\/td>\n<\/tr>\n<tr class=\"row\" data-v-f683cf68=\"\">\n<td class=\"column\" data-v-f683cf68=\"\"><\/td>\n<td class=\"column\" data-v-f683cf68=\"\">534 kcal<\/td>\n<td class=\"column\" data-v-f683cf68=\"\">89 kcal<\/td>\n<\/tr>\n<tr class=\"row\" data-v-f683cf68=\"\">\n<td class=\"column\" data-v-f683cf68=\"\">Fett<\/td>\n<td class=\"column\" data-v-f683cf68=\"\">31,1 g<\/td>\n<td class=\"column\" data-v-f683cf68=\"\">5,2 g<\/td>\n<\/tr>\n<tr class=\"row\" data-v-f683cf68=\"\">\n<td class=\"column\" data-v-f683cf68=\"\">Davon ges\u00e4ttigt:<\/td>\n<td class=\"column\" data-v-f683cf68=\"\">15,7 g<\/td>\n<td class=\"column\" data-v-f683cf68=\"\">2,6 g<\/td>\n<\/tr>\n<tr class=\"row\" data-v-f683cf68=\"\">\n<td class=\"column\" data-v-f683cf68=\"\">Kohlenhydrate<\/td>\n<td class=\"column\" data-v-f683cf68=\"\">56,4 g<\/td>\n<td class=\"column\" data-v-f683cf68=\"\">9,4 g<\/td>\n<\/tr>\n<tr class=\"row\" data-v-f683cf68=\"\">\n<td class=\"column\" data-v-f683cf68=\"\">Davon Zucker<\/td>\n<td class=\"column\" data-v-f683cf68=\"\">29,4 g<\/td>\n<td class=\"column\" data-v-f683cf68=\"\">4,9 g<\/td>\n<\/tr>\n<tr class=\"row\" data-v-f683cf68=\"\">\n<td class=\"column\" data-v-f683cf68=\"\">Ballaststoffe<\/td>\n<td class=\"column\" data-v-f683cf68=\"\">3,0 g<\/td>\n<td class=\"column\" data-v-f683cf68=\"\">0,5 g<\/td>\n<\/tr>\n<tr class=\"row\" data-v-f683cf68=\"\">\n<td class=\"column\" data-v-f683cf68=\"\">Eiwei\u00df<\/td>\n<td class=\"column\" data-v-f683cf68=\"\">5,7 g<\/td>\n<td class=\"column\" data-v-f683cf68=\"\">0,9 g<\/td>\n<\/tr>\n<tr class=\"row\" data-v-f683cf68=\"\">\n<td class=\"column\" data-v-f683cf68=\"\">Salz<\/td>\n<td class=\"column\" data-v-f683cf68=\"\">0,75 g<\/td>\n<td class=\"column\" data-v-f683cf68=\"\">0,13 g<\/td>\n<\/tr>\n<tr class=\"row\" data-v-f683cf68=\"\">\n<td class=\"column\" colspan=\"3\" data-v-f683cf68=\"\">*Referenzmenge eines durchschnittlichen Erwachsenen (8400 kJ\/ 2000 kcal).<\/td>\n<\/tr>\n<tr class=\"row\" data-v-f683cf68=\"\">\n<td class=\"column\" colspan=\"3\" data-v-f683cf68=\"\">**1 Portion: 1 Keks.<\/td>\n<\/tr>\n<tr class=\"row\" data-v-f683cf68=\"\">\n<td class=\"column\" colspan=\"3\" data-v-f683cf68=\"\">Diese Packung enth\u00e4lt 9 Portionen.<\/td>\n<\/tr>\n<\/tbody>\n<\/table>\n<\/div>\n<div class=\"jum-gda-info jum-product-info-item col-12\">\n<div class=\"jum-gda-info-item\">\n<p>&nbsp;<\/p>\n<\/div>\n<\/div>\n<div class=\"jum-ingredients-info jum-product-info-item col-12\">\n<h3>Zutaten zu: Verkade Sprits Double Choco<\/h3>\n<p><strong>Weizenmehl<\/strong>, pflanzliche Fette und \u00d6le (Palm, Raps), Zucker, <strong>Milchschokolade<\/strong>15% [Zucker, Kakaobutter, Kakaomasse, entrahmt<strong> Milchpulver<\/strong>, wasserfrei <strong>Milc<\/strong>h, Fett, Laktose ( <strong>Milch<\/strong>), Emulgator (<strong> Sojal<\/strong>ecithine), nat\u00fcrliches Vanillearoma], Magerkakaopulver, Schokoladenst\u00fcckchen 2,3% [Zucker, Kakaomasse, Kakaobutter, Emulgator (Lecithine), nat\u00fcrliches Vanillearoma], Kakaonibs, Butter\u00f6l ( <strong>Milch<\/strong>), Molkenpermeatpulver ( <strong>Milch<\/strong>), Salz, Backtriebmittel (Natriumcarbonate, Diphosphate), nat\u00fcrliches Aroma<\/p>\n<\/div>\n<div class=\"jum-product-allergy-info jum-product-info-item col-12\">\n<h3 id=\"jum-allergy-title\" class=\"jum-warning\">Allergiewarnung Verkade Sprits Double Choco<\/h3>\n<div class=\"item\" data-v-cfe264b1=\"\">\n<div class=\"item\" data-v-cfe264b1=\"\"><strong data-v-cfe264b1=\"\">Enth\u00e4lt: <\/strong><span data-v-cfe264b1=\"\">Milch, Weizen, Soja<\/span><\/div>\n<div class=\"item\" data-v-cfe264b1=\"\"><strong data-v-cfe264b1=\"\">Kann enthalten: <\/strong><span data-v-cfe264b1=\"\">N\u00fcsse, Sesam<\/span><\/div>\n<\/div>\n<\/div>\n<\/div>\n<div data-v-cfe264b1=\"\"><\/div>\n<div data-v-cfe264b1=\"\">\n<h3 id=\"jum-allergy-title\" class=\"jum-warning\">\u00dcber den Hersteller<\/h3>\n<p><strong>Marke<\/strong> Seit 1886 ist bei Verkade alles darauf ausgerichtet, die leckersten Kekse und Schokoladen f\u00fcr Millionen von Niederl\u00e4ndern herzustellen. <strong data-testid=\"manufacturer-website\">Webseite<\/strong> www.verkade.nl\/contact <strong data-testid=\"manufacturer-address\">Adresse<\/strong> Koninklijke Verkade N.V. Antwoordnummer 1310, 1500WC Zaandam<\/p>\n<\/div>\n","protected":false},"excerpt":{"rendered":"<p>Produktbeschreibung zu: Verkade Sprits Double Choco Die Kekse mit Schokoladenst\u00fcckchen und einer Schicht Milchschokolade bestreuen. NoboSprits Double Chocolate ist extra mit Kakao und dunklen Verkade-Schokoladenst\u00fcckchen im Kuchen angereichert und mit einer Schicht der wirklich leckeren Milchschokolade von Verkade \u00fcberzogen. Verdoppeln Sie die Menge an Schokolade! N\u00e4hrwerte N\u00e4hrwerte pro 100g pro Portion (16,7g)** Energie 2230 kJ [&#8230;]\n","protected":false},"featured_media":171547,"template":"","meta":{"_acf_changed":false,"_aipt_faq_data":""},"product_brand":[14659],"product_cat":[14606,14525],"product_tag":[],"class_list":{"0":"post-171544","1":"product","2":"type-product","3":"status-publish","4":"has-post-thumbnail","6":"product_brand-verkade-de","7":"product_cat-niederlandische-kekse-snacks","8":"product_cat-susigkeiten-kekse-chips-und-brezeln","9":"pa_artikelnummer-655-de","11":"first","12":"onbackorder","13":"taxable","14":"shipping-taxable","15":"purchasable","16":"product-type-simple"},"bundled_by":[],"bundle_stock_status":"onbackorder","bundle_stock_quantity":null,"bundle_virtual":false,"bundle_layout":"","bundle_add_to_cart_form_location":"","bundle_editable_in_cart":false,"bundle_sold_individually_context":"","bundle_item_grouping":"","bundle_min_size":"","bundle_max_size":"","bundle_price":[],"bundled_items":[],"bundle_sell_ids":[],"acf":{"content":"150 gr"},"_links":{"self":[{"href":"https:\/\/realdutchfood.com\/de\/wp-json\/wp\/v2\/product\/171544","targetHints":{"allow":["GET"]}}],"collection":[{"href":"https:\/\/realdutchfood.com\/de\/wp-json\/wp\/v2\/product"}],"about":[{"href":"https:\/\/realdutchfood.com\/de\/wp-json\/wp\/v2\/types\/product"}],"wp:featuredmedia":[{"embeddable":true,"href":"https:\/\/realdutchfood.com\/de\/wp-json\/wp\/v2\/media\/171547"}],"wp:attachment":[{"href":"https:\/\/realdutchfood.com\/de\/wp-json\/wp\/v2\/media?parent=171544"}],"wp:term":[{"taxonomy":"product_brand","embeddable":true,"href":"https:\/\/realdutchfood.com\/de\/wp-json\/wp\/v2\/product_brand?post=171544"},{"taxonomy":"product_cat","embeddable":true,"href":"https:\/\/realdutchfood.com\/de\/wp-json\/wp\/v2\/product_cat?post=171544"},{"taxonomy":"product_tag","embeddable":true,"href":"https:\/\/realdutchfood.com\/de\/wp-json\/wp\/v2\/product_tag?post=171544"}],"curies":[{"name":"wp","href":"https:\/\/api.w.org\/{rel}","templated":true}]}}