{"id":171652,"date":"2024-08-12T16:43:47","date_gmt":"2024-08-12T14:43:47","guid":{"rendered":"https:\/\/realdutchfood.com\/?post_type=product&#038;p=171652"},"modified":"2024-08-12T17:04:20","modified_gmt":"2024-08-12T15:04:20","slug":"jumbo-allerhande-mischung-von-keksen","status":"publish","type":"product","link":"https:\/\/realdutchfood.com\/de\/jumbo-allerhande-mischung-von-keksen\/","title":{"rendered":"Jumbo Allerhande Mischung von Keksen"},"content":{"rendered":"<div class=\"product-information\" data-v-5a9b1845=\"\" data-v-7abb83e9=\"\" data-v-65e1e504=\"\">\n<div class=\"jum-collapsible open\" data-testid=\"jum-collapsible\" data-v-7a67f0b1=\"\" data-v-5a9b1845=\"\">\n<div class=\"title-wrapper\" data-v-7a67f0b1=\"\">\n<h3 class=\"title\">Zutaten Jumbo Allerhande Mischung von Keksen<\/h3>\n<\/div>\n<div data-v-7a67f0b1=\"\">\n<div id=\"jum-collapsible-0\" class=\"content\" data-v-7a67f0b1=\"\">Zucker, <strong>Weizenmehl<\/strong>, pflanzliche \u00d6le (Palm, Raps, Kokosnuss), pflanzliche Fette (Palm, Kokosnuss), Kakaomasse, <strong>Erdnusssp\u00e4ne<\/strong>, <strong>Weizenst\u00e4rke<\/strong>, Reismehl, Kakaobutter, Magerkakaopulver, <strong>Sojamehl<\/strong>, Laktose (<strong>Milch<\/strong>), Backtriebmittel: E500, E450 und E341,<strong>Eiwei\u00dfpulver<\/strong>aus Freilandhaltung, Salz, Molkenpulver (<strong>Milch<\/strong>), Glukosesirup, Butterkonzentrat (<strong>Milch<\/strong>), Emulgatoren: <strong>Sojalecithin<\/strong>und E471 (pflanzlich),<strong>Ei<\/strong> aus Freilandhaltung Pulver, Zitronenschale, <strong>Magermilchpulver<\/strong>, Aromen, hydrolysiertes <strong>Milcheiwei\u00df<\/strong>, Verdickungsmittel: E415 und E466, S\u00e4uerungsmittel: Zitronens\u00e4ure, modifizierte Kartoffelst\u00e4rke, E = EU-zugelassener Hilfsstoff.<\/div>\n<\/div>\n<\/div>\n<div class=\"jum-collapsible nutritions open\" data-testid=\"jum-collapsible\" data-v-7a67f0b1=\"\" data-v-038af5f8=\"\" data-v-5a9b1845=\"\">\n<div class=\"title-wrapper\" data-v-7a67f0b1=\"\">\n<h3 class=\"title\">N\u00e4hrwerte<\/h3>\n<p>:<\/p>\n<table class=\"striped jum-table\" data-testid=\"nutritional-values-table-content\" data-v-b9926f77=\"\" data-v-f683cf68=\"\">\n<tbody>\n<tr class=\"header-row\" data-v-b9926f77=\"\">\n<th class=\"header-column\" data-v-b9926f77=\"\">N\u00e4hrwerte<\/th>\n<th class=\"header-column\" data-v-b9926f77=\"\">pro 100 g<\/th>\n<th class=\"header-column\" data-v-b9926f77=\"\">pro 9 g<\/th>\n<th class=\"header-column\" data-v-b9926f77=\"\">RI*<\/th>\n<\/tr>\n<\/tbody>\n<tbody data-v-f683cf68=\"\">\n<tr class=\"row\" data-v-f683cf68=\"\">\n<td class=\"column\" data-v-f683cf68=\"\">Energie<\/td>\n<td class=\"column\" data-v-f683cf68=\"\">kJ 2186<\/td>\n<td class=\"column\" data-v-f683cf68=\"\">kJ 197<\/td>\n<td class=\"column\" data-v-f683cf68=\"\"><\/td>\n<\/tr>\n<tr class=\"row\" data-v-f683cf68=\"\">\n<td class=\"column\" data-v-f683cf68=\"\"><\/td>\n<td class=\"column\" data-v-f683cf68=\"\">kcal 523<\/td>\n<td class=\"column\" data-v-f683cf68=\"\">kcal 47<\/td>\n<td class=\"column\" data-v-f683cf68=\"\">2%<\/td>\n<\/tr>\n<tr class=\"row\" data-v-f683cf68=\"\">\n<td class=\"column\" data-v-f683cf68=\"\">Fett<\/td>\n<td class=\"column\" data-v-f683cf68=\"\">26,7 g 2,4<\/td>\n<td class=\"column\" data-v-f683cf68=\"\">g<\/td>\n<td class=\"column\" data-v-f683cf68=\"\">3%<\/td>\n<\/tr>\n<tr class=\"row\" data-v-f683cf68=\"\">\n<td class=\"column\" data-v-f683cf68=\"\">Davon ges\u00e4ttigte Fetts\u00e4uren<\/td>\n<td class=\"column\" data-v-f683cf68=\"\">13,6 g<\/td>\n<td class=\"column\" data-v-f683cf68=\"\">1,2 g<\/td>\n<td class=\"column\" data-v-f683cf68=\"\">6%<\/td>\n<\/tr>\n<tr class=\"row\" data-v-f683cf68=\"\">\n<td class=\"column\" data-v-f683cf68=\"\">Kohlenhydrate<\/td>\n<td class=\"column\" data-v-f683cf68=\"\">63,8 g<\/td>\n<td class=\"column\" data-v-f683cf68=\"\">5,7 g<\/td>\n<td class=\"column\" data-v-f683cf68=\"\"><\/td>\n<\/tr>\n<tr class=\"row\" data-v-f683cf68=\"\">\n<td class=\"column\" data-v-f683cf68=\"\">Davon Zucker<\/td>\n<td class=\"column\" data-v-f683cf68=\"\">36,5 g 3,3<\/td>\n<td class=\"column\" data-v-f683cf68=\"\">g<\/td>\n<td class=\"column\" data-v-f683cf68=\"\">4%<\/td>\n<\/tr>\n<tr class=\"row\" data-v-f683cf68=\"\">\n<td class=\"column\" data-v-f683cf68=\"\">Ballaststoffe<\/td>\n<td class=\"column\" data-v-f683cf68=\"\">2,7 g<\/td>\n<td class=\"column\" data-v-f683cf68=\"\">0,2 g<\/td>\n<td class=\"column\" data-v-f683cf68=\"\"><\/td>\n<\/tr>\n<tr class=\"row\" data-v-f683cf68=\"\">\n<td class=\"column\" data-v-f683cf68=\"\">Eiwei\u00df<\/td>\n<td class=\"column\" data-v-f683cf68=\"\">5,4 g<\/td>\n<td class=\"column\" data-v-f683cf68=\"\">0,5 g<\/td>\n<td class=\"column\" data-v-f683cf68=\"\"><\/td>\n<\/tr>\n<tr class=\"row\" data-v-f683cf68=\"\">\n<td class=\"column\" data-v-f683cf68=\"\">Salz<\/td>\n<td class=\"column\" data-v-f683cf68=\"\">0,49 g<\/td>\n<td class=\"column\" data-v-f683cf68=\"\">0,04 g<\/td>\n<td class=\"column\" data-v-f683cf68=\"\">1%<\/td>\n<\/tr>\n<tr class=\"row\" data-v-f683cf68=\"\">\n<td class=\"column\" colspan=\"4\" data-v-f683cf68=\"\">* RI = Referenzmenge eines durchschnittlichen Erwachsenen (8.400 kJ\/2.000 kcal).<\/td>\n<\/tr>\n<tr class=\"row\" data-v-f683cf68=\"\">\n<td class=\"column\" colspan=\"4\" data-v-f683cf68=\"\">Diese Packung enth\u00e4lt 33 Portionen.<\/td>\n<\/tr>\n<\/tbody>\n<\/table>\n<\/div>\n<div data-v-7a67f0b1=\"\">\n<div id=\"jum-collapsible-1\" class=\"content\" data-v-7a67f0b1=\"\"><\/div>\n<\/div>\n<\/div>\n<div class=\"jum-collapsible open\" data-testid=\"jum-collapsible\" data-v-7a67f0b1=\"\" data-v-5a9b1845=\"\">\n<div class=\"title-wrapper\" data-v-7a67f0b1=\"\">\n<h3 class=\"title\">Produktinformation Jumbo Allerhande Mischung von Keksen<\/h3>\n<\/div>\n<div data-v-7a67f0b1=\"\">\n<div id=\"jum-collapsible-2\" class=\"content\" data-v-7a67f0b1=\"\">\n<div class=\"mb\">\n<p class=\"block\">Mischung aus allen Arten von <a href=\"https:\/\/realdutchfood.com\/de\/niederlandische-kekse-snacks\/\">Keksen<\/a><\/p>\n<\/div>\n<\/div>\n<\/div>\n<\/div>\n<div class=\"jum-collapsible open\" data-testid=\"jum-collapsible\" data-v-7a67f0b1=\"\" data-v-1fa7cae0=\"\" data-v-5a9b1845=\"\">\n<div class=\"title-wrapper\" data-v-7a67f0b1=\"\">\n<h3 class=\"title\">Allergenwarnungen Jumbo Allerhande Mischung von Keksen<\/h3>\n<\/div>\n<div data-v-7a67f0b1=\"\">\n<div id=\"jum-collapsible-3\" class=\"content\" data-v-7a67f0b1=\"\">\n<div class=\"item\" data-v-cfe264b1=\"\"><strong data-v-cfe264b1=\"\">Enth\u00e4lt: <\/strong><span data-v-cfe264b1=\"\">Eier, Milch, Erdn\u00fcsse, Weizen, Gluten, Soja<\/span><\/div>\n<div class=\"item\" data-v-cfe264b1=\"\"><strong data-v-cfe264b1=\"\">Kann enthalten: <\/strong><span data-v-cfe264b1=\"\">N\u00fcsse<\/span><\/div>\n<\/div>\n<\/div>\n<\/div>\n<div class=\"jum-collapsible open\" data-testid=\"jum-collapsible\" data-v-7a67f0b1=\"\" data-v-5a9b1845=\"\">\n<div class=\"title-wrapper\" data-v-7a67f0b1=\"\"><\/div>\n<\/div>\n<div class=\"jum-collapsible open\" data-testid=\"jum-collapsible\" data-v-7a67f0b1=\"\" data-v-5a9b1845=\"\">\n<div data-v-7a67f0b1=\"\">\n<div id=\"jum-collapsible-7\" class=\"content\" data-v-7a67f0b1=\"\">\n<h3 class=\"title\">\u00dcber den Hersteller<\/h3>\n<p><strong>Marke<\/strong> Kekse zum Verteilen finden Sie bei Jumbo. UTZ-zertifizierter Kakao &#8211; Mit dem Kauf von UTZ-zertifiziertem Kakao unterst\u00fctzt Jumbo Supermarkten den nachhaltigen Kakaoanbau. www.utzcertified.org <strong data-testid=\"manufacturer-website\">Website<\/strong> Jumbo.com <strong data-testid=\"manufacturer-address\">Adresse<\/strong> Jumbo Supermarkten B.V. Antwoordnummer 10072 5460 VB Veghel Nederland<\/p>\n<\/div>\n<\/div>\n<\/div>\n<\/div>\n","protected":false},"excerpt":{"rendered":"<p>Zutaten Jumbo Allerhande Mischung von Keksen Zucker, Weizenmehl, pflanzliche \u00d6le (Palm, Raps, Kokosnuss), pflanzliche Fette (Palm, Kokosnuss), Kakaomasse, Erdnusssp\u00e4ne, Weizenst\u00e4rke, Reismehl, Kakaobutter, Magerkakaopulver, Sojamehl, Laktose (Milch), Backtriebmittel: E500, E450 und E341,Eiwei\u00dfpulveraus Freilandhaltung, Salz, Molkenpulver (Milch), Glukosesirup, Butterkonzentrat (Milch), Emulgatoren: Sojalecithinund E471 (pflanzlich),Ei aus Freilandhaltung Pulver, Zitronenschale, Magermilchpulver, Aromen, hydrolysiertes Milcheiwei\u00df, Verdickungsmittel: E415 und E466, S\u00e4uerungsmittel: [&#8230;]\n","protected":false},"featured_media":171655,"template":"","meta":{"_acf_changed":false,"_aipt_faq_data":""},"product_brand":[14474],"product_cat":[14687,14606,14525],"product_tag":[17396],"class_list":{"0":"post-171652","1":"product","2":"type-product","3":"status-publish","4":"has-post-thumbnail","6":"product_brand-jumbo-de","7":"product_cat-kuchen-in-folienverpackung","8":"product_cat-niederlandische-kekse-snacks","9":"product_cat-susigkeiten-kekse-chips-und-brezeln","10":"product_tag-allerhande","11":"pa_artikelnummer-529-de","13":"first","14":"onbackorder","15":"taxable","16":"shipping-taxable","17":"purchasable","18":"product-type-simple"},"bundled_by":[],"bundle_stock_status":"onbackorder","bundle_stock_quantity":null,"bundle_virtual":false,"bundle_layout":"","bundle_add_to_cart_form_location":"","bundle_editable_in_cart":false,"bundle_sold_individually_context":"","bundle_item_grouping":"","bundle_min_size":"","bundle_max_size":"","bundle_price":[],"bundled_items":[],"bundle_sell_ids":[],"acf":{"content":"300 gr"},"_links":{"self":[{"href":"https:\/\/realdutchfood.com\/de\/wp-json\/wp\/v2\/product\/171652","targetHints":{"allow":["GET"]}}],"collection":[{"href":"https:\/\/realdutchfood.com\/de\/wp-json\/wp\/v2\/product"}],"about":[{"href":"https:\/\/realdutchfood.com\/de\/wp-json\/wp\/v2\/types\/product"}],"wp:featuredmedia":[{"embeddable":true,"href":"https:\/\/realdutchfood.com\/de\/wp-json\/wp\/v2\/media\/171655"}],"wp:attachment":[{"href":"https:\/\/realdutchfood.com\/de\/wp-json\/wp\/v2\/media?parent=171652"}],"wp:term":[{"taxonomy":"product_brand","embeddable":true,"href":"https:\/\/realdutchfood.com\/de\/wp-json\/wp\/v2\/product_brand?post=171652"},{"taxonomy":"product_cat","embeddable":true,"href":"https:\/\/realdutchfood.com\/de\/wp-json\/wp\/v2\/product_cat?post=171652"},{"taxonomy":"product_tag","embeddable":true,"href":"https:\/\/realdutchfood.com\/de\/wp-json\/wp\/v2\/product_tag?post=171652"}],"curies":[{"name":"wp","href":"https:\/\/api.w.org\/{rel}","templated":true}]}}