{"id":171875,"date":"2024-08-20T16:22:55","date_gmt":"2024-08-20T14:22:55","guid":{"rendered":"https:\/\/realdutchfood.com\/?post_type=product&#038;p=171875"},"modified":"2024-08-20T16:36:28","modified_gmt":"2024-08-20T14:36:28","slug":"theunisse-original-kokosbrot","status":"publish","type":"product","link":"https:\/\/realdutchfood.com\/de\/theunisse-original-kokosbrot\/","title":{"rendered":"Theunisse Original Kokosbrot"},"content":{"rendered":"<div class=\"product-information\" data-v-15d36be0=\"\" data-v-3c439b60=\"\" data-v-9a1c6174=\"\">\n<div class=\"jum-collapsible open\" data-testid=\"ingredients-collapsible\" data-v-12009e85=\"\" data-v-15d36be0=\"\">\n<div class=\"title-wrapper\" data-v-12009e85=\"\">\n<div class=\"product-information\" data-v-15d36be0=\"\" data-v-3c439b60=\"\" data-v-9a1c6174=\"\">\n<div class=\"jum-collapsible open\" data-testid=\"ingredients-collapsible\" data-v-12009e85=\"\" data-v-15d36be0=\"\">\n<div class=\"title-wrapper\" data-v-12009e85=\"\">\n<div class=\"product-information\" data-v-15d36be0=\"\" data-v-3c439b60=\"\" data-v-9a1c6174=\"\">\n<div class=\"jum-collapsible open\" data-testid=\"ingredients-collapsible\" data-v-12009e85=\"\" data-v-15d36be0=\"\">\n<div class=\"title-wrapper\" data-v-12009e85=\"\">\n<h3 class=\"title\">Zutaten Theunisse Original Kokosbrot<\/h3>\n<\/div>\n<div data-v-12009e85=\"\">\n<div id=\"jum-collapsible-0\" class=\"content\" data-v-12009e85=\"\">\n<p>Kokosnuss 32%, Glukose-Fruktose-Sirup, glutenfrei <strong>Weizenst\u00e4rke<\/strong>, Dextrose, Zucker, Rindergelatine, Farbstoff (nat\u00fcrliche Karmins\u00e4ure), nat\u00fcrliches Aroma<\/p>\n<h3 class=\"jum-heading title bold h5\" data-testid=\"allergens-title\">Allergene<\/h3>\n<div class=\"list\" data-testid=\"allergens-content\" data-v-35275960=\"\">\n<div class=\"item\" data-v-35275960=\"\"><strong data-v-35275960=\"\">Enth\u00e4lt: <\/strong><span data-v-35275960=\"\">Weizen<\/span><\/div>\n<\/div>\n<\/div>\n<\/div>\n<\/div>\n<div class=\"jum-collapsible nutritions open\" data-testid=\"nutritional-values-collapsible\" data-v-12009e85=\"\" data-v-52004804=\"\" data-v-15d36be0=\"\">\n<div class=\"title-wrapper\" data-v-12009e85=\"\">\n<h3 class=\"title\">N\u00e4hrwerte<\/h3>\n<div class=\"open jum-collapsible nutritions\" data-testid=\"nutritional-values-collapsible\" data-v-7d54e47b=\"\" data-v-29537c6e=\"\" data-v-f683cf68=\"\">\n<div data-v-29537c6e=\"\">\n<div id=\"jum-collapsible-4\" class=\"content\" data-v-29537c6e=\"\">\n<table class=\"striped jum-table\" data-testid=\"nutritional-values-table-content\" data-v-b9926f77=\"\" data-v-f683cf68=\"\">\n<tbody>\n<tr class=\"header-row\" data-v-b9926f77=\"\">\n<th class=\"header-column\" data-v-b9926f77=\"\">N\u00e4hrwerte<\/th>\n<th class=\"header-column\" data-v-b9926f77=\"\">pro 100 g<\/th>\n<\/tr>\n<\/tbody>\n<tbody data-v-f683cf68=\"\">\n<tr class=\"row\" data-v-f683cf68=\"\">\n<td class=\"column\" data-v-f683cf68=\"\">Energie<\/td>\n<td class=\"column\" data-v-f683cf68=\"\">1800 kJ \/ 429 kcal<\/td>\n<\/tr>\n<tr class=\"row\" data-v-f683cf68=\"\">\n<td class=\"column\" data-v-f683cf68=\"\">Fette<\/td>\n<td class=\"column\" data-v-f683cf68=\"\">17 g<\/td>\n<\/tr>\n<tr class=\"row\" data-v-f683cf68=\"\">\n<td class=\"column\" data-v-f683cf68=\"\">Davon ges\u00e4ttigt<\/td>\n<td class=\"column\" data-v-f683cf68=\"\">16 g<\/td>\n<\/tr>\n<tr class=\"row\" data-v-f683cf68=\"\">\n<td class=\"column\" data-v-f683cf68=\"\">Kohlenhydrate<\/td>\n<td class=\"column\" data-v-f683cf68=\"\">63 g<\/td>\n<\/tr>\n<tr class=\"row\" data-v-f683cf68=\"\">\n<td class=\"column\" data-v-f683cf68=\"\">Davon Zucker<\/td>\n<td class=\"column\" data-v-f683cf68=\"\">40 g<\/td>\n<\/tr>\n<tr class=\"row\" data-v-f683cf68=\"\">\n<td class=\"column\" data-v-f683cf68=\"\">Ballaststoffe<\/td>\n<td class=\"column\" data-v-f683cf68=\"\">6,2 g<\/td>\n<\/tr>\n<tr class=\"row\" data-v-f683cf68=\"\">\n<td class=\"column\" data-v-f683cf68=\"\">Eiwei\u00df<\/td>\n<td class=\"column\" data-v-f683cf68=\"\">2,9 g<\/td>\n<\/tr>\n<tr class=\"row\" data-v-f683cf68=\"\">\n<td class=\"column\" data-v-f683cf68=\"\">Salz<\/td>\n<td class=\"column\" data-v-f683cf68=\"\">0,06 g<\/td>\n<\/tr>\n<\/tbody>\n<\/table>\n<\/div>\n<\/div>\n<\/div>\n<div class=\"jum-collapsible\" data-testid=\"product-description-collapsible\" data-v-7d54e47b=\"\" data-v-29537c6e=\"\" data-v-24343815=\"\"><\/div>\n<\/div>\n<\/div>\n<div class=\"jum-collapsible open\" data-testid=\"product-description-collapsible\" data-v-12009e85=\"\" data-v-15d36be0=\"\">\n<div class=\"title-wrapper\" data-v-12009e85=\"\">\n<h3 class=\"title\">Produktinformation Theunisse Original Kokosbrot<\/h3>\n<\/div>\n<div data-v-12009e85=\"\">\n<div id=\"jum-collapsible-2\" class=\"content\" data-v-12009e85=\"\">\n<div class=\"mb\" data-testid=\"product-description-text-body\">\n<p class=\"block\"><a href=\"https:\/\/realdutchfood.com\/de\/brotbelag\/\">Kokos-Brot<\/a><\/p>\n<p>Glutenfrei ballaststoffreich!<\/p>\n<p><span style=\"font-size: 20.16px; color: #333333;\">\u00dcber den Hersteller<\/span><\/p>\n<p><strong>Marke<\/strong> Seit 1954 von den einzigen Obstb\u00e4ckern hergestellt Seit 1954 Traditionell von unseren Obstb\u00e4ckern zubereitet. Das perfekte Geschmackserlebnis f\u00fcr Ihr Sandwich. Da werden Sie sich gleich reinbei\u00dfen!<\/p>\n<p><strong data-testid=\"manufacturer-website\">Website<\/strong> www.kokosbrood.nl<\/p>\n<p><strong data-testid=\"manufacturer-address\">Adresse<\/strong> Theha b.v. Postfach 34 3840 AA Harderwijk Tel.: (0341) 41 28 60 www.kokosbrood.nl<\/p>\n<p><strong>Telefonnummer<\/strong> (0341) 41 28 60<\/p>\n<\/div>\n<\/div>\n<\/div>\n<\/div>\n<div class=\"jum-collapsible open\" data-testid=\"about-the-manufacturer-collapsible\" data-v-12009e85=\"\" data-v-15d36be0=\"\">\n<div data-v-12009e85=\"\">\n<div id=\"jum-collapsible-6\" class=\"content\" data-v-12009e85=\"\">\n<h3 class=\"title\"><\/h3>\n<\/div>\n<\/div>\n<\/div>\n<\/div>\n<\/div>\n<\/div>\n<\/div>\n<\/div>\n<\/div>\n<\/div>\n","protected":false},"excerpt":{"rendered":"<p>Zutaten Theunisse Original Kokosbrot Kokosnuss 32%, Glukose-Fruktose-Sirup, glutenfrei Weizenst\u00e4rke, Dextrose, Zucker, Rindergelatine, Farbstoff (nat\u00fcrliche Karmins\u00e4ure), nat\u00fcrliches Aroma Allergene Enth\u00e4lt: Weizen N\u00e4hrwerte N\u00e4hrwerte pro 100 g Energie 1800 kJ \/ 429 kcal Fette 17 g Davon ges\u00e4ttigt 16 g Kohlenhydrate 63 g Davon Zucker 40 g Ballaststoffe 6,2 g Eiwei\u00df 2,9 g Salz 0,06 g Produktinformation [&#8230;]\n","protected":false},"featured_media":171879,"template":"","meta":{"_acf_changed":false,"_aipt_faq_data":""},"product_brand":[17204],"product_cat":[14479,15109,14528],"product_tag":[14485],"class_list":{"0":"post-171875","1":"product","2":"type-product","3":"status-publish","4":"has-post-thumbnail","6":"product_brand-theunisse-de","7":"product_cat-fruehstueck","8":"product_cat-andere-sandwichfuellungen","9":"product_cat-brotbelag","10":"product_tag-am-meisten-vermisste-niederlaendische-produkte","11":"pa_dieet_allergie_biologisch-glutenfrei","12":"pa_dieet_allergie_biologisch-vegan-de","14":"first","15":"onbackorder","16":"taxable","17":"shipping-taxable","18":"purchasable","19":"product-type-simple"},"bundled_by":[],"bundle_stock_status":"onbackorder","bundle_stock_quantity":null,"bundle_virtual":false,"bundle_layout":"","bundle_add_to_cart_form_location":"","bundle_editable_in_cart":false,"bundle_sold_individually_context":"","bundle_item_grouping":"","bundle_min_size":"","bundle_max_size":"","bundle_price":[],"bundled_items":[],"bundle_sell_ids":[],"acf":{"content":"275 gr"},"_links":{"self":[{"href":"https:\/\/realdutchfood.com\/de\/wp-json\/wp\/v2\/product\/171875","targetHints":{"allow":["GET"]}}],"collection":[{"href":"https:\/\/realdutchfood.com\/de\/wp-json\/wp\/v2\/product"}],"about":[{"href":"https:\/\/realdutchfood.com\/de\/wp-json\/wp\/v2\/types\/product"}],"wp:featuredmedia":[{"embeddable":true,"href":"https:\/\/realdutchfood.com\/de\/wp-json\/wp\/v2\/media\/171879"}],"wp:attachment":[{"href":"https:\/\/realdutchfood.com\/de\/wp-json\/wp\/v2\/media?parent=171875"}],"wp:term":[{"taxonomy":"product_brand","embeddable":true,"href":"https:\/\/realdutchfood.com\/de\/wp-json\/wp\/v2\/product_brand?post=171875"},{"taxonomy":"product_cat","embeddable":true,"href":"https:\/\/realdutchfood.com\/de\/wp-json\/wp\/v2\/product_cat?post=171875"},{"taxonomy":"product_tag","embeddable":true,"href":"https:\/\/realdutchfood.com\/de\/wp-json\/wp\/v2\/product_tag?post=171875"}],"curies":[{"name":"wp","href":"https:\/\/api.w.org\/{rel}","templated":true}]}}