{"id":171896,"date":"2024-08-20T17:16:04","date_gmt":"2024-08-20T15:16:04","guid":{"rendered":"https:\/\/realdutchfood.com\/?post_type=product&#038;p=171896"},"modified":"2024-08-20T17:33:42","modified_gmt":"2024-08-20T15:33:42","slug":"anta-flu-honig-zitrone-menthol","status":"publish","type":"product","link":"https:\/\/realdutchfood.com\/de\/anta-flu-honig-zitrone-menthol\/","title":{"rendered":"Anta Flu Honig Zitrone Menthol"},"content":{"rendered":"<div class=\"large-6 columns\">\n<h1>Anta Flu Honig Zitrone Menthol<\/h1>\n<h2>Detaillierte Produktinformationen zu: Anta Flu Honig Zitrone Menthol<\/h2>\n<div class=\"jum-nutritional-info jum-product-info-item\">\n<h3>Produktbeschreibung<\/h3>\n<p><a href=\"https:\/\/realdutchfood.com\/de\/pfefferminze-und-halspastillen\/\">Halspastille<\/a> von <a href=\"http:\/\/www.antaflu.com\" target=\"_blank\" rel=\"noopener\">Anta Flu<\/a> mit Honig\/Zitrone\/Menthol Geschmack<\/p>\n<p class=\"block\" data-v-24343815=\"\">Diese traditionelle holl\u00e4ndische Halspastille n\u00e4hrt den Hals und erfrischt den Atem. F\u00fcr die Pflege Ihres Halses oder frischen Atems ist es immer n\u00fctzlich, Anta-S\u00fc\u00dfigkeiten bei sich zu haben. Mit Menthol f\u00fcr frischen Atem Mit nat\u00fcrlichen Aromen und Farbstoffen Glutenfrei und vegan Einzeln verpackt mit Wachspapierverpackung, so einfach zum Mitnehmen<\/p>\n<\/div>\n<div class=\"jum-nutritional-info jum-product-info-item\">\n<h3>N\u00e4hrwerte<\/h3>\n<table class=\"striped jum-table\" data-testid=\"nutritional-values-table-content\" data-v-b9926f77=\"\" data-v-f683cf68=\"\">\n<tbody>\n<tr class=\"header-row\" data-v-b9926f77=\"\">\n<th class=\"header-column\" data-v-b9926f77=\"\">N\u00e4hrwerte<\/th>\n<th class=\"header-column\" data-v-b9926f77=\"\">pro 100 g<\/th>\n<th class=\"header-column\" data-v-b9926f77=\"\">Portion (25 g)*<\/th>\n<\/tr>\n<\/tbody>\n<tbody data-v-f683cf68=\"\">\n<tr class=\"row\" data-v-f683cf68=\"\">\n<td class=\"column\" data-v-f683cf68=\"\">Energie<\/td>\n<td class=\"column\" data-v-f683cf68=\"\">1639 kJ<\/td>\n<td class=\"column\" data-v-f683cf68=\"\">410 kJ<\/td>\n<\/tr>\n<tr class=\"row\" data-v-f683cf68=\"\">\n<td class=\"column\" data-v-f683cf68=\"\"><\/td>\n<td class=\"column\" data-v-f683cf68=\"\">385 kcal<\/td>\n<td class=\"column\" data-v-f683cf68=\"\">97 kcal<\/td>\n<\/tr>\n<tr class=\"row\" data-v-f683cf68=\"\">\n<td class=\"column\" data-v-f683cf68=\"\">Fette<\/td>\n<td class=\"column\" data-v-f683cf68=\"\">0 g<\/td>\n<td class=\"column\" data-v-f683cf68=\"\">0 g<\/td>\n<\/tr>\n<tr class=\"row\" data-v-f683cf68=\"\">\n<td class=\"column\" data-v-f683cf68=\"\">Davon ges\u00e4ttigt:<\/td>\n<td class=\"column\" data-v-f683cf68=\"\">0 g<\/td>\n<td class=\"column\" data-v-f683cf68=\"\">0 g<\/td>\n<\/tr>\n<tr class=\"row\" data-v-f683cf68=\"\">\n<td class=\"column\" data-v-f683cf68=\"\">Kohlenhydrate<\/td>\n<td class=\"column\" data-v-f683cf68=\"\">96 g<\/td>\n<td class=\"column\" data-v-f683cf68=\"\">24 g<\/td>\n<\/tr>\n<tr class=\"row\" data-v-f683cf68=\"\">\n<td class=\"column\" data-v-f683cf68=\"\">Davon Zucker<\/td>\n<td class=\"column\" data-v-f683cf68=\"\">69 g<\/td>\n<td class=\"column\" data-v-f683cf68=\"\">17 g<\/td>\n<\/tr>\n<tr class=\"row\" data-v-f683cf68=\"\">\n<td class=\"column\" data-v-f683cf68=\"\">Eiwei\u00df<\/td>\n<td class=\"column\" data-v-f683cf68=\"\">0 g<\/td>\n<td class=\"column\" data-v-f683cf68=\"\">0 g<\/td>\n<\/tr>\n<tr class=\"row\" data-v-f683cf68=\"\">\n<td class=\"column\" data-v-f683cf68=\"\">Salz<\/td>\n<td class=\"column\" data-v-f683cf68=\"\">&lt;0,01 g<\/td>\n<td class=\"column\" data-v-f683cf68=\"\">&lt;0,01 g<\/td>\n<\/tr>\n<tr class=\"row\" data-v-f683cf68=\"\">\n<td class=\"column\" colspan=\"3\" data-v-f683cf68=\"\">* 1 Portion (25 g) \u2248 6 Bonbons.<\/td>\n<\/tr>\n<tr class=\"row\" data-v-f683cf68=\"\">\n<td class=\"column\" colspan=\"3\" data-v-f683cf68=\"\">Diese Packung enth\u00e4lt ca. 11 Portionen.<\/td>\n<\/tr>\n<\/tbody>\n<\/table>\n<\/div>\n<div class=\"jum-ingredients-info jum-product-info-item\">\n<h3>Zutaten<\/h3>\n<p>Zucker, Glukosesirup, gemischter Bl\u00fctenhonig aus der EU und aus Nicht-EU-L\u00e4ndern (1,1%), S\u00e4uerungsmittel (Zitronens\u00e4ure), nat\u00fcrliche Aromen, nat\u00fcrliches Zitronenaroma, Karamellzuckersirup, Farbstoff (Curcumin)<\/p>\n<\/div>\n<div class=\"jum-product-additive-info jum-product-info-item\">\n<h3>K\u00fcnstliche Zusatzstoffe<\/h3>\n<p>Ohne k\u00fcnstliche Farbstoffe, Enth\u00e4lt nat\u00fcrliche Farbstoffe, Enth\u00e4lt nat\u00fcrliche Aromen, Vegetarisch<\/p>\n<\/div>\n<\/div>\n","protected":false},"excerpt":{"rendered":"<p>Anta Flu Honig Zitrone Menthol Detaillierte Produktinformationen zu: Anta Flu Honig Zitrone Menthol Produktbeschreibung Halspastille von Anta Flu mit Honig\/Zitrone\/Menthol Geschmack Diese traditionelle holl\u00e4ndische Halspastille n\u00e4hrt den Hals und erfrischt den Atem. F\u00fcr die Pflege Ihres Halses oder frischen Atems ist es immer n\u00fctzlich, Anta-S\u00fc\u00dfigkeiten bei sich zu haben. Mit Menthol f\u00fcr frischen Atem Mit [&#8230;]\n","protected":false},"featured_media":171899,"template":"","meta":{"_acf_changed":false,"_aipt_faq_data":""},"product_brand":[15145],"product_cat":[14525,14741,14527],"product_tag":[],"class_list":{"0":"post-171896","1":"product","2":"type-product","3":"status-publish","4":"has-post-thumbnail","6":"product_brand-anta-flu-de","7":"product_cat-susigkeiten-kekse-chips-und-brezeln","8":"product_cat-pfefferminze-und-halspastillen","9":"product_cat-susigkeiten","10":"pa_artikelnummer-852-de","11":"pa_dieet_allergie_biologisch-vegetarier","13":"first","14":"onbackorder","15":"taxable","16":"shipping-taxable","17":"purchasable","18":"product-type-simple"},"bundled_by":[],"bundle_stock_status":"onbackorder","bundle_stock_quantity":null,"bundle_virtual":false,"bundle_layout":"","bundle_add_to_cart_form_location":"","bundle_editable_in_cart":false,"bundle_sold_individually_context":"","bundle_item_grouping":"","bundle_min_size":"","bundle_max_size":"","bundle_price":[],"bundled_items":[],"bundle_sell_ids":[],"acf":{"content":"275 gr"},"_links":{"self":[{"href":"https:\/\/realdutchfood.com\/de\/wp-json\/wp\/v2\/product\/171896","targetHints":{"allow":["GET"]}}],"collection":[{"href":"https:\/\/realdutchfood.com\/de\/wp-json\/wp\/v2\/product"}],"about":[{"href":"https:\/\/realdutchfood.com\/de\/wp-json\/wp\/v2\/types\/product"}],"wp:featuredmedia":[{"embeddable":true,"href":"https:\/\/realdutchfood.com\/de\/wp-json\/wp\/v2\/media\/171899"}],"wp:attachment":[{"href":"https:\/\/realdutchfood.com\/de\/wp-json\/wp\/v2\/media?parent=171896"}],"wp:term":[{"taxonomy":"product_brand","embeddable":true,"href":"https:\/\/realdutchfood.com\/de\/wp-json\/wp\/v2\/product_brand?post=171896"},{"taxonomy":"product_cat","embeddable":true,"href":"https:\/\/realdutchfood.com\/de\/wp-json\/wp\/v2\/product_cat?post=171896"},{"taxonomy":"product_tag","embeddable":true,"href":"https:\/\/realdutchfood.com\/de\/wp-json\/wp\/v2\/product_tag?post=171896"}],"curies":[{"name":"wp","href":"https:\/\/api.w.org\/{rel}","templated":true}]}}