{"id":171939,"date":"2024-08-22T17:30:17","date_gmt":"2024-08-22T15:30:17","guid":{"rendered":"https:\/\/realdutchfood.com\/?post_type=product&#038;p=171939"},"modified":"2024-08-22T17:45:24","modified_gmt":"2024-08-22T15:45:24","slug":"venco-menthol-kreuz-lakritz","status":"publish","type":"product","link":"https:\/\/realdutchfood.com\/de\/venco-menthol-kreuz-lakritz\/","title":{"rendered":"Venco Menthol Kreuz Lakritz"},"content":{"rendered":"<h2 class=\"jum-heading h4\">Produktinformationen von: Venco Menthol Kreuz Lakritz<\/h2>\n<div data-v-9a73258e=\"\">\n<div id=\"jum-collapsible-2\" class=\"content\" data-v-9a73258e=\"\">\n<div class=\"mb\" data-testid=\"product-description-text-body\">\n<p class=\"block\" data-v-24343815=\"\">Hartes s\u00fc\u00dfes Lakritz<\/p>\n<p class=\"block\" data-v-24343815=\"\">Bestehend aus reinem S\u00fc\u00dfholzextrakt und Menthol. Dadurch hat dieses feste Lakritz einen sch\u00f6nen erfrischenden Menthol-Nachgeschmack. Das schmiert den Hals!<\/p>\n<\/div>\n<\/div>\n<\/div>\n<div class=\"jum-collapsible open\" data-v-adb1d7e2=\"\" data-v-203004f3=\"\">\n<div class=\"title-wrapper\" data-v-adb1d7e2=\"\">\n<h3 class=\"title\">Inhaltsstoffe von: Venco Menthol Kreuz Lakritz<\/h3>\n<\/div>\n<div id=\"jum-collapsible-0\" class=\"content\" data-v-adb1d7e2=\"\">\n<p>Zucker, modifizierte St\u00e4rke, Glukosesirup, Melado, Gelatine (<strong>Sulfit<\/strong>), St\u00e4rke, S\u00fc\u00dfholzwurzelextrakt 1,8%, pflanzliche \u00d6le (Kokosnuss, Raps), Menthol, \u00dcberzugsmittel (Bienenwachs)<\/p>\n<div class=\"title-wrapper\" data-v-adb1d7e2=\"\">\n<h3 class=\"title\">Allergen-Warnungen<\/h3>\n<\/div>\n<div id=\"jum-collapsible-2\" class=\"content\" data-v-adb1d7e2=\"\">\n<div class=\"list\" data-testid=\"allergens-content\" data-v-5e9ecd8f=\"\">\n<div class=\"item\" data-v-5e9ecd8f=\"\">\n<div class=\"list\" data-testid=\"allergens-content\" data-v-cfe264b1=\"\">\n<div class=\"item\" data-v-cfe264b1=\"\"><strong data-v-cfe264b1=\"\">Enth\u00e4lt: <\/strong><span data-v-cfe264b1=\"\">Schwefeldioxid\/Sulfite<\/span><\/div>\n<\/div>\n<\/div>\n<\/div>\n<\/div>\n<\/div>\n<\/div>\n<div class=\"jum-collapsible nutritions open\" data-v-adb1d7e2=\"\" data-v-571b9804=\"\" data-v-203004f3=\"\">\n<div class=\"title-wrapper\" data-v-adb1d7e2=\"\">\n<h3 class=\"title\">N\u00e4hrwerte<\/h3>\n<\/div>\n<div id=\"jum-collapsible-1\" class=\"content\" data-v-adb1d7e2=\"\">\n<table class=\"striped jum-table\" data-testid=\"nutritional-values-table-content\" data-v-b9926f77=\"\" data-v-f683cf68=\"\">\n<tbody>\n<tr class=\"header-row\" data-v-b9926f77=\"\">\n<th class=\"header-column\" data-v-b9926f77=\"\">N\u00e4hrwerte<\/th>\n<th class=\"header-column\" data-v-b9926f77=\"\">\/ 100 g<\/th>\n<th class=\"header-column\" data-v-b9926f77=\"\">Pro Portion = 25 g = ca. 10 Lakritz<\/th>\n<\/tr>\n<\/tbody>\n<tbody data-v-f683cf68=\"\">\n<tr class=\"row\" data-v-f683cf68=\"\">\n<td class=\"column\" data-v-f683cf68=\"\">Energie<\/td>\n<td class=\"column\" data-v-f683cf68=\"\">1452 kJ \/<\/td>\n<td class=\"column\" data-v-f683cf68=\"\">363 kJ \/<\/td>\n<\/tr>\n<tr class=\"row\" data-v-f683cf68=\"\">\n<td class=\"column\" data-v-f683cf68=\"\"><\/td>\n<td class=\"column\" data-v-f683cf68=\"\">342 kcal<\/td>\n<td class=\"column\" data-v-f683cf68=\"\">86 kcal<\/td>\n<\/tr>\n<tr class=\"row\" data-v-f683cf68=\"\">\n<td class=\"column\" data-v-f683cf68=\"\">Fette<\/td>\n<td class=\"column\" data-v-f683cf68=\"\">0,3 g<\/td>\n<td class=\"column\" data-v-f683cf68=\"\">0 g<\/td>\n<\/tr>\n<tr class=\"row\" data-v-f683cf68=\"\">\n<td class=\"column\" data-v-f683cf68=\"\">Davon ges\u00e4ttigte Fetts\u00e4uren<\/td>\n<td class=\"column\" data-v-f683cf68=\"\">0,2 g<\/td>\n<td class=\"column\" data-v-f683cf68=\"\">0 g<\/td>\n<\/tr>\n<tr class=\"row\" data-v-f683cf68=\"\">\n<td class=\"column\" data-v-f683cf68=\"\">Kohlenhydrate<\/td>\n<td class=\"column\" data-v-f683cf68=\"\">76 g<\/td>\n<td class=\"column\" data-v-f683cf68=\"\">19 g<\/td>\n<\/tr>\n<tr class=\"row\" data-v-f683cf68=\"\">\n<td class=\"column\" data-v-f683cf68=\"\">Davon Zucker<\/td>\n<td class=\"column\" data-v-f683cf68=\"\">42 g<\/td>\n<td class=\"column\" data-v-f683cf68=\"\">11 g<\/td>\n<\/tr>\n<tr class=\"row\" data-v-f683cf68=\"\">\n<td class=\"column\" data-v-f683cf68=\"\">Eiwei\u00df<\/td>\n<td class=\"column\" data-v-f683cf68=\"\">7,8 g<\/td>\n<td class=\"column\" data-v-f683cf68=\"\">2,0 g<\/td>\n<\/tr>\n<tr class=\"row\" data-v-f683cf68=\"\">\n<td class=\"column\" data-v-f683cf68=\"\">Salz<\/td>\n<td class=\"column\" data-v-f683cf68=\"\">0,21 g<\/td>\n<td class=\"column\" data-v-f683cf68=\"\">0,05 g<\/td>\n<\/tr>\n<tr class=\"row\" data-v-f683cf68=\"\">\n<td class=\"column\" colspan=\"3\" data-v-f683cf68=\"\">Diese Packung enth\u00e4lt ca. 5 Portionen.<\/td>\n<\/tr>\n<\/tbody>\n<\/table>\n<\/div>\n<\/div>\n<div class=\"jum-collapsible open\" data-v-adb1d7e2=\"\" data-v-203004f3=\"\">\n<div class=\"title-wrapper\" data-v-adb1d7e2=\"\"><\/div>\n<div id=\"jum-collapsible-2\" class=\"content\" data-v-adb1d7e2=\"\">\n<div class=\"list\" data-testid=\"allergens-content\" data-v-5e9ecd8f=\"\">\n<div class=\"item\" data-v-5e9ecd8f=\"\">\n<div class=\"list\" data-testid=\"allergens-content\" data-v-cfe264b1=\"\">\n<div class=\"item\" data-v-cfe264b1=\"\"><\/div>\n<\/div>\n<\/div>\n<\/div>\n<\/div>\n<\/div>\n<div class=\"jum-collapsible open\" data-v-adb1d7e2=\"\" data-v-203004f3=\"\">\n<div class=\"title-wrapper\" data-v-adb1d7e2=\"\"><\/div>\n<div id=\"jum-collapsible-3\" class=\"content\" data-v-adb1d7e2=\"\">\n<h3>\u00dcber den Hersteller<\/h3>\n<\/div>\n<\/div>\n<div class=\"jum-collapsible open\" data-v-adb1d7e2=\"\" data-v-203004f3=\"\">\n<div class=\"title-wrapper\" data-v-adb1d7e2=\"\">\n<div class=\"list\" data-testid=\"allergens-content\" data-v-5e9ecd8f=\"\">\n<div class=\"item\" data-v-5e9ecd8f=\"\"><strong>Marke<\/strong><\/div>\n<div class=\"item\" data-v-5e9ecd8f=\"\">Venco steht seit \u00fcber 145 Jahren f\u00fcr die niederl\u00e4ndische Mentalit\u00e4t. Ein kleines Land mit gro\u00dfen Ambitionen. Stolz auf ihre Gewohnheiten und Innovationen. Packen Sie an, gehen Sie auf Ihre Platte und stehen Sie wieder auf, Humor als Waffe, aufgeschlossen und entdecken Sie gemeinsam weiter. Das ist sehr tief in unserer DNA verwurzelt. Und das schmeckt man!<\/div>\n<div data-v-5e9ecd8f=\"\"><\/div>\n<div class=\"item\" data-v-5e9ecd8f=\"\"><strong data-testid=\"manufacturer-website\">Website <\/strong>www.venco.nl<\/div>\n<div data-v-5e9ecd8f=\"\"><\/div>\n<div class=\"item\" data-v-5e9ecd8f=\"\"><strong data-testid=\"manufacturer-address\">Adresse <\/strong>Venco \/ Cloetta Holland B.V. P.O. Box 72, NL-4900 AB Oosterhout<\/div>\n<\/div>\n<\/div>\n<\/div>\n","protected":false},"excerpt":{"rendered":"<p>Produktinformationen von: Venco Menthol Kreuz Lakritz Hartes s\u00fc\u00dfes Lakritz Bestehend aus reinem S\u00fc\u00dfholzextrakt und Menthol. Dadurch hat dieses feste Lakritz einen sch\u00f6nen erfrischenden Menthol-Nachgeschmack. Das schmiert den Hals! Inhaltsstoffe von: Venco Menthol Kreuz Lakritz Zucker, modifizierte St\u00e4rke, Glukosesirup, Melado, Gelatine (Sulfit), St\u00e4rke, S\u00fc\u00dfholzwurzelextrakt 1,8%, pflanzliche \u00d6le (Kokosnuss, Raps), Menthol, \u00dcberzugsmittel (Bienenwachs) Allergen-Warnungen Enth\u00e4lt: Schwefeldioxid\/Sulfite N\u00e4hrwerte [&#8230;]\n","protected":false},"featured_media":171943,"template":"","meta":{"_acf_changed":false,"_aipt_faq_data":""},"product_brand":[14641],"product_cat":[14911,14643,14527,14525],"product_tag":[],"class_list":{"0":"post-171939","1":"product","2":"type-product","3":"status-publish","4":"has-post-thumbnail","6":"product_brand-venco-de","7":"product_cat-alte-hollaendische-suessigkeiten","8":"product_cat-lakritze","9":"product_cat-susigkeiten","10":"product_cat-susigkeiten-kekse-chips-und-brezeln","11":"pa_artikelnummer-3827-de","12":"pa_dieet_allergie_biologisch-glutenfrei","14":"first","15":"onbackorder","16":"taxable","17":"shipping-taxable","18":"purchasable","19":"product-type-simple"},"bundled_by":[],"bundle_stock_status":"onbackorder","bundle_stock_quantity":null,"bundle_virtual":false,"bundle_layout":"","bundle_add_to_cart_form_location":"","bundle_editable_in_cart":false,"bundle_sold_individually_context":"","bundle_item_grouping":"","bundle_min_size":"","bundle_max_size":"","bundle_price":[],"bundled_items":[],"bundle_sell_ids":[],"acf":{"content":"120 gr"},"_links":{"self":[{"href":"https:\/\/realdutchfood.com\/de\/wp-json\/wp\/v2\/product\/171939","targetHints":{"allow":["GET"]}}],"collection":[{"href":"https:\/\/realdutchfood.com\/de\/wp-json\/wp\/v2\/product"}],"about":[{"href":"https:\/\/realdutchfood.com\/de\/wp-json\/wp\/v2\/types\/product"}],"wp:featuredmedia":[{"embeddable":true,"href":"https:\/\/realdutchfood.com\/de\/wp-json\/wp\/v2\/media\/171943"}],"wp:attachment":[{"href":"https:\/\/realdutchfood.com\/de\/wp-json\/wp\/v2\/media?parent=171939"}],"wp:term":[{"taxonomy":"product_brand","embeddable":true,"href":"https:\/\/realdutchfood.com\/de\/wp-json\/wp\/v2\/product_brand?post=171939"},{"taxonomy":"product_cat","embeddable":true,"href":"https:\/\/realdutchfood.com\/de\/wp-json\/wp\/v2\/product_cat?post=171939"},{"taxonomy":"product_tag","embeddable":true,"href":"https:\/\/realdutchfood.com\/de\/wp-json\/wp\/v2\/product_tag?post=171939"}],"curies":[{"name":"wp","href":"https:\/\/api.w.org\/{rel}","templated":true}]}}