{"id":172292,"date":"2024-09-05T15:48:45","date_gmt":"2024-09-05T13:48:45","guid":{"rendered":"https:\/\/realdutchfood.com\/?post_type=product&#038;p=172292"},"modified":"2024-10-06T13:11:39","modified_gmt":"2024-10-06T11:11:39","slug":"jumbo-baguette-vollkorn","status":"publish","type":"product","link":"https:\/\/realdutchfood.com\/de\/jumbo-baguette-vollkorn\/","title":{"rendered":"Jumbo Baguette Vollkorn"},"content":{"rendered":"<h2>Detaillierte Produktinformationen von: Jumbo Baguette Vollkorn<\/h2>\n<p>Vorgebackene <a href=\"https:\/\/realdutchfood.com\/de\/bake-off-brot\/\">Vollkorn-Baguettes zum Bake-Off<\/a> . Reich an Ballaststoffen.<\/p>\n<p class=\"block\" data-v-24343815=\"\">Dieses Brot enth\u00e4lt 7,0 g Ballaststoffe pro 100 g.<\/p>\n<div class=\"jum-nutritional-info jum-product-info-item\">\n<h3>N\u00e4hrwerte<\/h3>\n<table class=\"striped jum-table\" style=\"height: 294px;\" width=\"414\" data-testid=\"nutritional-values-table-content\" data-v-9e79464a=\"\" data-v-a7303dd4=\"\">\n<tbody>\n<tr class=\"header-row\" data-v-9e79464a=\"\">\n<th class=\"header-column\" data-v-9e79464a=\"\">N\u00e4hrwerte<\/th>\n<th class=\"header-column\" data-v-9e79464a=\"\">pro 100 g<\/th>\n<th class=\"header-column\" data-v-9e79464a=\"\">pro 35 g<\/th>\n<\/tr>\n<\/tbody>\n<tbody data-v-a7303dd4=\"\">\n<tr class=\"row\" data-v-a7303dd4=\"\">\n<td class=\"column\" data-v-a7303dd4=\"\">Energie<\/td>\n<td class=\"column\" data-v-a7303dd4=\"\">kJ 1010<\/td>\n<td class=\"column\" data-v-a7303dd4=\"\">kJ 353<\/td>\n<\/tr>\n<tr class=\"row\" data-v-a7303dd4=\"\">\n<td class=\"column\" data-v-a7303dd4=\"\"><\/td>\n<td class=\"column\" data-v-a7303dd4=\"\">kcal 239<\/td>\n<td class=\"column\" data-v-a7303dd4=\"\">kcal 84<\/td>\n<\/tr>\n<tr class=\"row\" data-v-a7303dd4=\"\">\n<td class=\"column\" data-v-a7303dd4=\"\">Fett<\/td>\n<td class=\"column\" data-v-a7303dd4=\"\">2,2 g<\/td>\n<td class=\"column\" data-v-a7303dd4=\"\">0,8 g<\/td>\n<\/tr>\n<tr class=\"row\" data-v-a7303dd4=\"\">\n<td class=\"sub-label column\" data-v-a7303dd4=\"\">Davon ges\u00e4ttigte Fetts\u00e4uren<\/td>\n<td class=\"column\" data-v-a7303dd4=\"\">0,3 g<\/td>\n<td class=\"column\" data-v-a7303dd4=\"\">0,1 g<\/td>\n<\/tr>\n<tr class=\"row\" data-v-a7303dd4=\"\">\n<td class=\"column\" data-v-a7303dd4=\"\">Kohlenhydrate<\/td>\n<td class=\"column\" data-v-a7303dd4=\"\">40,6 g<\/td>\n<td class=\"column\" data-v-a7303dd4=\"\">14,2 g<\/td>\n<\/tr>\n<tr class=\"row\" data-v-a7303dd4=\"\">\n<td class=\"sub-label column\" data-v-a7303dd4=\"\">Davon Zucker<\/td>\n<td class=\"column\" data-v-a7303dd4=\"\">3,0 g<\/td>\n<td class=\"column\" data-v-a7303dd4=\"\">1,1 g<\/td>\n<\/tr>\n<tr class=\"row\" data-v-a7303dd4=\"\">\n<td class=\"column\" data-v-a7303dd4=\"\">Ballaststoffe<\/td>\n<td class=\"column\" data-v-a7303dd4=\"\">7,0 g<\/td>\n<td class=\"column\" data-v-a7303dd4=\"\">2,5 g<\/td>\n<\/tr>\n<tr class=\"row\" data-v-a7303dd4=\"\">\n<td class=\"column\" data-v-a7303dd4=\"\">Eiwei\u00df<\/td>\n<td class=\"column\" data-v-a7303dd4=\"\">10,7 g<\/td>\n<td class=\"column\" data-v-a7303dd4=\"\">3,7 g<\/td>\n<\/tr>\n<tr class=\"row\" data-v-a7303dd4=\"\">\n<td class=\"column\" data-v-a7303dd4=\"\">Salz<\/td>\n<td class=\"column\" data-v-a7303dd4=\"\">1,04 g<\/td>\n<td class=\"column\" data-v-a7303dd4=\"\">0,37 g<\/td>\n<\/tr>\n<tr class=\"row\" data-v-a7303dd4=\"\">\n<td class=\"column\" colspan=\"3\" data-v-a7303dd4=\"\">Diese Packung enth\u00e4lt \u2248 9 Portionen.<\/td>\n<\/tr>\n<\/tbody>\n<\/table>\n<\/div>\n<div class=\"jum-gda-info jum-product-info-item\">\n<p>&nbsp;<\/p>\n<\/div>\n<div class=\"jum-ingredients-info jum-product-info-item\">\n<h3>Zutaten aus: Jumbo Baguette Vollkorn<\/h3>\n<p>Vollkorn <strong>Weizenmehl<\/strong>55,8%, Wasser, Hefe, Vollkorn <strong>Roggenmehl<\/strong>2,7%, geschrotet <strong>Weizen<\/strong> 2,4%, Leinsaat, Hirse 1,9%, Maisgr\u00fctze 1,4%, <strong>Weizengluten<\/strong>, jodiertes Salz, <strong>Haferflocken<\/strong>0,8%, <strong>Gerstenflocken<\/strong>0,8%, Malzmehl 0,1% (Weizen, <strong>Gerste<\/strong>), ger\u00f6stetes <strong>Weizenmalzmehl<\/strong>0,1%, Mehlverbesserer: E300, Enzyme (<strong>Weizen<\/strong>), E = EU-zugelassener Hilfsstoff.<\/p>\n<\/div>\n<div class=\"jum-product-usage-safety jum-product-info-item\"><\/div>\n<div class=\"jum-product-storage jum-product-info-item\">\n<p><span style=\"font-size: 20.16px; color: #333333;\">Allergiewarnung<\/span><\/p>\n<\/div>\n<div class=\"jum-product-allergy-info jum-product-info-item\">\n<div class=\"item\" data-v-cfe264b1=\"\">\n<div class=\"item\" data-v-cfe264b1=\"\">\n<div class=\"item\" data-v-cfe264b1=\"\"><strong data-v-cfe264b1=\"\">Enth\u00e4lt: <\/strong><span data-v-cfe264b1=\"\">Roggen, Weizen, Gerste, Hafer, Gluten<\/span><\/div>\n<div class=\"item\" data-v-cfe264b1=\"\"><strong data-v-cfe264b1=\"\">Kann enthalten: <\/strong><span data-v-cfe264b1=\"\">Sesam<\/span><\/div>\n<\/div>\n<\/div>\n<\/div>\n","protected":false},"excerpt":{"rendered":"<p>Detaillierte Produktinformationen von: Jumbo Baguette Vollkorn Vorgebackene Vollkorn-Baguettes zum Bake-Off . Reich an Ballaststoffen. Dieses Brot enth\u00e4lt 7,0 g Ballaststoffe pro 100 g. N\u00e4hrwerte N\u00e4hrwerte pro 100 g pro 35 g Energie kJ 1010 kJ 353 kcal 239 kcal 84 Fett 2,2 g 0,8 g Davon ges\u00e4ttigte Fetts\u00e4uren 0,3 g 0,1 g Kohlenhydrate 40,6 g [&#8230;]\n","protected":false},"featured_media":172295,"template":"","meta":{"_acf_changed":false,"_aipt_faq_data":""},"product_brand":[14474],"product_cat":[17286,15513,14479,14502,14505],"product_tag":[],"class_list":{"0":"post-172292","1":"product","2":"type-product","3":"status-publish","4":"has-post-thumbnail","6":"product_brand-jumbo-de","7":"product_cat-osterfruehstueck","8":"product_cat-bake-off-brot","9":"product_cat-fruehstueck","10":"product_cat-ostern","11":"product_cat-weihnachten-und-silvester","12":"pa_artikelnummer-1367-de","14":"first","15":"onbackorder","16":"taxable","17":"shipping-taxable","18":"purchasable","19":"product-type-simple"},"bundled_by":[],"bundle_stock_status":"onbackorder","bundle_stock_quantity":null,"bundle_virtual":false,"bundle_layout":"","bundle_add_to_cart_form_location":"","bundle_editable_in_cart":false,"bundle_sold_individually_context":"","bundle_item_grouping":"","bundle_min_size":"","bundle_max_size":"","bundle_price":[],"bundled_items":[],"bundle_sell_ids":[],"acf":{"content":"2 stks"},"_links":{"self":[{"href":"https:\/\/realdutchfood.com\/de\/wp-json\/wp\/v2\/product\/172292","targetHints":{"allow":["GET"]}}],"collection":[{"href":"https:\/\/realdutchfood.com\/de\/wp-json\/wp\/v2\/product"}],"about":[{"href":"https:\/\/realdutchfood.com\/de\/wp-json\/wp\/v2\/types\/product"}],"wp:featuredmedia":[{"embeddable":true,"href":"https:\/\/realdutchfood.com\/de\/wp-json\/wp\/v2\/media\/172295"}],"wp:attachment":[{"href":"https:\/\/realdutchfood.com\/de\/wp-json\/wp\/v2\/media?parent=172292"}],"wp:term":[{"taxonomy":"product_brand","embeddable":true,"href":"https:\/\/realdutchfood.com\/de\/wp-json\/wp\/v2\/product_brand?post=172292"},{"taxonomy":"product_cat","embeddable":true,"href":"https:\/\/realdutchfood.com\/de\/wp-json\/wp\/v2\/product_cat?post=172292"},{"taxonomy":"product_tag","embeddable":true,"href":"https:\/\/realdutchfood.com\/de\/wp-json\/wp\/v2\/product_tag?post=172292"}],"curies":[{"name":"wp","href":"https:\/\/api.w.org\/{rel}","templated":true}]}}