{"id":173140,"date":"2024-09-29T12:52:55","date_gmt":"2024-09-29T10:52:55","guid":{"rendered":"https:\/\/realdutchfood.com\/?post_type=product&#038;p=173140"},"modified":"2024-10-06T12:46:12","modified_gmt":"2024-10-06T10:46:12","slug":"jumbo-laktosefreie-teilentrahmte-milch","status":"publish","type":"product","link":"https:\/\/realdutchfood.com\/de\/jumbo-laktosefreie-teilentrahmte-milch\/","title":{"rendered":"Jumbo Laktosefreie teilentrahmte Milch"},"content":{"rendered":"<h2>Umfangreiche Produktinformation zu: Jumbo Laktosefreie teilentrahmte Milch<\/h2>\n<div class=\"text-body\" data-testid=\"product-description-text-body\" data-v-24343815=\"\">\n<div class=\"text-body\" data-testid=\"product-description-text-body\" data-v-24343815=\"\">\n<p class=\"block\" data-v-24343815=\"\">Teilentrahmte, laktosefreie\u00b9 Milch, die durch Erhitzen (UHT) l\u00e4nger haltbar wird. \u00b9Dieses Produkt enth\u00e4lt maximal 0,01 g Laktose\/ 100 ml.<\/p>\n<p class=\"block\" data-v-24343815=\"\">Laktosefreie Milchprodukte werden aus normaler Kuhmilch hergestellt, aber laktosefreie Produkte wandeln Laktose (Milchzucker) im Voraus in andere Zucker um, sodass Ihr K\u00f6rper dies nicht mehr tun muss.<\/p>\n<\/div>\n<\/div>\n<h3>N\u00e4hrwerte<\/h3>\n<table class=\"striped jum-table\" data-testid=\"nutritional-values-table-content\" data-v-9e79464a=\"\" data-v-a7303dd4=\"\">\n<tbody>\n<tr class=\"header-row\" data-v-9e79464a=\"\">\n<th class=\"header-column\" data-v-9e79464a=\"\">N\u00e4hrwerte<\/th>\n<th class=\"header-column\" data-v-9e79464a=\"\">pro 100 ml<\/th>\n<th class=\"header-column\" data-v-9e79464a=\"\">pro 250 ml<\/th>\n<th class=\"header-column\" data-v-9e79464a=\"\">RI*<\/th>\n<\/tr>\n<\/tbody>\n<tbody data-v-a7303dd4=\"\">\n<tr class=\"row\" data-v-a7303dd4=\"\">\n<td class=\"column\" data-v-a7303dd4=\"\">Energie<\/td>\n<td class=\"column\" data-v-a7303dd4=\"\">kJ 195<\/td>\n<td class=\"column\" data-v-a7303dd4=\"\">kJ 488<\/td>\n<td class=\"column\" data-v-a7303dd4=\"\"><\/td>\n<\/tr>\n<tr class=\"row\" data-v-a7303dd4=\"\">\n<td class=\"column\" data-v-a7303dd4=\"\"><\/td>\n<td class=\"column\" data-v-a7303dd4=\"\">kcal 46<\/td>\n<td class=\"column\" data-v-a7303dd4=\"\">kcal 116<\/td>\n<td class=\"column\" data-v-a7303dd4=\"\">6%<\/td>\n<\/tr>\n<tr class=\"row\" data-v-a7303dd4=\"\">\n<td class=\"column\" data-v-a7303dd4=\"\">Fett<\/td>\n<td class=\"column\" data-v-a7303dd4=\"\">1,6 g<\/td>\n<td class=\"column\" data-v-a7303dd4=\"\">4,0 g<\/td>\n<td class=\"column\" data-v-a7303dd4=\"\">6%<\/td>\n<\/tr>\n<tr class=\"row\" data-v-a7303dd4=\"\">\n<td class=\"sub-label column\" data-v-a7303dd4=\"\">Davon ges\u00e4ttigte Fetts\u00e4uren<\/td>\n<td class=\"column\" data-v-a7303dd4=\"\">0,9 g<\/td>\n<td class=\"column\" data-v-a7303dd4=\"\">2,3 g<\/td>\n<td class=\"column\" data-v-a7303dd4=\"\">11%<\/td>\n<\/tr>\n<tr class=\"row\" data-v-a7303dd4=\"\">\n<td class=\"column\" data-v-a7303dd4=\"\">Kohlenhydrate<\/td>\n<td class=\"column\" data-v-a7303dd4=\"\">4,7 g<\/td>\n<td class=\"column\" data-v-a7303dd4=\"\">11,8 g<\/td>\n<td class=\"column\" data-v-a7303dd4=\"\">5%<\/td>\n<\/tr>\n<tr class=\"row\" data-v-a7303dd4=\"\">\n<td class=\"sub-label column\" data-v-a7303dd4=\"\">Davon Zucker<\/td>\n<td class=\"column\" data-v-a7303dd4=\"\">4,7 g<\/td>\n<td class=\"column\" data-v-a7303dd4=\"\">11,8 g<\/td>\n<td class=\"column\" data-v-a7303dd4=\"\">13%<\/td>\n<\/tr>\n<tr class=\"row\" data-v-a7303dd4=\"\">\n<td class=\"column\" data-v-a7303dd4=\"\">Ballaststoffe<\/td>\n<td class=\"column\" data-v-a7303dd4=\"\">0,0 g<\/td>\n<td class=\"column\" data-v-a7303dd4=\"\">0,0 g<\/td>\n<td class=\"column\" data-v-a7303dd4=\"\"><\/td>\n<\/tr>\n<tr class=\"row\" data-v-a7303dd4=\"\">\n<td class=\"column\" data-v-a7303dd4=\"\">Eiwei\u00df<\/td>\n<td class=\"column\" data-v-a7303dd4=\"\">3,3 g<\/td>\n<td class=\"column\" data-v-a7303dd4=\"\">8,3 g<\/td>\n<td class=\"column\" data-v-a7303dd4=\"\">17%<\/td>\n<\/tr>\n<tr class=\"row\" data-v-a7303dd4=\"\">\n<td class=\"column\" data-v-a7303dd4=\"\">Salz<\/td>\n<td class=\"column\" data-v-a7303dd4=\"\">0,10 g<\/td>\n<td class=\"column\" data-v-a7303dd4=\"\">0,25 g<\/td>\n<td class=\"column\" data-v-a7303dd4=\"\">4%<\/td>\n<\/tr>\n<tr class=\"row\" data-v-a7303dd4=\"\">\n<td class=\"column\" data-v-a7303dd4=\"\">Kalzium<\/td>\n<td class=\"column\" data-v-a7303dd4=\"\">120 mg (15%***)<\/td>\n<td class=\"column\" data-v-a7303dd4=\"\">300 mg (37%***)<\/td>\n<td class=\"column\" data-v-a7303dd4=\"\"><\/td>\n<\/tr>\n<tr class=\"row\" data-v-a7303dd4=\"\">\n<td class=\"column\" colspan=\"4\" data-v-a7303dd4=\"\">* RI = Referenzmenge eines durchschnittlichen Erwachsenen (8.400 kJ\/2.000 kcal).<\/td>\n<\/tr>\n<tr class=\"row\" data-v-a7303dd4=\"\">\n<td class=\"column\" colspan=\"4\" data-v-a7303dd4=\"\">** Der Salzgehalt besteht aus nat\u00fcrlich vorkommendem Natrium.<\/td>\n<\/tr>\n<tr class=\"row\" data-v-a7303dd4=\"\">\n<td class=\"column\" colspan=\"4\" data-v-a7303dd4=\"\">Prozentsatz der empfohlenen t\u00e4glichen Referenzmenge f\u00fcr Erwachsene.<\/td>\n<\/tr>\n<tr class=\"row\" data-v-a7303dd4=\"\">\n<td class=\"column\" colspan=\"4\" data-v-a7303dd4=\"\">Diese Packung enth\u00e4lt 4 Portionen.<\/td>\n<\/tr>\n<\/tbody>\n<\/table>\n<div class=\"jum-nutritional-info jum-product-info-item\"><\/div>\n<div class=\"jum-ingredients-info jum-product-info-item\">\n<h3>Zutaten f\u00fcr: Jumbo Laktosefreie teilentrahmte Milch<\/h3>\n<p>Teilentrahmt <strong>Milch<\/strong>, Laktase<\/p>\n<\/div>\n<div class=\"jum-product-allergy-info jum-product-info-item\">\n<h3 id=\"jum-allergy-title\" class=\"jum-warning\">Allergiewarnung<\/h3>\n<div class=\"list\" data-testid=\"allergens-content\" data-v-cfe264b1=\"\">\n<div class=\"item\" data-v-cfe264b1=\"\"><strong data-v-cfe264b1=\"\">Enth\u00e4lt: <\/strong><span data-v-cfe264b1=\"\">Milch<\/span><\/div>\n<\/div>\n<h3 id=\"jum-allergy-title\" class=\"jum-warning\">Ern\u00e4hrung und Gesundheit<\/h3>\n<p>Der Salzgehalt setzt sich aus nat\u00fcrlich vorkommendem Natrium zusammen<\/p>\n<\/div>\n","protected":false},"excerpt":{"rendered":"<p>Umfangreiche Produktinformation zu: Jumbo Laktosefreie teilentrahmte Milch Teilentrahmte, laktosefreie\u00b9 Milch, die durch Erhitzen (UHT) l\u00e4nger haltbar wird. \u00b9Dieses Produkt enth\u00e4lt maximal 0,01 g Laktose\/ 100 ml. Laktosefreie Milchprodukte werden aus normaler Kuhmilch hergestellt, aber laktosefreie Produkte wandeln Laktose (Milchzucker) im Voraus in andere Zucker um, sodass Ihr K\u00f6rper dies nicht mehr tun muss. N\u00e4hrwerte N\u00e4hrwerte [&#8230;]\n","protected":false},"featured_media":173143,"template":"","meta":{"_acf_changed":false,"_aipt_faq_data":""},"product_brand":[14474],"product_cat":[14554,14492],"product_tag":[],"class_list":{"0":"post-173140","1":"product","2":"type-product","3":"status-publish","4":"has-post-thumbnail","6":"product_brand-jumbo-de","7":"product_cat-getranke-auf-milchbasis","8":"product_cat-milchprodukte","9":"pa_artikelnummer-1413-de","10":"pa_dieet_allergie_biologisch-laktosefrei","12":"first","13":"onbackorder","14":"taxable","15":"shipping-taxable","16":"purchasable","17":"product-type-simple"},"bundled_by":[],"bundle_stock_status":"onbackorder","bundle_stock_quantity":null,"bundle_virtual":false,"bundle_layout":"","bundle_add_to_cart_form_location":"","bundle_editable_in_cart":false,"bundle_sold_individually_context":"","bundle_item_grouping":"","bundle_min_size":"","bundle_max_size":"","bundle_price":[],"bundled_items":[],"bundle_sell_ids":[],"acf":{"content":"1.l"},"_links":{"self":[{"href":"https:\/\/realdutchfood.com\/de\/wp-json\/wp\/v2\/product\/173140","targetHints":{"allow":["GET"]}}],"collection":[{"href":"https:\/\/realdutchfood.com\/de\/wp-json\/wp\/v2\/product"}],"about":[{"href":"https:\/\/realdutchfood.com\/de\/wp-json\/wp\/v2\/types\/product"}],"wp:featuredmedia":[{"embeddable":true,"href":"https:\/\/realdutchfood.com\/de\/wp-json\/wp\/v2\/media\/173143"}],"wp:attachment":[{"href":"https:\/\/realdutchfood.com\/de\/wp-json\/wp\/v2\/media?parent=173140"}],"wp:term":[{"taxonomy":"product_brand","embeddable":true,"href":"https:\/\/realdutchfood.com\/de\/wp-json\/wp\/v2\/product_brand?post=173140"},{"taxonomy":"product_cat","embeddable":true,"href":"https:\/\/realdutchfood.com\/de\/wp-json\/wp\/v2\/product_cat?post=173140"},{"taxonomy":"product_tag","embeddable":true,"href":"https:\/\/realdutchfood.com\/de\/wp-json\/wp\/v2\/product_tag?post=173140"}],"curies":[{"name":"wp","href":"https:\/\/api.w.org\/{rel}","templated":true}]}}