{"id":173195,"date":"2024-09-30T16:58:28","date_gmt":"2024-09-30T14:58:28","guid":{"rendered":"https:\/\/realdutchfood.com\/?post_type=product&#038;p=173195"},"modified":"2024-10-06T12:41:27","modified_gmt":"2024-10-06T10:41:27","slug":"alpro-mandeldrink-ohne-zucker","status":"publish","type":"product","link":"https:\/\/realdutchfood.com\/de\/alpro-mandeldrink-ohne-zucker\/","title":{"rendered":"Alpro Mandeldrink ohne Zucker"},"content":{"rendered":"<h1 class=\"jum-heading strong h3\" data-testid=\"product-title\" data-v-008e9f0f=\"\" data-v-6c35a917=\"\">Alpro Mandeldrink ohne Zucker<\/h1>\n<h2>Umfangreiche Produktinformationen<\/h2>\n<div data-testhook=\"product-info-description\">\n<div class=\"product-summary_root__prkLR\" data-testhook=\"product-summary\">\n<p class=\"block\" data-v-24343815=\"\">Mandeldrink mit Zusatz von Kalzium und Vitaminen.<\/p>\n<p class=\"block\" data-v-24343815=\"\">Alpro Mandel Drink Ger\u00f6stet enth\u00e4lt mediterrane Mandeln, die leicht ger\u00f6stet wurden, um ihren raffinierten Geschmack hervorzuheben. K\u00f6stlich in Ihrem M\u00fcsli, in Ihrem Smoothie oder direkt aus dem Glas!<\/p>\n<p>&#8211; Pflanzlich mit einem raffinierten nussigen Geschmack von leicht ger\u00f6steten Mandeln &#8211; Hergestellt aus sonnenverw\u00f6hnten Mandeln aus dem Mittelmeerraum &#8211; Ohne Zucker oder S\u00fc\u00dfstoffe, fettarm und Kalziumquelle &#8211; Nat\u00fcrlich laktosefrei, glutenfrei und vegan &#8211; Kann endlos kombiniert werden! K\u00f6stlich zu M\u00fcsli, in Overnight Oats \/ Smoothie oder direkt aus dem Glas<\/p>\n<\/div>\n<\/div>\n<div class=\"jum-nutritional-info jum-product-info-item\">\n<h3>N\u00e4hrwerte von Alpro Mandeldrink ohne Zucker<\/h3>\n<table class=\"striped jum-table\" style=\"height: 452px;\" width=\"470\" data-testid=\"nutritional-values-table-content\" data-v-9e79464a=\"\" data-v-a7303dd4=\"\">\n<tbody>\n<tr class=\"header-row\" data-v-9e79464a=\"\">\n<th class=\"header-column\" data-v-9e79464a=\"\">N\u00e4hrwerte<\/th>\n<th class=\"header-column\" data-v-9e79464a=\"\">pro 100 ml<\/th>\n<\/tr>\n<\/tbody>\n<tbody data-v-a7303dd4=\"\">\n<tr class=\"row\" data-v-a7303dd4=\"\">\n<td class=\"column\" data-v-a7303dd4=\"\">Energie<\/td>\n<td class=\"column\" data-v-a7303dd4=\"\">56 kJ \/ 13 kcal<\/td>\n<\/tr>\n<tr class=\"row\" data-v-a7303dd4=\"\">\n<td class=\"column\" data-v-a7303dd4=\"\">Fette<\/td>\n<td class=\"column\" data-v-a7303dd4=\"\">1,1 g<\/td>\n<\/tr>\n<tr class=\"row\" data-v-a7303dd4=\"\">\n<td class=\"sub-label column\" data-v-a7303dd4=\"\">Davon ges\u00e4ttigt<\/td>\n<td class=\"column\" data-v-a7303dd4=\"\">0,1 g<\/td>\n<\/tr>\n<tr class=\"row\" data-v-a7303dd4=\"\">\n<td class=\"column\" data-v-a7303dd4=\"\">Kohlenhydrate<\/td>\n<td class=\"column\" data-v-a7303dd4=\"\">0 g<\/td>\n<\/tr>\n<tr class=\"row\" data-v-a7303dd4=\"\">\n<td class=\"sub-label column\" data-v-a7303dd4=\"\">Davon Zucker<\/td>\n<td class=\"column\" data-v-a7303dd4=\"\">0 g<\/td>\n<\/tr>\n<tr class=\"row\" data-v-a7303dd4=\"\">\n<td class=\"column\" data-v-a7303dd4=\"\">Ballaststoffe<\/td>\n<td class=\"column\" data-v-a7303dd4=\"\">0,3 g<\/td>\n<\/tr>\n<tr class=\"row\" data-v-a7303dd4=\"\">\n<td class=\"column\" data-v-a7303dd4=\"\">Eiwei\u00df<\/td>\n<td class=\"column\" data-v-a7303dd4=\"\">0,4 g<\/td>\n<\/tr>\n<tr class=\"row\" data-v-a7303dd4=\"\">\n<td class=\"column\" data-v-a7303dd4=\"\">Salz<\/td>\n<td class=\"column\" data-v-a7303dd4=\"\">0,14 g<\/td>\n<\/tr>\n<tr class=\"row\" data-v-a7303dd4=\"\">\n<td class=\"column\" colspan=\"2\" data-v-a7303dd4=\"\">Vitamine:<\/td>\n<\/tr>\n<tr class=\"row\" data-v-a7303dd4=\"\">\n<td class=\"column\" data-v-a7303dd4=\"\">&#8211; D2<\/td>\n<td class=\"column\" data-v-a7303dd4=\"\">0,75 \u03bcg*<\/td>\n<\/tr>\n<tr class=\"row\" data-v-a7303dd4=\"\">\n<td class=\"column\" data-v-a7303dd4=\"\">&#8211; E<\/td>\n<td class=\"column\" data-v-a7303dd4=\"\">1,8 mg*<\/td>\n<\/tr>\n<tr class=\"row\" data-v-a7303dd4=\"\">\n<td class=\"column\" data-v-a7303dd4=\"\">&#8211; Riboflavin (B2)<\/td>\n<td class=\"column\" data-v-a7303dd4=\"\">0,21 mg*<\/td>\n<\/tr>\n<tr class=\"row\" data-v-a7303dd4=\"\">\n<td class=\"column\" data-v-a7303dd4=\"\">&#8211; B12<\/td>\n<td class=\"column\" data-v-a7303dd4=\"\">0,38 \u03bcg*<\/td>\n<\/tr>\n<tr class=\"row\" data-v-a7303dd4=\"\">\n<td class=\"column\" colspan=\"2\" data-v-a7303dd4=\"\">Mineralstoffe:<\/td>\n<\/tr>\n<tr class=\"row\" data-v-a7303dd4=\"\">\n<td class=\"column\" data-v-a7303dd4=\"\">&#8211; Kalzium<\/td>\n<td class=\"column\" data-v-a7303dd4=\"\">120 mg*<\/td>\n<\/tr>\n<tr class=\"row\" data-v-a7303dd4=\"\">\n<td class=\"column\" colspan=\"2\" data-v-a7303dd4=\"\">* = 15% der N\u00e4hrwertangaben.<\/td>\n<\/tr>\n<\/tbody>\n<\/table>\n<\/div>\n<div class=\"jum-lifestyle-images jum-product-info-item\"><\/div>\n<div class=\"jum-ingredients-info jum-product-info-item\">\n<h3>Zutaten<\/h3>\n<p>Wasser <strong>Mandel<\/strong> (2,3%), Calcium (Tricalciumphosphat), Meersalz, Stabilisatoren (Johannisbrotkernmehl, Gellan), Emulgator (Lecithine), Vitamine B2, B12, D2, E<\/p>\n<\/div>\n<div class=\"jum-product-allergy-info jum-product-info-item\">\n<h3 id=\"jum-allergy-title\" class=\"jum-warning\">Allergiewarnung<\/h3>\n<div class=\"item\" data-v-cfe264b1=\"\"><strong data-v-cfe264b1=\"\">Enth\u00e4lt: <\/strong><span data-v-cfe264b1=\"\">Mandeln<\/span><\/div>\n<div class=\"item\" data-v-cfe264b1=\"\"><strong data-v-cfe264b1=\"\">Kann enthalten: <\/strong><span data-v-cfe264b1=\"\">N\u00fcsse<\/span><\/div>\n<\/div>\n<div class=\"jum-product-additive-info jum-product-info-item\"><\/div>\n<div class=\"jum-product-info-item\">\n<p>&nbsp;<\/p>\n<\/div>\n","protected":false},"excerpt":{"rendered":"<p>Alpro Mandeldrink ohne Zucker Umfangreiche Produktinformationen Mandeldrink mit Zusatz von Kalzium und Vitaminen. Alpro Mandel Drink Ger\u00f6stet enth\u00e4lt mediterrane Mandeln, die leicht ger\u00f6stet wurden, um ihren raffinierten Geschmack hervorzuheben. K\u00f6stlich in Ihrem M\u00fcsli, in Ihrem Smoothie oder direkt aus dem Glas! &#8211; Pflanzlich mit einem raffinierten nussigen Geschmack von leicht ger\u00f6steten Mandeln &#8211; Hergestellt aus [&#8230;]\n","protected":false},"featured_media":173198,"template":"","meta":{"_acf_changed":false,"_aipt_faq_data":""},"product_brand":[14960],"product_cat":[14492,14554],"product_tag":[],"class_list":{"0":"post-173195","1":"product","2":"type-product","3":"status-publish","4":"has-post-thumbnail","6":"product_brand-alpro-de","7":"product_cat-milchprodukte","8":"product_cat-getranke-auf-milchbasis","9":"pa_artikelnummer-1443-de","10":"pa_dieet_allergie_biologisch-glutenfrei","11":"pa_dieet_allergie_biologisch-laktosefrei","12":"pa_dieet_allergie_biologisch-vegan-de","13":"pa_dieet_allergie_biologisch-zuckerbewusst","14":"pa_show-myparcel-options-1-de","16":"first","17":"onbackorder","18":"taxable","19":"shipping-taxable","20":"purchasable","21":"product-type-simple"},"bundled_by":[],"bundle_stock_status":"onbackorder","bundle_stock_quantity":null,"bundle_virtual":false,"bundle_layout":"","bundle_add_to_cart_form_location":"","bundle_editable_in_cart":false,"bundle_sold_individually_context":"","bundle_item_grouping":"","bundle_min_size":"","bundle_max_size":"","bundle_price":[],"bundled_items":[],"bundle_sell_ids":[],"acf":{"content":"1 lt"},"_links":{"self":[{"href":"https:\/\/realdutchfood.com\/de\/wp-json\/wp\/v2\/product\/173195","targetHints":{"allow":["GET"]}}],"collection":[{"href":"https:\/\/realdutchfood.com\/de\/wp-json\/wp\/v2\/product"}],"about":[{"href":"https:\/\/realdutchfood.com\/de\/wp-json\/wp\/v2\/types\/product"}],"wp:featuredmedia":[{"embeddable":true,"href":"https:\/\/realdutchfood.com\/de\/wp-json\/wp\/v2\/media\/173198"}],"wp:attachment":[{"href":"https:\/\/realdutchfood.com\/de\/wp-json\/wp\/v2\/media?parent=173195"}],"wp:term":[{"taxonomy":"product_brand","embeddable":true,"href":"https:\/\/realdutchfood.com\/de\/wp-json\/wp\/v2\/product_brand?post=173195"},{"taxonomy":"product_cat","embeddable":true,"href":"https:\/\/realdutchfood.com\/de\/wp-json\/wp\/v2\/product_cat?post=173195"},{"taxonomy":"product_tag","embeddable":true,"href":"https:\/\/realdutchfood.com\/de\/wp-json\/wp\/v2\/product_tag?post=173195"}],"curies":[{"name":"wp","href":"https:\/\/api.w.org\/{rel}","templated":true}]}}