{"id":173317,"date":"2024-10-04T17:18:39","date_gmt":"2024-10-04T15:18:39","guid":{"rendered":"https:\/\/realdutchfood.com\/?post_type=product&#038;p=173317"},"modified":"2026-03-16T10:21:57","modified_gmt":"2026-03-16T09:21:57","slug":"jumbo-sojadrink-ungesusst","status":"publish","type":"product","link":"https:\/\/realdutchfood.com\/de\/jumbo-sojadrink-ungesusst\/","title":{"rendered":"Jumbo Sojadrink unges\u00fc\u00dft"},"content":{"rendered":"<p>Der Jumbo Sojadrink unges\u00fc\u00dft bietet eine perfekte pflanzliche Alternative f\u00fcr alle, die auf Laktose verzichten oder ihren Zuckerkonsum reduzieren m\u00f6chten. Mit 1 Liter Inhalt eignet sich dieses Getr\u00e4nk ideal f\u00fcr den t\u00e4glichen Gebrauch in verschiedenen Rezepten oder als erfrischende Basis f\u00fcr M\u00fcsli und Smoothies.<\/p>\n<p>Das Produkt ist laktosefrei und somit auch f\u00fcr Menschen mit Laktoseintoleranz geeignet. Gleichzeitig ist es zuckerbewusst hergestellt, was bedeutet, dass kein Zucker zugesetzt wurde. So unterst\u00fctzt es eine bewusste Ern\u00e4hrung ohne unn\u00f6tige Kalorien durch Zucker.<\/p>\n<ul>\n<li><strong>Reich an Vitaminen:<\/strong> Der Sojadrink ist mit Vitamin B2, B12 und Vitamin D angereichert, die zur normalen Funktion des Immunsystems und zur Erhaltung gesunder Knochen beitragen.<\/li>\n<li><strong>Kalziumzusatz:<\/strong> Er enth\u00e4lt zus\u00e4tzlich Kalzium, das wichtig f\u00fcr starke Knochen und Z\u00e4hne ist, besonders f\u00fcr Menschen, die keine Kuhmilch konsumieren.<\/li>\n<li><strong>UHT-Verfahren:<\/strong> Durch die Ultrahocherhitzung ist die Haltbarkeit verl\u00e4ngert, sodass Sie den Sojadrink bequem lagern k\u00f6nnen, ohne auf Qualit\u00e4t zu verzichten.<\/li>\n<li><strong>Nat\u00fcrlich und ohne Zusatz von Zucker:<\/strong> Ideal f\u00fcr zuckerbewusste Verbraucher, die dennoch nicht auf den Geschmack eines pflanzlichen Milchgetr\u00e4nks verzichten wollen.<\/li>\n<\/ul>\n<p><strong>Zutaten<\/strong><br \/>Wasser, gesch\u00e4lte Sojabohnen 12%, Stabilisator: E418, Meersalz, Mineralstoff: Calciumcarbonat, Vitamine: Riboflavin (B2), B12 und D2, E = EU-zugelassener Hilfsstoff.<\/p>\n<p><strong>Allergene<\/strong><br \/>Enth\u00e4lt Soja. Laktosefrei.<\/p>\n<p><strong>N\u00e4hrwerte pro 100 ml<\/strong><br \/>Energie: 141 kJ \/ 34 kcal<br \/>Fett: 1,8 g (davon ges\u00e4ttigte Fetts\u00e4uren 0,3 g)<br \/>Kohlenhydrate: 0,9 g (davon Zucker 0,5 g)<br \/>Ballaststoffe: 0,4 g<br \/>Eiwei\u00df: 3,3 g<br \/>Salz: 0,08 g<br \/>Vitamin B2: 0,21 mg (15% RI)<br \/>Vitamin B12: 0,38 \u00b5g (15% RI)<br \/>Vitamin D: 0,75 \u00b5g (15% RI)<br \/>Kalzium: 120 mg (15% RI)<\/p>\n<p>RI = Referenzmenge eines durchschnittlichen Erwachsenen (8.400 kJ \/ 2.000 kcal)<\/p>\n<p>Dieses Produkt enth\u00e4lt 5 Portionen.<\/p>\n<p>Der Jumbo Sojadrink unges\u00fc\u00dft ist die ideale Wahl f\u00fcr niederl\u00e4ndische Expats weltweit, die Wert auf ein authentisches, pflanzliches Milchgetr\u00e4nk legen, das frei von Laktose und Zuckerzusatz ist. Er passt perfekt zu einer bewussten Ern\u00e4hrung, unterst\u00fctzt durch wichtige Vitamine und Mineralstoffe \u2013 eine praktische und gesunde Erg\u00e4nzung in jeder K\u00fcche.<\/p>\n","protected":false},"excerpt":{"rendered":"<p>Genie\u00dfen Sie eine laktosefreie und zuckerbewusste Alternative mit 1 Liter unges\u00fc\u00dftem Sojadrink, angereichert mit wichtigen Vitaminen und Kalzium. Ideal f\u00fcr alle, die eine bewusste Ern\u00e4hrung ohne Zuckerzusatz suchen und gleichzeitig den Geschmack eines nat\u00fcrlichen pflanzlichen Milchgetr\u00e4nks sch\u00e4tzen.<\/p>\n","protected":false},"featured_media":173320,"template":"","meta":{"_acf_changed":false,"_aipt_faq_data":""},"product_brand":[14474],"product_cat":[14554,14492],"product_tag":[],"class_list":{"0":"post-173317","1":"product","2":"type-product","3":"status-publish","4":"has-post-thumbnail","6":"product_brand-jumbo-de","7":"product_cat-getranke-auf-milchbasis","8":"product_cat-milchprodukte","9":"pa_artikelnummer-1440-de","10":"pa_dieet_allergie_biologisch-laktosefrei","11":"pa_dieet_allergie_biologisch-zuckerbewusst","13":"first","14":"onbackorder","15":"taxable","16":"shipping-taxable","17":"purchasable","18":"product-type-simple"},"bundled_by":[],"bundle_stock_status":"onbackorder","bundle_stock_quantity":null,"bundle_virtual":false,"bundle_layout":"","bundle_add_to_cart_form_location":"","bundle_editable_in_cart":false,"bundle_sold_individually_context":"","bundle_item_grouping":"","bundle_min_size":"","bundle_max_size":"","bundle_price":[],"bundled_items":[],"bundle_sell_ids":[],"acf":{"content":"1 liter"},"_links":{"self":[{"href":"https:\/\/realdutchfood.com\/de\/wp-json\/wp\/v2\/product\/173317","targetHints":{"allow":["GET"]}}],"collection":[{"href":"https:\/\/realdutchfood.com\/de\/wp-json\/wp\/v2\/product"}],"about":[{"href":"https:\/\/realdutchfood.com\/de\/wp-json\/wp\/v2\/types\/product"}],"wp:featuredmedia":[{"embeddable":true,"href":"https:\/\/realdutchfood.com\/de\/wp-json\/wp\/v2\/media\/173320"}],"wp:attachment":[{"href":"https:\/\/realdutchfood.com\/de\/wp-json\/wp\/v2\/media?parent=173317"}],"wp:term":[{"taxonomy":"product_brand","embeddable":true,"href":"https:\/\/realdutchfood.com\/de\/wp-json\/wp\/v2\/product_brand?post=173317"},{"taxonomy":"product_cat","embeddable":true,"href":"https:\/\/realdutchfood.com\/de\/wp-json\/wp\/v2\/product_cat?post=173317"},{"taxonomy":"product_tag","embeddable":true,"href":"https:\/\/realdutchfood.com\/de\/wp-json\/wp\/v2\/product_tag?post=173317"}],"curies":[{"name":"wp","href":"https:\/\/api.w.org\/{rel}","templated":true}]}}