{"id":192568,"date":"2026-01-28T22:45:03","date_gmt":"2026-01-28T21:45:03","guid":{"rendered":"https:\/\/realdutchfood.com\/?post_type=product&#038;p=192568"},"modified":"2026-03-14T14:07:54","modified_gmt":"2026-03-14T13:07:54","slug":"croky-chips-mexicano","status":"publish","type":"product","link":"https:\/\/realdutchfood.com\/de\/croky-chips-mexicano\/","title":{"rendered":"Croky Chips Mexicano"},"content":{"rendered":"<p>Entdecken Sie mit Croky Chips Mexicano einen einzigartigen, w\u00fcrzigen Geschmack, der an die Aromen Mexikos erinnert und jeden Snack-Moment besonders macht. Diese Kartoffelchips sind glutenfrei und somit auch f\u00fcr Menschen mit Glutenunvertr\u00e4glichkeit eine k\u00f6stliche Wahl.<\/p>\n<h3>Produktmerkmale und Vorteile<\/h3>\n<ul>\n<li><strong>Glutenfrei:<\/strong> Geeignet f\u00fcr eine glutenfreie Ern\u00e4hrung und somit ideal f\u00fcr Kunden mit Glutenunvertr\u00e4glichkeit oder Z\u00f6liakie.<\/li>\n<li><strong>Authentischer Mexicano\u00ae Geschmack:<\/strong> Die Gew\u00fcrzmischung mit Maismehl, Cayenne, wei\u00dfem Pfeffer, Muskatnuss und Chili Habanero sorgt f\u00fcr eine w\u00fcrzige und charaktervolle Geschmacksexplosion.<\/li>\n<li><strong>Regionale Kartoffeln:<\/strong> Die Verwendung von 64 % Kartoffeln aus der EU garantiert hohe Qualit\u00e4t und frischen Geschmack.<\/li>\n<li><strong>Hochwertiges Sonnenblumen\u00f6l:<\/strong> Verleiht den Chips eine knusprige Textur und einen milden Geschmack.<\/li>\n<\/ul>\n<h3>Zutaten<\/h3>\n<p>64 % Kartoffeln (EU), Sonnenblumen\u00f6l, Mexicano-Gew\u00fcrze\u00ae (Maismehl), Zucker, Aromastoffe, Salz, Dextrose, Gew\u00fcrze (davon 0,2 % Cayenne, 0,2 % wei\u00dfer Pfeffer, 0,02 % Muskatnuss, 0,01 % Chili Habanero), Kaliumchlorid, SOY-Saucenpulver (SOY-Sauce, Maltodextrin), S\u00e4ure (Zitronens\u00e4ure)<\/p>\n<h3>Allergene<\/h3>\n<p>Enth\u00e4lt Soja.<\/p>\n<h3>N\u00e4hrwerte pro 100 g<\/h3>\n<ul>\n<li>Energie: 2166 kJ \/ 517 kcal<\/li>\n<li>Fett: 29,0 g (davon ges\u00e4ttigte Fetts\u00e4uren: 2,4 g)<\/li>\n<li>Kohlenhydrate: 55,0 g (davon Zucker: 2,3 g)<\/li>\n<li>Ballaststoffe: 4,1 g<\/li>\n<li>Eiwei\u00df: 6,4 g<\/li>\n<li>Salz: 1,1 g<\/li>\n<\/ul>\n<p>Diese knusprigen Chips sind ideal f\u00fcr den Genuss zu Hause oder unterwegs. Ob als Snack zwischendurch oder zum Teilen bei geselligen Anl\u00e4ssen \u2013 Croky Chips Mexicano bieten ein w\u00fcrziges Geschmackserlebnis mit dem gewissen Etwas.<\/p>\n<p>Als Teil des Sortiments von Real Dutch Food sind diese Chips besonders bei niederl\u00e4ndischen Expats beliebt, die sich nach authentischen und vertrauten Snacks aus der Heimat sehnen. Bestellen Sie Croky Chips Mexicano unkompliziert und weltweit, um das gewohnte Geschmackserlebnis jederzeit genie\u00dfen zu k\u00f6nnen.<\/p>\n","protected":false},"excerpt":{"rendered":"<p>Genie\u00dfen Sie den w\u00fcrzigen Geschmack von Croky Chips Mexicano, perfekt f\u00fcr alle, die glutenfreie Snacks bevorzugen. Die 200-Gramm-Packung bietet eine praktische Menge f\u00fcr den unkomplizierten Genuss zwischendurch oder beim Treffen mit Freunden. Mit authentischem Mexicano-Geschmack bringen diese Kartoffelchips eine aufregende W\u00fcrze in Ihren Alltag \u2013 ideal f\u00fcr Fans der niederl\u00e4ndischen Snackkultur, die besonderen Wert auf Qualit\u00e4t und Vertr\u00e4glichkeit legen.<\/p>\n","protected":false},"featured_media":192571,"template":"","meta":{"_acf_changed":false,"_aipt_faq_data":""},"product_brand":[17411],"product_cat":[14786,14525],"product_tag":[14485],"class_list":{"0":"post-192568","1":"product","2":"type-product","3":"status-publish","4":"has-post-thumbnail","6":"product_brand-croky","7":"product_cat-kartoffelchips","8":"product_cat-susigkeiten-kekse-chips-und-brezeln","9":"product_tag-am-meisten-vermisste-niederlaendische-produkte","10":"pa_dieet_allergie_biologisch-glutenfrei","12":"first","13":"onbackorder","14":"taxable","15":"shipping-taxable","16":"purchasable","17":"product-type-simple"},"bundled_by":[],"bundle_stock_status":"onbackorder","bundle_stock_quantity":null,"bundle_virtual":false,"bundle_layout":"","bundle_add_to_cart_form_location":"","bundle_editable_in_cart":false,"bundle_sold_individually_context":"","bundle_item_grouping":"","bundle_min_size":"","bundle_max_size":"","bundle_price":[],"bundled_items":[],"bundle_sell_ids":[],"acf":{"content":"200 gr"},"_links":{"self":[{"href":"https:\/\/realdutchfood.com\/de\/wp-json\/wp\/v2\/product\/192568","targetHints":{"allow":["GET"]}}],"collection":[{"href":"https:\/\/realdutchfood.com\/de\/wp-json\/wp\/v2\/product"}],"about":[{"href":"https:\/\/realdutchfood.com\/de\/wp-json\/wp\/v2\/types\/product"}],"wp:featuredmedia":[{"embeddable":true,"href":"https:\/\/realdutchfood.com\/de\/wp-json\/wp\/v2\/media\/192571"}],"wp:attachment":[{"href":"https:\/\/realdutchfood.com\/de\/wp-json\/wp\/v2\/media?parent=192568"}],"wp:term":[{"taxonomy":"product_brand","embeddable":true,"href":"https:\/\/realdutchfood.com\/de\/wp-json\/wp\/v2\/product_brand?post=192568"},{"taxonomy":"product_cat","embeddable":true,"href":"https:\/\/realdutchfood.com\/de\/wp-json\/wp\/v2\/product_cat?post=192568"},{"taxonomy":"product_tag","embeddable":true,"href":"https:\/\/realdutchfood.com\/de\/wp-json\/wp\/v2\/product_tag?post=192568"}],"curies":[{"name":"wp","href":"https:\/\/api.w.org\/{rel}","templated":true}]}}