{"id":196777,"date":"2026-04-17T16:46:12","date_gmt":"2026-04-17T14:46:12","guid":{"rendered":"https:\/\/realdutchfood.com\/?post_type=product&#038;p=196777"},"modified":"2026-04-17T16:57:22","modified_gmt":"2026-04-17T14:57:22","slug":"bolletje-verwen-rusks-milchschokolade","status":"publish","type":"product","link":"https:\/\/realdutchfood.com\/de\/bolletje-verwen-rusks-milchschokolade\/","title":{"rendered":"Bolletje Verwen Rusks Milchschokolade"},"content":{"rendered":"<h3>Produktbeschreibung von Bolletje Verwen Rusks Milchschokolade<\/h3>\n<p class=\"block\" data-v-6ad20fa4=\"\">Herzf\u00f6rmige Rusks mit einer Milchschokoladenschicht<\/p>\n<p class=\"block\" data-v-6ad20fa4=\"\">Bolletje Verwenbeschuitjes stammen direkt aus dem Herzen unseres B\u00e4ckers; Fluffige, spr\u00f6de Mini-Rusks mit einer k\u00f6stlichen Schicht cremiger Milchschokolade.<\/p>\n<p>Ein kleiner Moment der Verw\u00f6hnung f\u00fcr dich selbst oder f\u00fcr jemand anderen. Als Extra zum Fr\u00fchst\u00fcck oder Mittagessen, zum Kaffee, als leckeren Snack oder zum Verteilen. Und nat\u00fcrlich ein Fr\u00fchst\u00fcck im Bett mit ein bisschen extra Liebe.<\/p>\n<h3>Zutaten von: Bolletje Verwen Rusks Milchschokolade<\/h3>\n<ul>\n<li>\n<p class=\"ingredients-text\" data-v-fc054175=\"\" data-testid=\"ingredients-text-body\">WEIZENMEHL, 42 % MILCHSCHOKOLADE (Zucker, Kakaobutter\u00b9, Vollmilchpulver, Kakaomasse\u00b9, Emulgator (SOY LECITHIN), nat\u00fcrliches Aroma), Zucker, Sonnenblumen\u00f6l, Hefe, Salz, Emulgatoren (E481, E471, E472e), S\u00e4ureregulator (E450), Aufhebungsmittel (E500), Mehlbehandlungsmittel (Ascorbins\u00e4ure), \u00b9Rainforest Alliance Certified. Lesen Sie mehr auf www.ra.org.<\/p>\n<h5 class=\"jum-heading bold h5 title\" data-v-8c32abe1=\"\" data-v-fc054175=\"\" data-testid=\"allergens-title\">Allergene<\/h5>\n<div class=\"list\" data-v-514df5bc=\"\" data-v-fc054175=\"\" data-testid=\"allergens-content\">\n<div class=\"item\" data-v-514df5bc=\"\">\n<h3 class=\"jum-heading bold h6\" data-v-8c32abe1=\"\" data-v-514df5bc=\"\" data-testid=\"jum-heading\">Enth\u00e4lt:<\/h3>\n<p><span data-v-514df5bc=\"\">Getreide mit Gluten, Milch, Soja, Weizen<\/span><\/p>\n<\/div>\n<div class=\"item\" data-v-514df5bc=\"\">\n<h3 class=\"jum-heading bold h6\" data-v-8c32abe1=\"\" data-v-514df5bc=\"\" data-testid=\"jum-heading\">Kann enthalten:<\/h3>\n<p><span data-v-514df5bc=\"\">Mandeln, Eier, Haseln\u00fcsse, N\u00fcsse<\/span><\/p>\n<\/div>\n<div data-v-514df5bc=\"\">\n<h2 class=\"jum-heading bold h4 header\" data-v-8c32abe1=\"\" data-v-8d0833ba=\"\" data-testid=\"jum-heading\">N\u00e4hrwerte<\/h2>\n<table class=\"striped jum-table\" data-v-3b4ab732=\"\" data-v-8d0833ba=\"\" data-testid=\"nutritional-values-table-content\">\n<thead data-v-3b4ab732=\"\">\n<tr class=\"header-row\" data-v-3b4ab732=\"\">\n<th class=\"header-column\" data-v-3b4ab732=\"\">N\u00e4hrwerte<\/th>\n<th class=\"header-column\" data-v-3b4ab732=\"\">pro 100 g<\/th>\n<th class=\"header-column\" data-v-3b4ab732=\"\">pro Rusk (ca. 7,1 g)<\/th>\n<th class=\"header-column\" data-v-3b4ab732=\"\">RI**<\/th>\n<\/tr>\n<\/thead>\n<tbody data-v-8d0833ba=\"\">\n<tr class=\"row\" data-v-8d0833ba=\"\">\n<td class=\"column\" data-v-8d0833ba=\"\">Energie<\/td>\n<td class=\"column\" data-v-8d0833ba=\"\">2033 kJ<\/td>\n<td class=\"column\" data-v-8d0833ba=\"\">144 kJ<\/td>\n<td class=\"column\" data-v-8d0833ba=\"\">2 %<\/td>\n<\/tr>\n<tr class=\"row\" data-v-8d0833ba=\"\">\n<td class=\"column\" data-v-8d0833ba=\"\"><\/td>\n<td class=\"column\" data-v-8d0833ba=\"\">485 kcal<\/td>\n<td class=\"column\" data-v-8d0833ba=\"\">34 kcal<\/td>\n<td class=\"column\" data-v-8d0833ba=\"\">2 %<\/td>\n<\/tr>\n<tr class=\"row\" data-v-8d0833ba=\"\">\n<td class=\"sub-label column\" data-v-8d0833ba=\"\">Fette, von denen<\/td>\n<td class=\"column\" data-v-8d0833ba=\"\">21 g<\/td>\n<td class=\"column\" data-v-8d0833ba=\"\">1,5 g<\/td>\n<td class=\"column\" data-v-8d0833ba=\"\">2 %<\/td>\n<\/tr>\n<tr class=\"row\" data-v-8d0833ba=\"\">\n<td class=\"column\" data-v-8d0833ba=\"\">Ges\u00e4ttigte Fetts\u00e4uren<\/td>\n<td class=\"column\" data-v-8d0833ba=\"\">9,8 g<\/td>\n<td class=\"column\" data-v-8d0833ba=\"\">0,7 g<\/td>\n<td class=\"column\" data-v-8d0833ba=\"\">3 %<\/td>\n<\/tr>\n<tr class=\"row\" data-v-8d0833ba=\"\">\n<td class=\"column\" data-v-8d0833ba=\"\">Kohlenhydrate,<\/td>\n<td class=\"column\" data-v-8d0833ba=\"\">64 g<\/td>\n<td class=\"column\" data-v-8d0833ba=\"\">4,5 g<\/td>\n<td class=\"column\" data-v-8d0833ba=\"\">2 %<\/td>\n<\/tr>\n<tr class=\"row\" data-v-8d0833ba=\"\">\n<td class=\"sub-label column\" data-v-8d0833ba=\"\">von denen Zucker<\/td>\n<td class=\"column\" data-v-8d0833ba=\"\">27 g<\/td>\n<td class=\"column\" data-v-8d0833ba=\"\">1,9 g<\/td>\n<td class=\"column\" data-v-8d0833ba=\"\">2 %<\/td>\n<\/tr>\n<tr class=\"row\" data-v-8d0833ba=\"\">\n<td class=\"column\" data-v-8d0833ba=\"\">Glasfaser<\/td>\n<td class=\"column\" data-v-8d0833ba=\"\">3,6 g<\/td>\n<td class=\"column\" data-v-8d0833ba=\"\">&lt;0,5 g<\/td>\n<td class=\"column\" data-v-8d0833ba=\"\"><\/td>\n<\/tr>\n<tr class=\"row\" data-v-8d0833ba=\"\">\n<td class=\"column\" data-v-8d0833ba=\"\">Proteine<\/td>\n<td class=\"column\" data-v-8d0833ba=\"\">8,8 g<\/td>\n<td class=\"column\" data-v-8d0833ba=\"\">0,6 g<\/td>\n<td class=\"column\" data-v-8d0833ba=\"\">1 %<\/td>\n<\/tr>\n<tr class=\"row\" data-v-8d0833ba=\"\">\n<td class=\"column\" data-v-8d0833ba=\"\">Salz<\/td>\n<td class=\"column\" data-v-8d0833ba=\"\">0,82 g<\/td>\n<td class=\"column\" data-v-8d0833ba=\"\">0,06 g<\/td>\n<td class=\"column\" data-v-8d0833ba=\"\">1 %<\/td>\n<\/tr>\n<tr class=\"row\" data-v-8d0833ba=\"\">\n<td class=\"column\" colspan=\"4\" data-v-8d0833ba=\"\">Dieses Paket enth\u00e4lt etwa 14 Zwiewiesel.<\/td>\n<\/tr>\n<tr class=\"row\" data-v-8d0833ba=\"\">\n<td class=\"column\" colspan=\"4\" data-v-8d0833ba=\"\">**Ri=Referenzaufnahme eines durchschnittlichen Erwachsenen (8400 kJ\/2000 kcal).<\/td>\n<\/tr>\n<\/tbody>\n<\/table>\n<\/div>\n<\/div>\n<\/li>\n<\/ul>\n","protected":false},"excerpt":{"rendered":"<p>Genie\u00dfen Sie das knusprige und luftige Bolletje Bakkers Rusk Original, perfekt f\u00fcr jedes Fr\u00fchst\u00fcck oder jeden Snack. Dieses Paket enth\u00e4lt 10 St\u00fccke, ideal, um immer frische und schmackhafte Rusk griffbereit zu haben. Entdecken Sie den authentischen Geschmack echter B\u00e4ckereiqualit\u00e4t!<\/p>\n","protected":false},"featured_media":196781,"template":"","meta":{"_acf_changed":false,"_aipt_faq_data":""},"product_brand":[14476],"product_cat":[14479,14483],"product_tag":[],"class_list":{"0":"post-196777","1":"product","2":"type-product","3":"status-publish","4":"has-post-thumbnail","6":"product_brand-bolletje","7":"product_cat-fruehstueck","8":"product_cat-zwieback","9":"pa_artikelnummer-3410-de","11":"first","12":"onbackorder","13":"taxable","14":"shipping-taxable","15":"purchasable","16":"product-type-simple"},"bundled_by":[],"bundle_stock_status":"onbackorder","bundle_stock_quantity":null,"bundle_virtual":false,"bundle_layout":"","bundle_add_to_cart_form_location":"","bundle_editable_in_cart":false,"bundle_sold_individually_context":"","bundle_item_grouping":"","bundle_min_size":"","bundle_max_size":"","bundle_price":[],"bundled_items":[],"bundle_sell_ids":[],"acf":{"content":"100 gr"},"_links":{"self":[{"href":"https:\/\/realdutchfood.com\/de\/wp-json\/wp\/v2\/product\/196777","targetHints":{"allow":["GET"]}}],"collection":[{"href":"https:\/\/realdutchfood.com\/de\/wp-json\/wp\/v2\/product"}],"about":[{"href":"https:\/\/realdutchfood.com\/de\/wp-json\/wp\/v2\/types\/product"}],"wp:featuredmedia":[{"embeddable":true,"href":"https:\/\/realdutchfood.com\/de\/wp-json\/wp\/v2\/media\/196781"}],"wp:attachment":[{"href":"https:\/\/realdutchfood.com\/de\/wp-json\/wp\/v2\/media?parent=196777"}],"wp:term":[{"taxonomy":"product_brand","embeddable":true,"href":"https:\/\/realdutchfood.com\/de\/wp-json\/wp\/v2\/product_brand?post=196777"},{"taxonomy":"product_cat","embeddable":true,"href":"https:\/\/realdutchfood.com\/de\/wp-json\/wp\/v2\/product_cat?post=196777"},{"taxonomy":"product_tag","embeddable":true,"href":"https:\/\/realdutchfood.com\/de\/wp-json\/wp\/v2\/product_tag?post=196777"}],"curies":[{"name":"wp","href":"https:\/\/api.w.org\/{rel}","templated":true}]}}