{"id":196845,"date":"2026-04-19T09:10:38","date_gmt":"2026-04-19T07:10:38","guid":{"rendered":"https:\/\/realdutchfood.com\/?post_type=product&#038;p=196845"},"modified":"2026-04-19T10:44:11","modified_gmt":"2026-04-19T08:44:11","slug":"bolletje-light-crackers-spelt","status":"publish","type":"product","link":"https:\/\/realdutchfood.com\/de\/bolletje-light-crackers-spelt\/","title":{"rendered":"Bolletje Light Crackers Spelt"},"content":{"rendered":"<h3><strong>Produktbeschreibung vonBolletje Light Crackers Spelt<\/strong><\/h3>\n<p class=\"block\" data-v-6ad20fa4=\"\">Dinkelcracker<\/p>\n<p class=\"block\" data-v-6ad20fa4=\"\">Bolletje Light Spelt Crackers sind d\u00fcnn gebacken und leicht, aber dennoch voller Fasern. Das macht sie wunderbar nahrhaft. Ideal, wenn man kein zu schweres Fr\u00fchst\u00fcck oder als Snack haben m\u00f6chte<\/p>\n<p>\u2022 Lecker nat\u00fcrlich<br \/>\n\u2022 D\u00fcnn gebacken<br \/>\n\u2022 Gef\u00fcllt mit Ballaststoffen<br \/>\n\u2022 Packung mit 4<\/p>\n<h3><strong>Zutaten von Bolletje Light Crackers Spelt<\/strong><\/h3>\n<div class=\"list\" data-v-514df5bc=\"\" data-v-fc054175=\"\" data-testid=\"allergens-content\">\n<div data-v-514df5bc=\"\">\n<p class=\"ingredients-text\" data-v-fc054175=\"\" data-testid=\"ingredients-text-body\">Dinkelmehl (WHEAT), Gem\u00fcsefasern (Oligofruktose), Raps\u00f6l, ger\u00f6stete SESAMSAMEN, Gerstenmalzextrakt, Dinkelkleie (WHEAT), ger\u00f6steter Dinkelkeim (WHEAT), Salz, Hefe<\/p>\n<h5 class=\"jum-heading bold h5 title\" data-v-8c32abe1=\"\" data-v-fc054175=\"\" data-testid=\"allergens-title\">Allergene<\/h5>\n<div class=\"list\" data-v-514df5bc=\"\" data-v-fc054175=\"\" data-testid=\"allergens-content\">\n<div class=\"item\" data-v-514df5bc=\"\">\n<h3 class=\"jum-heading bold h6\" data-v-8c32abe1=\"\" data-v-514df5bc=\"\" data-testid=\"jum-heading\">Enth\u00e4lt:<\/h3>\n<p><span data-v-514df5bc=\"\">Gerste, glutenhaltige Getreide, Sesam, Weizen<\/span><\/p>\n<\/div>\n<div data-v-514df5bc=\"\">\n<h2 class=\"jum-heading bold h4 header\" data-v-8c32abe1=\"\" data-v-8d0833ba=\"\" data-testid=\"jum-heading\">N\u00e4hrwerte<\/h2>\n<table class=\"striped jum-table\" data-v-3b4ab732=\"\" data-v-8d0833ba=\"\" data-testid=\"nutritional-values-table-content\">\n<thead data-v-3b4ab732=\"\">\n<tr class=\"header-row\" data-v-3b4ab732=\"\">\n<th class=\"header-column\" data-v-3b4ab732=\"\">N\u00e4hrwerte<\/th>\n<th class=\"header-column\" data-v-3b4ab732=\"\"><\/th>\n<th class=\"header-column\" data-v-3b4ab732=\"\">Pro 100 g<\/th>\n<th class=\"header-column\" data-v-3b4ab732=\"\">Pro 12 g<\/th>\n<th class=\"header-column\" data-v-3b4ab732=\"\">Pro 12 g, %RDA<\/th>\n<\/tr>\n<\/thead>\n<tbody data-v-8d0833ba=\"\">\n<tr class=\"row\" data-v-8d0833ba=\"\">\n<td class=\"column\" data-v-8d0833ba=\"\">Energie<\/td>\n<td class=\"column\" data-v-8d0833ba=\"\"><\/td>\n<td class=\"column\" data-v-8d0833ba=\"\">1767,0 kJ<\/td>\n<td class=\"column\" data-v-8d0833ba=\"\">210,0 kJ<\/td>\n<td class=\"column\" data-v-8d0833ba=\"\">3,0 %<\/td>\n<\/tr>\n<tr class=\"row\" data-v-8d0833ba=\"\">\n<td class=\"column\" data-v-8d0833ba=\"\"><\/td>\n<td class=\"column\" data-v-8d0833ba=\"\"><\/td>\n<td class=\"column\" data-v-8d0833ba=\"\">420,0 kCal<\/td>\n<td class=\"column\" data-v-8d0833ba=\"\">50,0 kcal<\/td>\n<td class=\"column\" data-v-8d0833ba=\"\">3,0 %<\/td>\n<\/tr>\n<tr class=\"row\" data-v-8d0833ba=\"\">\n<td class=\"column\" data-v-8d0833ba=\"\">Fette<\/td>\n<td class=\"column\" data-v-8d0833ba=\"\"><\/td>\n<td class=\"column\" data-v-8d0833ba=\"\">8,6 g<\/td>\n<td class=\"column\" data-v-8d0833ba=\"\">1,0 g<\/td>\n<td class=\"column\" data-v-8d0833ba=\"\">1,0 %<\/td>\n<\/tr>\n<tr class=\"row\" data-v-8d0833ba=\"\">\n<td class=\"sub-label column\" data-v-8d0833ba=\"\">davon sind ges\u00e4ttigte Fetts\u00e4uren<\/td>\n<td class=\"column\" data-v-8d0833ba=\"\"><\/td>\n<td class=\"column\" data-v-8d0833ba=\"\">0,9 g<\/td>\n<td class=\"column\" data-v-8d0833ba=\"\">0,1 g<\/td>\n<td class=\"column\" data-v-8d0833ba=\"\">1,0 %<\/td>\n<\/tr>\n<tr class=\"row\" data-v-8d0833ba=\"\">\n<td class=\"column\" data-v-8d0833ba=\"\">Kohlenhydrate<\/td>\n<td class=\"column\" data-v-8d0833ba=\"\"><\/td>\n<td class=\"column\" data-v-8d0833ba=\"\">66,0 g<\/td>\n<td class=\"column\" data-v-8d0833ba=\"\">7,8 g<\/td>\n<td class=\"column\" data-v-8d0833ba=\"\">3,0 %<\/td>\n<\/tr>\n<tr class=\"row\" data-v-8d0833ba=\"\">\n<td class=\"sub-label column\" data-v-8d0833ba=\"\">von denen Zucker<\/td>\n<td class=\"column\" data-v-8d0833ba=\"\"><\/td>\n<td class=\"column\" data-v-8d0833ba=\"\">3,3 g<\/td>\n<td class=\"column\" data-v-8d0833ba=\"\">0,5 g<\/td>\n<td class=\"column\" data-v-8d0833ba=\"\">1,0 %<\/td>\n<\/tr>\n<tr class=\"row\" data-v-8d0833ba=\"\">\n<td class=\"column\" data-v-8d0833ba=\"\">Glasfaser<\/td>\n<td class=\"column\" data-v-8d0833ba=\"\"><\/td>\n<td class=\"column\" data-v-8d0833ba=\"\">11,0 g<\/td>\n<td class=\"column\" data-v-8d0833ba=\"\">1,3 g<\/td>\n<td class=\"column\" data-v-8d0833ba=\"\"><\/td>\n<\/tr>\n<tr class=\"row\" data-v-8d0833ba=\"\">\n<td class=\"column\" data-v-8d0833ba=\"\">Proteine<\/td>\n<td class=\"column\" data-v-8d0833ba=\"\"><\/td>\n<td class=\"column\" data-v-8d0833ba=\"\">14,0 g<\/td>\n<td class=\"column\" data-v-8d0833ba=\"\">1,7 g<\/td>\n<td class=\"column\" data-v-8d0833ba=\"\">3,0 %<\/td>\n<\/tr>\n<tr class=\"row\" data-v-8d0833ba=\"\">\n<td class=\"column\" data-v-8d0833ba=\"\">Salz<\/td>\n<td class=\"column\" data-v-8d0833ba=\"\"><\/td>\n<td class=\"column\" data-v-8d0833ba=\"\">1,1 g<\/td>\n<td class=\"column\" data-v-8d0833ba=\"\">0,13 g<\/td>\n<td class=\"column\" data-v-8d0833ba=\"\">2,0 %<\/td>\n<\/tr>\n<tr class=\"row\" data-v-8d0833ba=\"\">\n<td class=\"column\" colspan=\"5\" data-v-8d0833ba=\"\">RI = Referenzmenge eines durchschnittlichen Erwachsenen (8400 kJ\/2000 kcal).<\/td>\n<\/tr>\n<\/tbody>\n<\/table>\n<\/div>\n<\/div>\n<\/div>\n<\/div>\n","protected":false},"excerpt":{"rendered":"<p>Genie\u00dfe den unwiderstehlichen Geschmack von Sauerrahm und Zwiebeln mit diesen knusprigen Tortillacrackern. Perfekt als gesunder Snack, mit einem Getr\u00e4nk oder als Erg\u00e4nzung zum Fr\u00fchst\u00fcck. Diese Cracker verbinden eine fluffige Textur mit einem k\u00f6stlichen Geschmacksausbruch \u2013 ideal f\u00fcr jeden Anlass. Dank der sorgf\u00e4ltig ausgew\u00e4hlten Zutaten bieten sie eine verantwortungsvolle Wahl, ohne beim Geschmack Kompromisse einzugehen. Entdecken Sie die Vielseitigkeit und lassen Sie sich von dieser leckeren Leckerei \u00fcberraschen.<\/p>\n","protected":false},"featured_media":196848,"template":"","meta":{"_acf_changed":false,"_aipt_faq_data":""},"product_brand":[14476],"product_cat":[14479,15215],"product_tag":[],"class_list":{"0":"post-196845","1":"product","2":"type-product","3":"status-publish","4":"has-post-thumbnail","6":"product_brand-bolletje","7":"product_cat-fruehstueck","8":"product_cat-kekse","9":"pa_artikelnummer-696-de","11":"first","12":"onbackorder","13":"sale","14":"taxable","15":"shipping-taxable","16":"purchasable","17":"product-type-simple"},"bundled_by":[],"bundle_stock_status":"onbackorder","bundle_stock_quantity":null,"bundle_virtual":false,"bundle_layout":"","bundle_add_to_cart_form_location":"","bundle_editable_in_cart":false,"bundle_sold_individually_context":"","bundle_item_grouping":"","bundle_min_size":"","bundle_max_size":"","bundle_price":[],"bundled_items":[],"bundle_sell_ids":[],"acf":{"content":"190 gr"},"_links":{"self":[{"href":"https:\/\/realdutchfood.com\/de\/wp-json\/wp\/v2\/product\/196845","targetHints":{"allow":["GET"]}}],"collection":[{"href":"https:\/\/realdutchfood.com\/de\/wp-json\/wp\/v2\/product"}],"about":[{"href":"https:\/\/realdutchfood.com\/de\/wp-json\/wp\/v2\/types\/product"}],"wp:featuredmedia":[{"embeddable":true,"href":"https:\/\/realdutchfood.com\/de\/wp-json\/wp\/v2\/media\/196848"}],"wp:attachment":[{"href":"https:\/\/realdutchfood.com\/de\/wp-json\/wp\/v2\/media?parent=196845"}],"wp:term":[{"taxonomy":"product_brand","embeddable":true,"href":"https:\/\/realdutchfood.com\/de\/wp-json\/wp\/v2\/product_brand?post=196845"},{"taxonomy":"product_cat","embeddable":true,"href":"https:\/\/realdutchfood.com\/de\/wp-json\/wp\/v2\/product_cat?post=196845"},{"taxonomy":"product_tag","embeddable":true,"href":"https:\/\/realdutchfood.com\/de\/wp-json\/wp\/v2\/product_tag?post=196845"}],"curies":[{"name":"wp","href":"https:\/\/api.w.org\/{rel}","templated":true}]}}