{"id":196851,"date":"2026-04-19T09:20:12","date_gmt":"2026-04-19T07:20:12","guid":{"rendered":"https:\/\/realdutchfood.com\/?post_type=product&#038;p=196851"},"modified":"2026-04-19T18:05:08","modified_gmt":"2026-04-19T16:05:08","slug":"bolletje-knuspriges-nuss-musli","status":"publish","type":"product","link":"https:\/\/realdutchfood.com\/de\/bolletje-knuspriges-nuss-musli\/","title":{"rendered":"Bolletje Knuspriges Nuss-M\u00fcsli"},"content":{"rendered":"<div class=\"title-wrapper\" data-v-d4f0e76f=\"\">\n<div class=\"title\" data-v-d4f0e76f=\"\">\n<h3 class=\"jum-heading bold h6\" data-v-8c32abe1=\"\" data-v-6ad20fa4=\"\" data-testid=\"jum-heading\" data-rm-block-id=\"block-1\">Produktbeschreibung von Bolletje Knuspriges Nuss-M\u00fcsli<\/h3>\n<\/div>\n<\/div>\n<div id=\"jum-collapsible-63\" class=\"content\" data-v-d4f0e76f=\"\">\n<div data-v-d4f0e76f=\"\">\n<div class=\"text-body\" data-v-6ad20fa4=\"\" data-testid=\"product-description-text-body\">\n<p class=\"block\" data-v-6ad20fa4=\"\" data-rm-block-id=\"block-2\">Knuspriges M\u00fcsli mit N\u00fcssen<\/p>\n<p class=\"block\" data-v-6ad20fa4=\"\" data-rm-block-id=\"block-3\">Zuckerarm \/ Extra ballaststoffreich \/ Wir backen gerne die allerbesten Produkte. Und# wir sorgen daf\u00fcr, dass sehr gut wirklich lecker ist. Am besten mit so wenig Zucker wie m\u00f6glich und so viel Knusprigkeit und Geschmack wie m\u00f6glich! Bolletje Crispy Muesli enth\u00e4lt die leckersten Getreide, gebacken in knusprigen St\u00fccken voller Geschmack. K\u00f6stlich knusprig und dennoch zuckerarm. Mit den leckersten Mandeln, Cashewn\u00fcssen und Pekann\u00fcssen und einem Hauch Kakao. Ohne unn\u00f6tige Zusatzstoffe und mit zus\u00e4tzlichen Ballaststoffen, also k\u00f6stlich nahrhaft.\/ F\u00fcr weitere Informationen zu Allergenen besuchen Sie www.bolletje.nl.<\/p>\n<\/div>\n<\/div>\n<\/div>\n<h3 data-rm-block-id=\"block-4\">Zutaten des Bolletje Knuspriges Nuss-M\u00fcsli<\/h3>\n<p class=\"ingredients-text\" data-v-fc054175=\"\" data-testid=\"ingredients-text-body\" data-rm-block-id=\"block-5\">Dinkelflocken (WEIZEN), HAFERFLOCKEN, extrudiertes Vollkorn-Haferflocken, gepuffter Weizen, pflanzliche Ballaststoffe (Oligo-Fruktose), 5,5 % ger\u00f6stete MANDELN, Sonnenblumen\u00f6l, Dattelsaftkonzentrat, 1,5 % CASHEWN\u00dcSSE, 1 % PEKANN\u00dcSSE, 0,5 % Schotterkakaopulver, Salz, Aroma. Kann andere glutenhaltige Getreidearten, Soja, Milch, andere N\u00fcsse und Sesamsamen enthalten.<\/p>\n<h5 class=\"jum-heading bold h5 title\" data-v-8c32abe1=\"\" data-v-fc054175=\"\" data-testid=\"allergens-title\" data-rm-block-id=\"block-6\">Allergene<\/h5>\n<div class=\"list\" data-v-514df5bc=\"\" data-v-fc054175=\"\" data-testid=\"allergens-content\">\n<div class=\"item\" data-v-514df5bc=\"\">\n<h3 class=\"jum-heading bold h6\" data-v-8c32abe1=\"\" data-v-514df5bc=\"\" data-testid=\"jum-heading\" data-rm-block-id=\"block-7\">Enth\u00e4lt:<\/h3>\n<p data-rm-block-id=\"block-8\"><span data-v-514df5bc=\"\">Mandeln, Cashewn\u00fcsse, N\u00fcsse, Hafer, Pekann\u00fcsse, Weizen<\/span><\/p>\n<\/div>\n<div class=\"item\" data-v-514df5bc=\"\">\n<h3 class=\"jum-heading bold h6\" data-v-8c32abe1=\"\" data-v-514df5bc=\"\" data-testid=\"jum-heading\" data-rm-block-id=\"block-9\">Kann enthalten:<\/h3>\n<p data-rm-block-id=\"block-10\"><span data-v-514df5bc=\"\">Getreide mit Gluten, Milch, Sesam, Soja<\/span><\/p>\n<\/div>\n<div data-v-514df5bc=\"\">\n<h2 class=\"jum-heading bold h4 header\" data-v-8c32abe1=\"\" data-v-8d0833ba=\"\" data-testid=\"jum-heading\" data-rm-block-id=\"block-11\">N\u00e4hrwerte<\/h2>\n<table class=\"striped jum-table\" data-v-3b4ab732=\"\" data-v-8d0833ba=\"\" data-testid=\"nutritional-values-table-content\">\n<thead data-v-3b4ab732=\"\">\n<tr class=\"header-row\" data-v-3b4ab732=\"\">\n<th class=\"header-column\" data-v-3b4ab732=\"\" data-rm-block-id=\"block-12\">N\u00e4hrwerte<\/th>\n<th class=\"header-column\" data-v-3b4ab732=\"\" data-rm-block-id=\"block-13\"><\/th>\n<th class=\"header-column\" data-v-3b4ab732=\"\" data-rm-block-id=\"block-14\">Pro 100 g<\/th>\n<th class=\"header-column\" data-v-3b4ab732=\"\" data-rm-block-id=\"block-15\">Pro 45 g<\/th>\n<th class=\"header-column\" data-v-3b4ab732=\"\" data-rm-block-id=\"block-16\">Pro 45 g, %RDA<\/th>\n<\/tr>\n<\/thead>\n<tbody data-v-8d0833ba=\"\">\n<tr class=\"row\" data-v-8d0833ba=\"\">\n<td class=\"column\" data-v-8d0833ba=\"\" data-rm-block-id=\"block-17\">Energie<\/td>\n<td class=\"column\" data-v-8d0833ba=\"\" data-rm-block-id=\"block-18\"><\/td>\n<td class=\"column\" data-v-8d0833ba=\"\" data-rm-block-id=\"block-19\">1795,0 kJ<\/td>\n<td class=\"column\" data-v-8d0833ba=\"\" data-rm-block-id=\"block-20\">808,0 kJ<\/td>\n<td class=\"column\" data-v-8d0833ba=\"\" data-rm-block-id=\"block-21\">10,0 %<\/td>\n<\/tr>\n<tr class=\"row\" data-v-8d0833ba=\"\">\n<td class=\"column\" data-v-8d0833ba=\"\" data-rm-block-id=\"block-22\"><\/td>\n<td class=\"column\" data-v-8d0833ba=\"\" data-rm-block-id=\"block-23\"><\/td>\n<td class=\"column\" data-v-8d0833ba=\"\" data-rm-block-id=\"block-24\">428,0 kCal<\/td>\n<td class=\"column\" data-v-8d0833ba=\"\" data-rm-block-id=\"block-25\">193,0 kCal<\/td>\n<td class=\"column\" data-v-8d0833ba=\"\" data-rm-block-id=\"block-26\">10,0 %<\/td>\n<\/tr>\n<tr class=\"row\" data-v-8d0833ba=\"\">\n<td class=\"column\" data-v-8d0833ba=\"\" data-rm-block-id=\"block-27\">Fette<\/td>\n<td class=\"column\" data-v-8d0833ba=\"\" data-rm-block-id=\"block-28\"><\/td>\n<td class=\"column\" data-v-8d0833ba=\"\" data-rm-block-id=\"block-29\">14,0 g<\/td>\n<td class=\"column\" data-v-8d0833ba=\"\" data-rm-block-id=\"block-30\">6,3 g<\/td>\n<td class=\"column\" data-v-8d0833ba=\"\" data-rm-block-id=\"block-31\">9,0 %<\/td>\n<\/tr>\n<tr class=\"row\" data-v-8d0833ba=\"\">\n<td class=\"sub-label column\" data-v-8d0833ba=\"\" data-rm-block-id=\"block-32\">davon sind ges\u00e4ttigte Fetts\u00e4uren<\/td>\n<td class=\"column\" data-v-8d0833ba=\"\" data-rm-block-id=\"block-33\"><\/td>\n<td class=\"column\" data-v-8d0833ba=\"\" data-rm-block-id=\"block-34\">1,9 g<\/td>\n<td class=\"column\" data-v-8d0833ba=\"\" data-rm-block-id=\"block-35\">0,9 g<\/td>\n<td class=\"column\" data-v-8d0833ba=\"\" data-rm-block-id=\"block-36\">4,0 %<\/td>\n<\/tr>\n<tr class=\"row\" data-v-8d0833ba=\"\">\n<td class=\"column\" data-v-8d0833ba=\"\" data-rm-block-id=\"block-37\">Kohlenhydrate<\/td>\n<td class=\"column\" data-v-8d0833ba=\"\" data-rm-block-id=\"block-38\"><\/td>\n<td class=\"column\" data-v-8d0833ba=\"\" data-rm-block-id=\"block-39\">57,0 g<\/td>\n<td class=\"column\" data-v-8d0833ba=\"\" data-rm-block-id=\"block-40\">26,0 g<\/td>\n<td class=\"column\" data-v-8d0833ba=\"\" data-rm-block-id=\"block-41\">10,0 %<\/td>\n<\/tr>\n<tr class=\"row\" data-v-8d0833ba=\"\">\n<td class=\"sub-label column\" data-v-8d0833ba=\"\" data-rm-block-id=\"block-42\">von denen Zucker<\/td>\n<td class=\"column\" data-v-8d0833ba=\"\" data-rm-block-id=\"block-43\"><\/td>\n<td class=\"column\" data-v-8d0833ba=\"\" data-rm-block-id=\"block-44\">5,0 g<\/td>\n<td class=\"column\" data-v-8d0833ba=\"\" data-rm-block-id=\"block-45\">2,3 g<\/td>\n<td class=\"column\" data-v-8d0833ba=\"\" data-rm-block-id=\"block-46\">3,0 %<\/td>\n<\/tr>\n<tr class=\"row\" data-v-8d0833ba=\"\">\n<td class=\"column\" data-v-8d0833ba=\"\" data-rm-block-id=\"block-47\">Glasfaser<\/td>\n<td class=\"column\" data-v-8d0833ba=\"\" data-rm-block-id=\"block-48\"><\/td>\n<td class=\"column\" data-v-8d0833ba=\"\" data-rm-block-id=\"block-49\">13,0 g<\/td>\n<td class=\"column\" data-v-8d0833ba=\"\" data-rm-block-id=\"block-50\">5,9 g<\/td>\n<td class=\"column\" data-v-8d0833ba=\"\" data-rm-block-id=\"block-51\"><\/td>\n<\/tr>\n<tr class=\"row\" data-v-8d0833ba=\"\">\n<td class=\"column\" data-v-8d0833ba=\"\" data-rm-block-id=\"block-52\">Proteine<\/td>\n<td class=\"column\" data-v-8d0833ba=\"\" data-rm-block-id=\"block-53\"><\/td>\n<td class=\"column\" data-v-8d0833ba=\"\" data-rm-block-id=\"block-54\">12,0 g<\/td>\n<td class=\"column\" data-v-8d0833ba=\"\" data-rm-block-id=\"block-55\">5,4 g<\/td>\n<td class=\"column\" data-v-8d0833ba=\"\" data-rm-block-id=\"block-56\">11,0 %<\/td>\n<\/tr>\n<tr class=\"row\" data-v-8d0833ba=\"\">\n<td class=\"column\" data-v-8d0833ba=\"\" data-rm-block-id=\"block-57\">Salz<\/td>\n<td class=\"column\" data-v-8d0833ba=\"\" data-rm-block-id=\"block-58\"><\/td>\n<td class=\"column\" data-v-8d0833ba=\"\" data-rm-block-id=\"block-59\">0,28 g<\/td>\n<td class=\"column\" data-v-8d0833ba=\"\" data-rm-block-id=\"block-60\">0,13 g<\/td>\n<td class=\"column\" data-v-8d0833ba=\"\" data-rm-block-id=\"block-61\">2,0 %<\/td>\n<\/tr>\n<tr class=\"row\" data-v-8d0833ba=\"\">\n<td class=\"column\" colspan=\"5\" data-v-8d0833ba=\"\" data-rm-block-id=\"block-62\">RI = Referenzmenge eines durchschnittlichen Erwachsenen (8400 kJ\/2000 kcal).<\/td>\n<\/tr>\n<\/tbody>\n<\/table>\n<\/div>\n<\/div>\n","protected":false},"excerpt":{"rendered":"<p>Beginnen Sie Ihren Tag nahrhaft und lecker mit diesem knusprigen M\u00fcsli, angereichert mit echten Haseln\u00fcssen und Mandeln. Die Packung enth\u00e4lt 375 Gramm, ideal f\u00fcr mehrere Fr\u00fchst\u00fccksmomente. Dieses M\u00fcsli kombiniert knusprige K\u00f6rner mit einem dezenten Vanillegeschmack, was es perfekt zum Fr\u00fchst\u00fcck mit Milch, Joghurt oder als Topping auf H\u00fcttenk\u00e4se macht. Eine ballaststoffreiche Wahl, die Ihnen Energie gibt und Ihr Fr\u00fchst\u00fcck besonders schmackhaft macht.<\/p>\n","protected":false},"featured_media":196854,"template":"","meta":{"_acf_changed":false,"_aipt_faq_data":""},"product_brand":[14476],"product_cat":[14479,14513],"product_tag":[],"class_list":{"0":"post-196851","1":"product","2":"type-product","3":"status-publish","4":"has-post-thumbnail","6":"product_brand-bolletje","7":"product_cat-fruehstueck","8":"product_cat-fruehstuecksflocken","9":"pa_artikelnummer-696-de","11":"first","12":"onbackorder","13":"taxable","14":"shipping-taxable","15":"purchasable","16":"product-type-simple"},"bundled_by":[],"bundle_stock_status":"onbackorder","bundle_stock_quantity":null,"bundle_virtual":false,"bundle_layout":"","bundle_add_to_cart_form_location":"","bundle_editable_in_cart":false,"bundle_sold_individually_context":"","bundle_item_grouping":"","bundle_min_size":"","bundle_max_size":"","bundle_price":[],"bundled_items":[],"bundle_sell_ids":[],"acf":{"content":"375 gr"},"_links":{"self":[{"href":"https:\/\/realdutchfood.com\/de\/wp-json\/wp\/v2\/product\/196851","targetHints":{"allow":["GET"]}}],"collection":[{"href":"https:\/\/realdutchfood.com\/de\/wp-json\/wp\/v2\/product"}],"about":[{"href":"https:\/\/realdutchfood.com\/de\/wp-json\/wp\/v2\/types\/product"}],"wp:featuredmedia":[{"embeddable":true,"href":"https:\/\/realdutchfood.com\/de\/wp-json\/wp\/v2\/media\/196854"}],"wp:attachment":[{"href":"https:\/\/realdutchfood.com\/de\/wp-json\/wp\/v2\/media?parent=196851"}],"wp:term":[{"taxonomy":"product_brand","embeddable":true,"href":"https:\/\/realdutchfood.com\/de\/wp-json\/wp\/v2\/product_brand?post=196851"},{"taxonomy":"product_cat","embeddable":true,"href":"https:\/\/realdutchfood.com\/de\/wp-json\/wp\/v2\/product_cat?post=196851"},{"taxonomy":"product_tag","embeddable":true,"href":"https:\/\/realdutchfood.com\/de\/wp-json\/wp\/v2\/product_tag?post=196851"}],"curies":[{"name":"wp","href":"https:\/\/api.w.org\/{rel}","templated":true}]}}