{"id":196857,"date":"2026-04-19T09:31:42","date_gmt":"2026-04-19T07:31:42","guid":{"rendered":"https:\/\/realdutchfood.com\/?post_type=product&#038;p=196857"},"modified":"2026-04-19T10:44:05","modified_gmt":"2026-04-19T08:44:05","slug":"bolletje-seed-crackers-sonnenblumensamen","status":"publish","type":"product","link":"https:\/\/realdutchfood.com\/de\/bolletje-seed-crackers-sonnenblumensamen\/","title":{"rendered":"Bolletje Seed Crackers Sonnenblumensamen"},"content":{"rendered":"<div class=\"title-wrapper\" data-v-d4f0e76f=\"\">\n<div class=\"title\" data-v-d4f0e76f=\"\">\n<h3 class=\"jum-heading bold h6\" data-v-8c32abe1=\"\" data-v-6ad20fa4=\"\" data-testid=\"jum-heading\">Produktbeschreibung von Bolletje Seed Crackers Sonnenblumensamen<\/h3>\n<\/div>\n<\/div>\n<div id=\"jum-collapsible-75\" class=\"content\" data-v-d4f0e76f=\"\">\n<div data-v-d4f0e76f=\"\">\n<div class=\"text-body\" data-v-6ad20fa4=\"\" data-testid=\"product-description-text-body\">\n<p class=\"block\" data-v-6ad20fa4=\"\">Vollkorncracker mit 45 % Kernen<\/p>\n<p class=\"block\" data-v-6ad20fa4=\"\">Bolletje faserreiche Samencracker mit Sonnenblumensamen bestehen zu 45 % aus Samen und K\u00f6rnern. Dadurch sind die Cracker mit Ballaststoffen gef\u00fcllt und eine Proteinquelle.<\/p>\n<p>\u2022 Schmackhaft, nat\u00fcrlich<br \/>\n\u2022 Sie sind leicht zu essen, da sie mit Vollkorndinkel<br \/>\nkombiniert werden\u2022 Sie enthalten weniger Kohlenhydrate als unsere anderen Cracker<br \/>\n\u2022 Reich an Ballaststoffen<\/p>\n<\/div>\n<\/div>\n<\/div>\n<h3>Zutaten der Bolletje Seed Crackers Sonnenblumensamen<\/h3>\n<p class=\"ingredients-text\" data-v-fc054175=\"\" data-testid=\"ingredients-text-body\">Vollkornweizenmehl, 25 % Leinsamen, 17 % Sonnenblumenkerne, Gem\u00fcsefasern (Oligofruktose), WEIZENGLUTEN, Raps\u00f6l, 2,9 % SESAMSAMEN, Vollkorn-GERSTE Malzmehl, Hefe, Salz<\/p>\n<h5 class=\"jum-heading bold h5 title\" data-v-8c32abe1=\"\" data-v-fc054175=\"\" data-testid=\"allergens-title\">Allergene<\/h5>\n<div class=\"list\" data-v-514df5bc=\"\" data-v-fc054175=\"\" data-testid=\"allergens-content\">\n<div class=\"item\" data-v-514df5bc=\"\">\n<h3 class=\"jum-heading bold h6\" data-v-8c32abe1=\"\" data-v-514df5bc=\"\" data-testid=\"jum-heading\">Enth\u00e4lt:<\/h3>\n<p><span data-v-514df5bc=\"\">Gerste, glutenhaltige Getreide, Gluten, Sesam, Weizen<\/span><\/p>\n<\/div>\n<div class=\"item\" data-v-514df5bc=\"\">\n<h3 class=\"jum-heading bold h6\" data-v-8c32abe1=\"\" data-v-514df5bc=\"\" data-testid=\"jum-heading\">Kann enthalten:<\/h3>\n<p><span data-v-514df5bc=\"\">Eier, Milch, N\u00fcsse<\/span><\/p>\n<\/div>\n<div data-v-514df5bc=\"\">\n<h2 class=\"jum-heading bold h4 header\" data-v-8c32abe1=\"\" data-v-8d0833ba=\"\" data-testid=\"jum-heading\">N\u00e4hrwerte<\/h2>\n<table class=\"striped jum-table\" data-v-3b4ab732=\"\" data-v-8d0833ba=\"\" data-testid=\"nutritional-values-table-content\">\n<thead data-v-3b4ab732=\"\">\n<tr class=\"header-row\" data-v-3b4ab732=\"\">\n<th class=\"header-column\" data-v-3b4ab732=\"\">N\u00e4hrwerte<\/th>\n<th class=\"header-column\" data-v-3b4ab732=\"\"><\/th>\n<th class=\"header-column\" data-v-3b4ab732=\"\">Pro 100 g<\/th>\n<th class=\"header-column\" data-v-3b4ab732=\"\">Pro 22 g<\/th>\n<th class=\"header-column\" data-v-3b4ab732=\"\">Pro 22 g, %FEI<\/th>\n<\/tr>\n<\/thead>\n<tbody data-v-8d0833ba=\"\">\n<tr class=\"row\" data-v-8d0833ba=\"\">\n<td class=\"column\" data-v-8d0833ba=\"\">Energie<\/td>\n<td class=\"column\" data-v-8d0833ba=\"\"><\/td>\n<td class=\"column\" data-v-8d0833ba=\"\">2007,0 kJ<\/td>\n<td class=\"column\" data-v-8d0833ba=\"\">444,0 kJ<\/td>\n<td class=\"column\" data-v-8d0833ba=\"\">5,0 %<\/td>\n<\/tr>\n<tr class=\"row\" data-v-8d0833ba=\"\">\n<td class=\"column\" data-v-8d0833ba=\"\"><\/td>\n<td class=\"column\" data-v-8d0833ba=\"\"><\/td>\n<td class=\"column\" data-v-8d0833ba=\"\">482,0 kCal<\/td>\n<td class=\"column\" data-v-8d0833ba=\"\">106,0 kCal<\/td>\n<td class=\"column\" data-v-8d0833ba=\"\">5,0 %<\/td>\n<\/tr>\n<tr class=\"row\" data-v-8d0833ba=\"\">\n<td class=\"column\" data-v-8d0833ba=\"\">Fette<\/td>\n<td class=\"column\" data-v-8d0833ba=\"\"><\/td>\n<td class=\"column\" data-v-8d0833ba=\"\">26,0 g<\/td>\n<td class=\"column\" data-v-8d0833ba=\"\">5,7 g<\/td>\n<td class=\"column\" data-v-8d0833ba=\"\">8,0 %<\/td>\n<\/tr>\n<tr class=\"row\" data-v-8d0833ba=\"\">\n<td class=\"sub-label column\" data-v-8d0833ba=\"\">davon sind ges\u00e4ttigte Fetts\u00e4uren<\/td>\n<td class=\"column\" data-v-8d0833ba=\"\"><\/td>\n<td class=\"column\" data-v-8d0833ba=\"\">2,4 g<\/td>\n<td class=\"column\" data-v-8d0833ba=\"\">0,5 g<\/td>\n<td class=\"column\" data-v-8d0833ba=\"\">3,0 %<\/td>\n<\/tr>\n<tr class=\"row\" data-v-8d0833ba=\"\">\n<td class=\"column\" data-v-8d0833ba=\"\">Kohlenhydrate<\/td>\n<td class=\"column\" data-v-8d0833ba=\"\"><\/td>\n<td class=\"column\" data-v-8d0833ba=\"\">35,0 g<\/td>\n<td class=\"column\" data-v-8d0833ba=\"\">7,8 g<\/td>\n<td class=\"column\" data-v-8d0833ba=\"\">3,0 %<\/td>\n<\/tr>\n<tr class=\"row\" data-v-8d0833ba=\"\">\n<td class=\"sub-label column\" data-v-8d0833ba=\"\">von denen Zucker<\/td>\n<td class=\"column\" data-v-8d0833ba=\"\"><\/td>\n<td class=\"column\" data-v-8d0833ba=\"\">2,0 g<\/td>\n<td class=\"column\" data-v-8d0833ba=\"\">0,4 g<\/td>\n<td class=\"column\" data-v-8d0833ba=\"\">1,0 %<\/td>\n<\/tr>\n<tr class=\"row\" data-v-8d0833ba=\"\">\n<td class=\"column\" data-v-8d0833ba=\"\">Glasfaser<\/td>\n<td class=\"column\" data-v-8d0833ba=\"\"><\/td>\n<td class=\"column\" data-v-8d0833ba=\"\">18,0 g<\/td>\n<td class=\"column\" data-v-8d0833ba=\"\">4,0 g<\/td>\n<td class=\"column\" data-v-8d0833ba=\"\"><\/td>\n<\/tr>\n<tr class=\"row\" data-v-8d0833ba=\"\">\n<td class=\"column\" data-v-8d0833ba=\"\">Proteine<\/td>\n<td class=\"column\" data-v-8d0833ba=\"\"><\/td>\n<td class=\"column\" data-v-8d0833ba=\"\">19,0 g<\/td>\n<td class=\"column\" data-v-8d0833ba=\"\">4,2 g<\/td>\n<td class=\"column\" data-v-8d0833ba=\"\">8,0 %<\/td>\n<\/tr>\n<tr class=\"row\" data-v-8d0833ba=\"\">\n<td class=\"column\" data-v-8d0833ba=\"\">Salz<\/td>\n<td class=\"column\" data-v-8d0833ba=\"\"><\/td>\n<td class=\"column\" data-v-8d0833ba=\"\">0,76 g<\/td>\n<td class=\"column\" data-v-8d0833ba=\"\">0,17 g<\/td>\n<td class=\"column\" data-v-8d0833ba=\"\">3,0 %<\/td>\n<\/tr>\n<tr class=\"row\" data-v-8d0833ba=\"\">\n<td class=\"column\" colspan=\"5\" data-v-8d0833ba=\"\">RI = Referenzmenge eines durchschnittlichen Erwachsenen (8400 kJ\/2000 kcal).<\/td>\n<\/tr>\n<\/tbody>\n<\/table>\n<\/div>\n<\/div>\n","protected":false},"excerpt":{"rendered":"<p>Genie\u00dfen Sie den fluffigen und knusprigen Geschmack dieser Ciabatta-Cracker mit Tomate und Kr\u00e4utern, ideal als leckerer Snack oder zum Mittagessen. Die Packung enth\u00e4lt 190 Gramm dieser authentischen italienischen Cracker, zubereitet mit nativem Oliven\u00f6l extra und echtem Tomatenmark. Perfekt f\u00fcr alle, die einen herzhaften, ballaststoffreichen Snack mit mediterranem Touch suchen.<\/p>\n","protected":false},"featured_media":196860,"template":"","meta":{"_acf_changed":false,"_aipt_faq_data":""},"product_brand":[14476],"product_cat":[14479,15215],"product_tag":[],"class_list":{"0":"post-196857","1":"product","2":"type-product","3":"status-publish","4":"has-post-thumbnail","6":"product_brand-bolletje","7":"product_cat-fruehstueck","8":"product_cat-kekse","9":"pa_artikelnummer-696-de","11":"first","12":"onbackorder","13":"sale","14":"taxable","15":"shipping-taxable","16":"purchasable","17":"product-type-simple"},"bundled_by":[],"bundle_stock_status":"onbackorder","bundle_stock_quantity":null,"bundle_virtual":false,"bundle_layout":"","bundle_add_to_cart_form_location":"","bundle_editable_in_cart":false,"bundle_sold_individually_context":"","bundle_item_grouping":"","bundle_min_size":"","bundle_max_size":"","bundle_price":[],"bundled_items":[],"bundle_sell_ids":[],"acf":{"content":"265 gr"},"_links":{"self":[{"href":"https:\/\/realdutchfood.com\/de\/wp-json\/wp\/v2\/product\/196857","targetHints":{"allow":["GET"]}}],"collection":[{"href":"https:\/\/realdutchfood.com\/de\/wp-json\/wp\/v2\/product"}],"about":[{"href":"https:\/\/realdutchfood.com\/de\/wp-json\/wp\/v2\/types\/product"}],"wp:featuredmedia":[{"embeddable":true,"href":"https:\/\/realdutchfood.com\/de\/wp-json\/wp\/v2\/media\/196860"}],"wp:attachment":[{"href":"https:\/\/realdutchfood.com\/de\/wp-json\/wp\/v2\/media?parent=196857"}],"wp:term":[{"taxonomy":"product_brand","embeddable":true,"href":"https:\/\/realdutchfood.com\/de\/wp-json\/wp\/v2\/product_brand?post=196857"},{"taxonomy":"product_cat","embeddable":true,"href":"https:\/\/realdutchfood.com\/de\/wp-json\/wp\/v2\/product_cat?post=196857"},{"taxonomy":"product_tag","embeddable":true,"href":"https:\/\/realdutchfood.com\/de\/wp-json\/wp\/v2\/product_tag?post=196857"}],"curies":[{"name":"wp","href":"https:\/\/api.w.org\/{rel}","templated":true}]}}