{"id":196894,"date":"2026-04-19T22:15:13","date_gmt":"2026-04-19T20:15:13","guid":{"rendered":"https:\/\/realdutchfood.com\/?post_type=product&#038;p=196894"},"modified":"2026-04-19T22:26:36","modified_gmt":"2026-04-19T20:26:36","slug":"snelle-jelle-protein-bananen-lebkuchen","status":"publish","type":"product","link":"https:\/\/realdutchfood.com\/de\/snelle-jelle-protein-bananen-lebkuchen\/","title":{"rendered":"Snelle Jelle-Protein Bananen-Lebkuchen"},"content":{"rendered":"<div class=\"title-wrapper\" data-v-d4f0e76f=\"\">\n<div class=\"title\" data-v-d4f0e76f=\"\">\n<h3 class=\"jum-heading bold h6\" data-v-8c32abe1=\"\" data-v-6ad20fa4=\"\" data-testid=\"jum-heading\">Produktbeschreibung von Snelle Jelle-Protein Bananen-Lebkuchen<\/h3>\n<\/div>\n<\/div>\n<div id=\"jum-collapsible-3\" class=\"content\" data-v-d4f0e76f=\"\">\n<div data-v-d4f0e76f=\"\">\n<div class=\"text-body\" data-v-6ad20fa4=\"\" data-testid=\"product-description-text-body\">\n<p class=\"block\" data-v-6ad20fa4=\"\">Lebkuchen mit Weizenprotein und Bananenst\u00fccken<\/p>\n<\/div>\n<\/div>\n<\/div>\n<h3>Zutaten von Snelle Jelle-Protein Bananen-Lebkuchen<\/h3>\n<p class=\"ingredients-text\" data-v-fc054175=\"\" data-testid=\"ingredients-text-body\">ROGGENMEHL (35 %), Zichoreewurzelextrakt, Glukose-Fruktose-Sirup, Wasser, Weizenprotein (7 %), Bananenst\u00fccke (5 %) (Banane, Kokos\u00f6l, Zucker, nat\u00fcrliche Aromastoffe), Zucker, Stabilisator (Glycerol), Gew\u00fcrze, Zimt, Erhebungsmittel (Natriumwasserstoffcarbonat, Dinatriumdiphosphat), Sonnenblumen\u00f6l, nat\u00fcrliches Aroma<\/p>\n<h5 class=\"jum-heading bold h5 title\" data-v-8c32abe1=\"\" data-v-fc054175=\"\" data-testid=\"allergens-title\">Allergene<\/h5>\n<div class=\"list\" data-v-514df5bc=\"\" data-v-fc054175=\"\" data-testid=\"allergens-content\">\n<div class=\"item\" data-v-514df5bc=\"\">\n<h3 class=\"jum-heading bold h6\" data-v-8c32abe1=\"\" data-v-514df5bc=\"\" data-testid=\"jum-heading\">Enth\u00e4lt:<\/h3>\n<p><span data-v-514df5bc=\"\">Getreide mit Gluten, Roggen und Weizen<\/span><\/p>\n<\/div>\n<div class=\"item\" data-v-514df5bc=\"\">\n<h3 class=\"jum-heading bold h6\" data-v-8c32abe1=\"\" data-v-514df5bc=\"\" data-testid=\"jum-heading\">Kann enthalten:<\/h3>\n<p><span data-v-514df5bc=\"\">Mandeln, Haseln\u00fcsse, Milch<\/span><\/p>\n<\/div>\n<div data-v-514df5bc=\"\">\n<h2 class=\"jum-heading bold h4 header\" data-v-8c32abe1=\"\" data-v-8d0833ba=\"\" data-testid=\"jum-heading\">N\u00e4hrwerte<\/h2>\n<table class=\"striped jum-table\" data-v-3b4ab732=\"\" data-v-8d0833ba=\"\" data-testid=\"nutritional-values-table-content\">\n<thead data-v-3b4ab732=\"\">\n<tr class=\"header-row\" data-v-3b4ab732=\"\">\n<th class=\"header-column\" data-v-3b4ab732=\"\">N\u00e4hrwerte<\/th>\n<th class=\"header-column\" data-v-3b4ab732=\"\">Pro 100g<\/th>\n<th class=\"header-column\" data-v-3b4ab732=\"\">Pro Portion (50g)<\/th>\n<th class=\"header-column\" data-v-3b4ab732=\"\">%RI**<\/th>\n<\/tr>\n<\/thead>\n<tbody data-v-8d0833ba=\"\">\n<tr class=\"row\" data-v-8d0833ba=\"\">\n<td class=\"column\" data-v-8d0833ba=\"\">Energie<\/td>\n<td class=\"column\" data-v-8d0833ba=\"\">1208 kJ<\/td>\n<td class=\"column\" data-v-8d0833ba=\"\">604 kJ<\/td>\n<td class=\"column\" data-v-8d0833ba=\"\">&#8211;<\/td>\n<\/tr>\n<tr class=\"row\" data-v-8d0833ba=\"\">\n<td class=\"column\" data-v-8d0833ba=\"\"><\/td>\n<td class=\"column\" data-v-8d0833ba=\"\">287 kcal<\/td>\n<td class=\"column\" data-v-8d0833ba=\"\">143 kcal<\/td>\n<td class=\"column\" data-v-8d0833ba=\"\">7<\/td>\n<\/tr>\n<tr class=\"row\" data-v-8d0833ba=\"\">\n<td class=\"column\" data-v-8d0833ba=\"\">Fette<\/td>\n<td class=\"column\" data-v-8d0833ba=\"\">2,8 g<\/td>\n<td class=\"column\" data-v-8d0833ba=\"\">1,4 g<\/td>\n<td class=\"column\" data-v-8d0833ba=\"\">2<\/td>\n<\/tr>\n<tr class=\"row\" data-v-8d0833ba=\"\">\n<td class=\"sub-label column\" data-v-8d0833ba=\"\">davon sind ges\u00e4ttigte Fetts\u00e4uren<\/td>\n<td class=\"column\" data-v-8d0833ba=\"\">1,5 g<\/td>\n<td class=\"column\" data-v-8d0833ba=\"\">0,8 g<\/td>\n<td class=\"column\" data-v-8d0833ba=\"\">4<\/td>\n<\/tr>\n<tr class=\"row\" data-v-8d0833ba=\"\">\n<td class=\"column\" data-v-8d0833ba=\"\">Kohlenhydrate<\/td>\n<td class=\"column\" data-v-8d0833ba=\"\">51 g<\/td>\n<td class=\"column\" data-v-8d0833ba=\"\">26 g<\/td>\n<td class=\"column\" data-v-8d0833ba=\"\">Eine 10<\/td>\n<\/tr>\n<tr class=\"row\" data-v-8d0833ba=\"\">\n<td class=\"sub-label column\" data-v-8d0833ba=\"\">von welchen Zuckern*<\/td>\n<td class=\"column\" data-v-8d0833ba=\"\">17 g<\/td>\n<td class=\"column\" data-v-8d0833ba=\"\">8,6 g<\/td>\n<td class=\"column\" data-v-8d0833ba=\"\">Eine 10<\/td>\n<\/tr>\n<tr class=\"row\" data-v-8d0833ba=\"\">\n<td class=\"sub-label column\" data-v-8d0833ba=\"\">von welchen Polyolen<\/td>\n<td class=\"column\" data-v-8d0833ba=\"\">4,7 g<\/td>\n<td class=\"column\" data-v-8d0833ba=\"\">2,4 g<\/td>\n<td class=\"column\" data-v-8d0833ba=\"\">&#8211;<\/td>\n<\/tr>\n<tr class=\"row\" data-v-8d0833ba=\"\">\n<td class=\"column\" data-v-8d0833ba=\"\">Glasfaser<\/td>\n<td class=\"column\" data-v-8d0833ba=\"\">15 g<\/td>\n<td class=\"column\" data-v-8d0833ba=\"\">7,6 g<\/td>\n<td class=\"column\" data-v-8d0833ba=\"\">&#8211;<\/td>\n<\/tr>\n<tr class=\"row\" data-v-8d0833ba=\"\">\n<td class=\"column\" data-v-8d0833ba=\"\">Proteine<\/td>\n<td class=\"column\" data-v-8d0833ba=\"\">8,6 g<\/td>\n<td class=\"column\" data-v-8d0833ba=\"\">4,3 g<\/td>\n<td class=\"column\" data-v-8d0833ba=\"\">9<\/td>\n<\/tr>\n<tr class=\"row\" data-v-8d0833ba=\"\">\n<td class=\"column\" data-v-8d0833ba=\"\">Salz<\/td>\n<td class=\"column\" data-v-8d0833ba=\"\">0,40 g<\/td>\n<td class=\"column\" data-v-8d0833ba=\"\">0,20 g<\/td>\n<td class=\"column\" data-v-8d0833ba=\"\">3<\/td>\n<\/tr>\n<tr class=\"row\" data-v-8d0833ba=\"\">\n<td class=\"column\" colspan=\"4\" data-v-8d0833ba=\"\">*40 % weniger Zucker als der durchschnittliche Lebkuchen.<\/td>\n<\/tr>\n<tr class=\"row\" data-v-8d0833ba=\"\">\n<td class=\"column\" colspan=\"4\" data-v-8d0833ba=\"\">**RI = Referenzmenge f\u00fcr einen durchschnittlichen Erwachsenen (8400 kJ\/2000 kcal).<\/td>\n<\/tr>\n<\/tbody>\n<\/table>\n<\/div>\n<\/div>\n","protected":false},"excerpt":{"rendered":"<p>Genie\u00dfen Sie f\u00fcnf praktische Lebkuchenriegel unterwegs oder zu Hause, die einen schnellen Energieschub bieten. Die nat\u00fcrliche Mischung aus Gew\u00fcrzen und Roggenmehl macht sie perfekt als nahrhaften Snack oder Fr\u00fchst\u00fcck. Kompakte Verpackung f\u00fcr einfaches Tragen und sofortigen Genuss.<\/p>\n","protected":false},"featured_media":196897,"template":"","meta":{"_acf_changed":false,"_aipt_faq_data":""},"product_brand":[14761],"product_cat":[14479,14765,14762,14606,14525],"product_tag":[],"class_list":{"0":"post-196894","1":"product","2":"type-product","3":"status-publish","4":"has-post-thumbnail","6":"product_brand-snelle-jelle-de","7":"product_cat-fruehstueck","8":"product_cat-knabbereien","9":"product_cat-lebkuchen","10":"product_cat-niederlandische-kekse-snacks","11":"product_cat-susigkeiten-kekse-chips-und-brezeln","12":"pa_artikelnummer-td015-de","14":"first","15":"onbackorder","16":"taxable","17":"shipping-taxable","18":"purchasable","19":"product-type-simple"},"bundled_by":[],"bundle_stock_status":"onbackorder","bundle_stock_quantity":null,"bundle_virtual":false,"bundle_layout":"","bundle_add_to_cart_form_location":"","bundle_editable_in_cart":false,"bundle_sold_individually_context":"","bundle_item_grouping":"","bundle_min_size":"","bundle_max_size":"","bundle_price":[],"bundled_items":[],"bundle_sell_ids":[],"acf":{"content":"4 st"},"_links":{"self":[{"href":"https:\/\/realdutchfood.com\/de\/wp-json\/wp\/v2\/product\/196894","targetHints":{"allow":["GET"]}}],"collection":[{"href":"https:\/\/realdutchfood.com\/de\/wp-json\/wp\/v2\/product"}],"about":[{"href":"https:\/\/realdutchfood.com\/de\/wp-json\/wp\/v2\/types\/product"}],"wp:featuredmedia":[{"embeddable":true,"href":"https:\/\/realdutchfood.com\/de\/wp-json\/wp\/v2\/media\/196897"}],"wp:attachment":[{"href":"https:\/\/realdutchfood.com\/de\/wp-json\/wp\/v2\/media?parent=196894"}],"wp:term":[{"taxonomy":"product_brand","embeddable":true,"href":"https:\/\/realdutchfood.com\/de\/wp-json\/wp\/v2\/product_brand?post=196894"},{"taxonomy":"product_cat","embeddable":true,"href":"https:\/\/realdutchfood.com\/de\/wp-json\/wp\/v2\/product_cat?post=196894"},{"taxonomy":"product_tag","embeddable":true,"href":"https:\/\/realdutchfood.com\/de\/wp-json\/wp\/v2\/product_tag?post=196894"}],"curies":[{"name":"wp","href":"https:\/\/api.w.org\/{rel}","templated":true}]}}