{"id":197113,"date":"2026-04-24T13:33:46","date_gmt":"2026-04-24T11:33:46","guid":{"rendered":"https:\/\/realdutchfood.com\/?post_type=product&#038;p=197113"},"modified":"2026-04-24T13:44:11","modified_gmt":"2026-04-24T11:44:11","slug":"remia-fluessigbacken-und-braten","status":"publish","type":"product","link":"https:\/\/realdutchfood.com\/de\/remia-fluessigbacken-und-braten\/","title":{"rendered":"Remia Fl\u00fcssigbacken und Braten"},"content":{"rendered":"<h3>Produktbeschreibung von Remia Fl\u00fcssigbacken und Braten<\/h3>\n<p class=\"block\" data-v-6ad20fa4=\"\">Fl\u00fcssiges Back- und R\u00f6stprodukt.<\/p>\n<p class=\"block\" data-v-6ad20fa4=\"\">Mit Remia-Fl\u00fcssigbraten und Braten wird Ihr Fleisch sch\u00f6n zart, saftig und wundersch\u00f6n braun. Nat\u00fcrlich reich an Omega-3-Fetts\u00e4uren. Enth\u00e4lt kein Wasser, spritzt nicht und gibt eine k\u00f6stliche So\u00dfe.<\/p>\n<h3>Zutaten von Remia Fl\u00fcssigbacken und Braten<\/h3>\n<p class=\"ingredients-text\" data-v-fc054175=\"\" data-testid=\"ingredients-text-body\">Pflanzen\u00f6le und Fette 96 % (Raps\u00f6l, Sonnenblumen\u00f6l, vollst\u00e4ndig geh\u00e4rtetes Raps\u00f6l), BUTTERMILCHPULVER, Emulgatoren: Lecithin (SOYA) und E471, Kaliumchlorid, Salz 0,2 %, SOJASAUCENPULVER (SOJABOHNEN, WEIZEN, Salz), Antioxidantien: E304 und E306, Rinderbr\u00fchpulver (Salz, Rindfleischextrakt, Kartoffelst\u00e4rke, Aroma, Palm\u00f6l, Gew\u00fcrze), Geschmacksverst\u00e4rker: E621, E627 und E631, Farbe: Beta-Carotin, Aromastoffe (WHEAT, SOYA), Vitamin A, Vitamin D3, Vitamin E.<\/p>\n<h5 class=\"jum-heading bold h5 title\" data-v-8c32abe1=\"\" data-v-fc054175=\"\" data-testid=\"allergens-title\">Allergene<\/h5>\n<div class=\"list\" data-v-514df5bc=\"\" data-v-fc054175=\"\" data-testid=\"allergens-content\">\n<div class=\"item\" data-v-514df5bc=\"\">\n<h3 class=\"jum-heading bold h6\" data-v-8c32abe1=\"\" data-v-514df5bc=\"\" data-testid=\"jum-heading\">Enth\u00e4lt:<\/h3>\n<p><span data-v-514df5bc=\"\">Milch, glutenhaltige Getreide, Soja, Weizen<\/span><\/p>\n<h2 class=\"jum-heading bold h4 header\" data-v-8c32abe1=\"\" data-v-8d0833ba=\"\" data-testid=\"jum-heading\">N\u00e4hrwerte<\/h2>\n<table class=\"striped jum-table\" data-v-3b4ab732=\"\" data-v-8d0833ba=\"\" data-testid=\"nutritional-values-table-content\">\n<thead data-v-3b4ab732=\"\">\n<tr class=\"header-row\" data-v-3b4ab732=\"\">\n<th class=\"header-column\" data-v-3b4ab732=\"\">N\u00e4hrwerte<\/th>\n<th class=\"header-column\" data-v-3b4ab732=\"\"><\/th>\n<th class=\"header-column\" data-v-3b4ab732=\"\">Pro 100 g<\/th>\n<th class=\"header-column\" data-v-3b4ab732=\"\">Pro 100 g, %RDA<\/th>\n<th class=\"header-column\" data-v-3b4ab732=\"\">Pro 10 g<\/th>\n<th class=\"header-column\" data-v-3b4ab732=\"\">Pro 10 g, %RDA<\/th>\n<\/tr>\n<\/thead>\n<tbody data-v-8d0833ba=\"\">\n<tr class=\"row\" data-v-8d0833ba=\"\">\n<td class=\"column\" data-v-8d0833ba=\"\">Energie<\/td>\n<td class=\"column\" data-v-8d0833ba=\"\"><\/td>\n<td class=\"column\" data-v-8d0833ba=\"\">3626,0 kJ<\/td>\n<td class=\"column\" data-v-8d0833ba=\"\"><\/td>\n<td class=\"column\" data-v-8d0833ba=\"\">363,0 kJ<\/td>\n<td class=\"column\" data-v-8d0833ba=\"\">4.0%<\/td>\n<\/tr>\n<tr class=\"row\" data-v-8d0833ba=\"\">\n<td class=\"column\" data-v-8d0833ba=\"\"><\/td>\n<td class=\"column\" data-v-8d0833ba=\"\"><\/td>\n<td class=\"column\" data-v-8d0833ba=\"\">882,0 kCal<\/td>\n<td class=\"column\" data-v-8d0833ba=\"\"><\/td>\n<td class=\"column\" data-v-8d0833ba=\"\">88,0 kCal<\/td>\n<td class=\"column\" data-v-8d0833ba=\"\">4,0 %<\/td>\n<\/tr>\n<tr class=\"row\" data-v-8d0833ba=\"\">\n<td class=\"column\" data-v-8d0833ba=\"\">Fette<\/td>\n<td class=\"column\" data-v-8d0833ba=\"\"><\/td>\n<td class=\"column\" data-v-8d0833ba=\"\">97,0 g<\/td>\n<td class=\"column\" data-v-8d0833ba=\"\"><\/td>\n<td class=\"column\" data-v-8d0833ba=\"\">9,7 g<\/td>\n<td class=\"column\" data-v-8d0833ba=\"\">14.0%<\/td>\n<\/tr>\n<tr class=\"row\" data-v-8d0833ba=\"\">\n<td class=\"sub-label column\" data-v-8d0833ba=\"\">davon ges\u00e4ttigte Fetts\u00e4uren<\/td>\n<td class=\"column\" data-v-8d0833ba=\"\"><\/td>\n<td class=\"column\" data-v-8d0833ba=\"\">9,4 g<\/td>\n<td class=\"column\" data-v-8d0833ba=\"\"><\/td>\n<td class=\"column\" data-v-8d0833ba=\"\">0,9 g<\/td>\n<td class=\"column\" data-v-8d0833ba=\"\">5.0%<\/td>\n<\/tr>\n<tr class=\"row\" data-v-8d0833ba=\"\">\n<td class=\"column\" data-v-8d0833ba=\"\">Fetts\u00e4uren, einfach unges\u00e4ttigt<\/td>\n<td class=\"column\" data-v-8d0833ba=\"\"><\/td>\n<td class=\"column\" data-v-8d0833ba=\"\">46,0 g<\/td>\n<td class=\"column\" data-v-8d0833ba=\"\"><\/td>\n<td class=\"column\" data-v-8d0833ba=\"\">4,6 g<\/td>\n<td class=\"column\" data-v-8d0833ba=\"\"><\/td>\n<\/tr>\n<tr class=\"row\" data-v-8d0833ba=\"\">\n<td class=\"column\" data-v-8d0833ba=\"\">Fetts\u00e4uren, mehrfach unges\u00e4ttigte<\/td>\n<td class=\"column\" data-v-8d0833ba=\"\"><\/td>\n<td class=\"column\" data-v-8d0833ba=\"\">41,0 g<\/td>\n<td class=\"column\" data-v-8d0833ba=\"\"><\/td>\n<td class=\"column\" data-v-8d0833ba=\"\">4,1 g<\/td>\n<td class=\"column\" data-v-8d0833ba=\"\"><\/td>\n<\/tr>\n<tr class=\"row\" data-v-8d0833ba=\"\">\n<td class=\"column\" data-v-8d0833ba=\"\">Kohlenhydrate<\/td>\n<td class=\"column\" data-v-8d0833ba=\"\"><\/td>\n<td class=\"column\" data-v-8d0833ba=\"\">ca. 1,1 g<\/td>\n<td class=\"column\" data-v-8d0833ba=\"\"><\/td>\n<td class=\"column\" data-v-8d0833ba=\"\">0,1 g<\/td>\n<td class=\"column\" data-v-8d0833ba=\"\">1.0%<\/td>\n<\/tr>\n<tr class=\"row\" data-v-8d0833ba=\"\">\n<td class=\"sub-label column\" data-v-8d0833ba=\"\">davon Zucker<\/td>\n<td class=\"column\" data-v-8d0833ba=\"\"><\/td>\n<td class=\"column\" data-v-8d0833ba=\"\">1,0 g<\/td>\n<td class=\"column\" data-v-8d0833ba=\"\"><\/td>\n<td class=\"column\" data-v-8d0833ba=\"\">0,1 g<\/td>\n<td class=\"column\" data-v-8d0833ba=\"\">1.0%<\/td>\n<\/tr>\n<tr class=\"row\" data-v-8d0833ba=\"\">\n<td class=\"column\" data-v-8d0833ba=\"\">Proteine<\/td>\n<td class=\"column\" data-v-8d0833ba=\"\"><\/td>\n<td class=\"column\" data-v-8d0833ba=\"\">0,7 g<\/td>\n<td class=\"column\" data-v-8d0833ba=\"\"><\/td>\n<td class=\"column\" data-v-8d0833ba=\"\">0,1 g<\/td>\n<td class=\"column\" data-v-8d0833ba=\"\">1.0%<\/td>\n<\/tr>\n<tr class=\"row\" data-v-8d0833ba=\"\">\n<td class=\"column\" data-v-8d0833ba=\"\">Salz<\/td>\n<td class=\"column\" data-v-8d0833ba=\"\"><\/td>\n<td class=\"column\" data-v-8d0833ba=\"\">0,39 g<\/td>\n<td class=\"column\" data-v-8d0833ba=\"\"><\/td>\n<td class=\"column\" data-v-8d0833ba=\"\">0,04 g<\/td>\n<td class=\"column\" data-v-8d0833ba=\"\">1.0%<\/td>\n<\/tr>\n<tr class=\"row\" data-v-8d0833ba=\"\">\n<td class=\"column\" data-v-8d0833ba=\"\">Vitamin A<\/td>\n<td class=\"column\" data-v-8d0833ba=\"\"><\/td>\n<td class=\"column\" data-v-8d0833ba=\"\">800,0 \u03bcg<\/td>\n<td class=\"column\" data-v-8d0833ba=\"\">100,0 %<\/td>\n<td class=\"column\" data-v-8d0833ba=\"\"><\/td>\n<td class=\"column\" data-v-8d0833ba=\"\"><\/td>\n<\/tr>\n<tr class=\"row\" data-v-8d0833ba=\"\">\n<td class=\"column\" data-v-8d0833ba=\"\">Vitamin D<\/td>\n<td class=\"column\" data-v-8d0833ba=\"\"><\/td>\n<td class=\"column\" data-v-8d0833ba=\"\">7,5 \u03bcg<\/td>\n<td class=\"column\" data-v-8d0833ba=\"\">150,0 %<\/td>\n<td class=\"column\" data-v-8d0833ba=\"\"><\/td>\n<td class=\"column\" data-v-8d0833ba=\"\"><\/td>\n<\/tr>\n<tr class=\"row\" data-v-8d0833ba=\"\">\n<td class=\"column\" data-v-8d0833ba=\"\">Vitamin E<\/td>\n<td class=\"column\" data-v-8d0833ba=\"\"><\/td>\n<td class=\"column\" data-v-8d0833ba=\"\">30,0 mg<\/td>\n<td class=\"column\" data-v-8d0833ba=\"\">250,0 %<\/td>\n<td class=\"column\" data-v-8d0833ba=\"\"><\/td>\n<td class=\"column\" data-v-8d0833ba=\"\"><\/td>\n<\/tr>\n<tr class=\"row\" data-v-8d0833ba=\"\">\n<td class=\"column\" data-v-8d0833ba=\"\">Omega-3-Fetts\u00e4uren<\/td>\n<td class=\"column\" data-v-8d0833ba=\"\"><\/td>\n<td class=\"column\" data-v-8d0833ba=\"\">7,0 g<\/td>\n<td class=\"column\" data-v-8d0833ba=\"\"><\/td>\n<td class=\"column\" data-v-8d0833ba=\"\"><\/td>\n<td class=\"column\" data-v-8d0833ba=\"\"><\/td>\n<\/tr>\n<tr class=\"row\" data-v-8d0833ba=\"\">\n<td class=\"column\" colspan=\"6\" data-v-8d0833ba=\"\">**Referenzaufnahme eines durchschnittlichen Erwachsenen (8400 kJ\/2000 kcal). T\u00e4gliche Referenzaufnahme f\u00fcr Vitamine im Erwachsenenalter.<\/td>\n<\/tr>\n<\/tbody>\n<\/table>\n<\/div>\n<\/div>\n","protected":false},"excerpt":{"rendered":"<p>Geben Sie Pommes und Snacks mit dieser cremigen Tr\u00fcffelsauce von Remia einen sofortigen, luxuri\u00f6sen Geschmack. Der 350-ml-Gehalt ist praktisch f\u00fcr mehrere Essmomente und passt gut auf den Tisch zu Pommes, Snacks, Sandwiches und Fingerfood. Der sanfte Tr\u00fcffelgeschmack sorgt f\u00fcr eine \u00fcberraschende Wendung, ohne kompliziert zu sein. Ideal f\u00fcr niederl\u00e4ndische Expats weltweit, die eine vertraute Pommesso\u00dfe mit etwas mehr Charakter in ihr Zuhause bringen m\u00f6chten.<\/p>\n","protected":false},"featured_media":197116,"template":"","meta":{"_acf_changed":false,"_aipt_faq_data":""},"product_brand":[14499],"product_cat":[14932,14492],"product_tag":[],"class_list":{"0":"post-197113","1":"product","2":"type-product","3":"status-publish","4":"has-post-thumbnail","6":"product_brand-remia-de","7":"product_cat-butter-und-fette","8":"product_cat-milchprodukte","9":"pa_artikelnummer-1633-de","11":"first","12":"onbackorder","13":"taxable","14":"shipping-taxable","15":"purchasable","16":"product-type-simple"},"bundled_by":[],"bundle_stock_status":"onbackorder","bundle_stock_quantity":null,"bundle_virtual":false,"bundle_layout":"","bundle_add_to_cart_form_location":"","bundle_editable_in_cart":false,"bundle_sold_individually_context":"","bundle_item_grouping":"","bundle_min_size":"","bundle_max_size":"","bundle_price":[],"bundled_items":[],"bundle_sell_ids":[],"acf":{"content":"750 ml"},"_links":{"self":[{"href":"https:\/\/realdutchfood.com\/de\/wp-json\/wp\/v2\/product\/197113","targetHints":{"allow":["GET"]}}],"collection":[{"href":"https:\/\/realdutchfood.com\/de\/wp-json\/wp\/v2\/product"}],"about":[{"href":"https:\/\/realdutchfood.com\/de\/wp-json\/wp\/v2\/types\/product"}],"wp:featuredmedia":[{"embeddable":true,"href":"https:\/\/realdutchfood.com\/de\/wp-json\/wp\/v2\/media\/197116"}],"wp:attachment":[{"href":"https:\/\/realdutchfood.com\/de\/wp-json\/wp\/v2\/media?parent=197113"}],"wp:term":[{"taxonomy":"product_brand","embeddable":true,"href":"https:\/\/realdutchfood.com\/de\/wp-json\/wp\/v2\/product_brand?post=197113"},{"taxonomy":"product_cat","embeddable":true,"href":"https:\/\/realdutchfood.com\/de\/wp-json\/wp\/v2\/product_cat?post=197113"},{"taxonomy":"product_tag","embeddable":true,"href":"https:\/\/realdutchfood.com\/de\/wp-json\/wp\/v2\/product_tag?post=197113"}],"curies":[{"name":"wp","href":"https:\/\/api.w.org\/{rel}","templated":true}]}}