{"id":197282,"date":"2026-04-27T22:04:35","date_gmt":"2026-04-27T20:04:35","guid":{"rendered":"https:\/\/realdutchfood.com\/?post_type=product&#038;p=197282"},"modified":"2026-04-27T22:16:32","modified_gmt":"2026-04-27T20:16:32","slug":"remia-salata-pesto-dressing","status":"publish","type":"product","link":"https:\/\/realdutchfood.com\/de\/remia-salata-pesto-dressing\/","title":{"rendered":"Remia Salata Pesto-Dressing"},"content":{"rendered":"<h3>Produktbeschreibung des Remia Salata Pesto-Dressing<\/h3>\n<p class=\"block\" data-v-6ad20fa4=\"\">Salata-Pesto-Dressing mit frischem Pesto<\/p>\n<p class=\"block\" data-v-6ad20fa4=\"\">Das Remia-Pesto-Dressing ist ein cremiges Dressing, das mit frischem Pesto und Parmesan zubereitet wird.<\/p>\n<h3>Zutaten des Remia Salata Pesto-Dressing<\/h3>\n<p class=\"ingredients-text\" data-v-fc054175=\"\" data-testid=\"ingredients-text-body\">Wasser, Raps\u00f6l, Essig, frischer Pesto 5 % (35 %, Basilikum, Sonnenblumen\u00f6l, 13 % K\u00c4SE, natives Oliven\u00f6l extra, Zitronensaft, 4 % Pinienkernen, Knoblauch, Essig, Salz, Zucker, Gew\u00fcrze), Zucker, Knoblauch, modifizierte Maisst\u00e4rke, Freiland-Eigelb, Parmigiano Reggiano K\u00c4SE 0,5 %, SENF (Wasser, SENFSAMEN, nat\u00fcrlicher Essig, Gew\u00fcrze), Salz, nat\u00fcrlicher Geschmack, Maisst\u00e4rke, S\u00e4uerungsmittel: Zitronens\u00e4ure, Eindickungsmittel: Guarkaugummi, Konservierungsmittel: Kaliumsorbat, Antioxidans: E385, .<\/p>\n<h5 class=\"jum-heading bold h5 title\" data-v-8c32abe1=\"\" data-v-fc054175=\"\" data-testid=\"allergens-title\">Allergene<\/h5>\n<div class=\"list\" data-v-514df5bc=\"\" data-v-fc054175=\"\" data-testid=\"allergens-content\">\n<div class=\"item\" data-v-514df5bc=\"\">\n<h3 class=\"jum-heading bold h6\" data-v-8c32abe1=\"\" data-v-514df5bc=\"\" data-testid=\"jum-heading\">Enth\u00e4lt:<\/h3>\n<p><span data-v-514df5bc=\"\">Eier, Milch, Senf<\/span><\/p>\n<h2 class=\"jum-heading bold h4 header\" data-v-8c32abe1=\"\" data-v-8d0833ba=\"\" data-testid=\"jum-heading\">N\u00e4hrwerte<\/h2>\n<table class=\"striped jum-table\" data-v-3b4ab732=\"\" data-v-8d0833ba=\"\" data-testid=\"nutritional-values-table-content\">\n<thead data-v-3b4ab732=\"\">\n<tr class=\"header-row\" data-v-3b4ab732=\"\">\n<th class=\"header-column\" data-v-3b4ab732=\"\">N\u00e4hrwerte<\/th>\n<th class=\"header-column\" data-v-3b4ab732=\"\"><\/th>\n<th class=\"header-column\" data-v-3b4ab732=\"\">Pro 100 ml<\/th>\n<th class=\"header-column\" data-v-3b4ab732=\"\">Pro 30 ml<\/th>\n<th class=\"header-column\" data-v-3b4ab732=\"\">Pro 30 ml, %RDA<\/th>\n<\/tr>\n<\/thead>\n<tbody data-v-8d0833ba=\"\">\n<tr class=\"row\" data-v-8d0833ba=\"\">\n<td class=\"column\" data-v-8d0833ba=\"\">Energie<\/td>\n<td class=\"column\" data-v-8d0833ba=\"\"><\/td>\n<td class=\"column\" data-v-8d0833ba=\"\">1027,0 kJ<\/td>\n<td class=\"column\" data-v-8d0833ba=\"\">308,0 kJ<\/td>\n<td class=\"column\" data-v-8d0833ba=\"\">4,0 %<\/td>\n<\/tr>\n<tr class=\"row\" data-v-8d0833ba=\"\">\n<td class=\"column\" data-v-8d0833ba=\"\"><\/td>\n<td class=\"column\" data-v-8d0833ba=\"\"><\/td>\n<td class=\"column\" data-v-8d0833ba=\"\">249,0 kCal<\/td>\n<td class=\"column\" data-v-8d0833ba=\"\">75,0 kCal<\/td>\n<td class=\"column\" data-v-8d0833ba=\"\">4,0 %<\/td>\n<\/tr>\n<tr class=\"row\" data-v-8d0833ba=\"\">\n<td class=\"column\" data-v-8d0833ba=\"\">Fette<\/td>\n<td class=\"column\" data-v-8d0833ba=\"\"><\/td>\n<td class=\"column\" data-v-8d0833ba=\"\">23,0 g<\/td>\n<td class=\"column\" data-v-8d0833ba=\"\">6,9 g<\/td>\n<td class=\"column\" data-v-8d0833ba=\"\">10,0 %<\/td>\n<\/tr>\n<tr class=\"row\" data-v-8d0833ba=\"\">\n<td class=\"sub-label column\" data-v-8d0833ba=\"\">davon sind ges\u00e4ttigte Fetts\u00e4uren<\/td>\n<td class=\"column\" data-v-8d0833ba=\"\"><\/td>\n<td class=\"column\" data-v-8d0833ba=\"\">2,1 g<\/td>\n<td class=\"column\" data-v-8d0833ba=\"\">0,6 g<\/td>\n<td class=\"column\" data-v-8d0833ba=\"\">3,0 %<\/td>\n<\/tr>\n<tr class=\"row\" data-v-8d0833ba=\"\">\n<td class=\"column\" data-v-8d0833ba=\"\">Kohlenhydrate<\/td>\n<td class=\"column\" data-v-8d0833ba=\"\"><\/td>\n<td class=\"column\" data-v-8d0833ba=\"\">8,4 g<\/td>\n<td class=\"column\" data-v-8d0833ba=\"\"><\/td>\n<td class=\"column\" data-v-8d0833ba=\"\"><\/td>\n<\/tr>\n<tr class=\"row\" data-v-8d0833ba=\"\">\n<td class=\"sub-label column\" data-v-8d0833ba=\"\">von denen Zucker<\/td>\n<td class=\"column\" data-v-8d0833ba=\"\"><\/td>\n<td class=\"column\" data-v-8d0833ba=\"\">4,8 g<\/td>\n<td class=\"column\" data-v-8d0833ba=\"\">1,4 g<\/td>\n<td class=\"column\" data-v-8d0833ba=\"\">2,0 %<\/td>\n<\/tr>\n<tr class=\"row\" data-v-8d0833ba=\"\">\n<td class=\"column\" data-v-8d0833ba=\"\">Proteine<\/td>\n<td class=\"column\" data-v-8d0833ba=\"\"><\/td>\n<td class=\"column\" data-v-8d0833ba=\"\">1,0 g<\/td>\n<td class=\"column\" data-v-8d0833ba=\"\"><\/td>\n<td class=\"column\" data-v-8d0833ba=\"\"><\/td>\n<\/tr>\n<tr class=\"row\" data-v-8d0833ba=\"\">\n<td class=\"column\" data-v-8d0833ba=\"\">Salz<\/td>\n<td class=\"column\" data-v-8d0833ba=\"\"><\/td>\n<td class=\"column\" data-v-8d0833ba=\"\">1,4 g<\/td>\n<td class=\"column\" data-v-8d0833ba=\"\">0,42 g<\/td>\n<td class=\"column\" data-v-8d0833ba=\"\">7,0 %<\/td>\n<\/tr>\n<tr class=\"row\" data-v-8d0833ba=\"\">\n<td class=\"column\" colspan=\"5\" data-v-8d0833ba=\"\">RI = Referenzaufnahme eines durchschnittlichen Erwachsenen (8400 kJ\/ 2000 kcal).<\/td>\n<\/tr>\n<\/tbody>\n<\/table>\n<\/div>\n<\/div>\n","protected":false},"excerpt":{"rendered":"<p>Geben Sie Pommes und Snacks mit dieser cremigen Tr\u00fcffelsauce von Remia einen sofortigen, luxuri\u00f6sen Geschmack. Der 350-ml-Gehalt ist praktisch f\u00fcr mehrere Essmomente und passt gut auf den Tisch zu Pommes, Snacks, Sandwiches und Fingerfood. Der sanfte Tr\u00fcffelgeschmack sorgt f\u00fcr eine \u00fcberraschende Wendung, ohne kompliziert zu sein. Ideal f\u00fcr niederl\u00e4ndische Expats weltweit, die eine vertraute Pommesso\u00dfe mit etwas mehr Charakter in ihr Zuhause bringen m\u00f6chten.<\/p>\n","protected":false},"featured_media":197285,"template":"","meta":{"_acf_changed":false,"_aipt_faq_data":""},"product_brand":[14499],"product_cat":[14541,14728,14472,14475],"product_tag":[],"class_list":{"0":"post-197282","1":"product","2":"type-product","3":"status-publish","4":"has-post-thumbnail","6":"product_brand-remia-de","7":"product_cat-nasse-sose","8":"product_cat-salatdressing-und-senf","9":"product_cat-saucen-gewuerze","10":"product_cat-sosse","11":"pa_artikelnummer-1633-de","13":"first","14":"onbackorder","15":"taxable","16":"shipping-taxable","17":"purchasable","18":"product-type-simple"},"bundled_by":[],"bundle_stock_status":"onbackorder","bundle_stock_quantity":null,"bundle_virtual":false,"bundle_layout":"","bundle_add_to_cart_form_location":"","bundle_editable_in_cart":false,"bundle_sold_individually_context":"","bundle_item_grouping":"","bundle_min_size":"","bundle_max_size":"","bundle_price":[],"bundled_items":[],"bundle_sell_ids":[],"acf":{"content":"250 ml"},"_links":{"self":[{"href":"https:\/\/realdutchfood.com\/de\/wp-json\/wp\/v2\/product\/197282","targetHints":{"allow":["GET"]}}],"collection":[{"href":"https:\/\/realdutchfood.com\/de\/wp-json\/wp\/v2\/product"}],"about":[{"href":"https:\/\/realdutchfood.com\/de\/wp-json\/wp\/v2\/types\/product"}],"wp:featuredmedia":[{"embeddable":true,"href":"https:\/\/realdutchfood.com\/de\/wp-json\/wp\/v2\/media\/197285"}],"wp:attachment":[{"href":"https:\/\/realdutchfood.com\/de\/wp-json\/wp\/v2\/media?parent=197282"}],"wp:term":[{"taxonomy":"product_brand","embeddable":true,"href":"https:\/\/realdutchfood.com\/de\/wp-json\/wp\/v2\/product_brand?post=197282"},{"taxonomy":"product_cat","embeddable":true,"href":"https:\/\/realdutchfood.com\/de\/wp-json\/wp\/v2\/product_cat?post=197282"},{"taxonomy":"product_tag","embeddable":true,"href":"https:\/\/realdutchfood.com\/de\/wp-json\/wp\/v2\/product_tag?post=197282"}],"curies":[{"name":"wp","href":"https:\/\/api.w.org\/{rel}","templated":true}]}}