{"id":197378,"date":"2026-04-28T21:05:11","date_gmt":"2026-04-28T19:05:11","guid":{"rendered":"https:\/\/realdutchfood.com\/?post_type=product&#038;p=197378"},"modified":"2026-04-28T21:14:39","modified_gmt":"2026-04-28T19:14:39","slug":"remia-salata-ranch-joghurt-kraeuter-dressing","status":"publish","type":"product","link":"https:\/\/realdutchfood.com\/de\/remia-salata-ranch-joghurt-kraeuter-dressing\/","title":{"rendered":"Remia Salata Ranch Joghurt-Kr\u00e4uter-Dressing"},"content":{"rendered":"<h3>Produktbeschreibung des Remia Salata Ranch Joghurt-Kr\u00e4uter-Dressing<\/h3>\n<p class=\"block\" data-v-6ad20fa4=\"\">Salata Ranch Dressing nach amerikanischem Rezept mit fettarmem Joghurt und Kr\u00e4utern<\/p>\n<h3>Zutaten des Remia Salata Ranch Joghurt-Kr\u00e4uter-Dressing<\/h3>\n<div class=\"list\" data-v-514df5bc=\"\" data-v-fc054175=\"\" data-testid=\"allergens-content\">\n<div class=\"item\" data-v-514df5bc=\"\">\n<p class=\"ingredients-text\" data-v-fc054175=\"\" data-testid=\"ingredients-text-body\">Zwiebeln, Raps\u00f6l, Bio-SCHOTTERJOGHURT 13 %, nat\u00fcrlicher Essig, Zucker, Dill 3,5 %, Freiland-Ei- und Eigelb, SENF (Wasser, SENFSAMEN, Naturessig, Gew\u00fcrze), Salz, modifizierte Maisst\u00e4rke, Wasser, BUTTERMILCHPULVER, Maisst\u00e4rke, Eindickungsmittel: Guargummi, nat\u00fcrliches Aroma, Konservierungsmittel: Kaliumsorbat, Gew\u00fcrze, Antioxidans: E385<\/p>\n<h5 class=\"jum-heading bold h5 title\" data-v-8c32abe1=\"\" data-v-fc054175=\"\" data-testid=\"allergens-title\">Allergene<\/h5>\n<div class=\"list\" data-v-514df5bc=\"\" data-v-fc054175=\"\" data-testid=\"allergens-content\">\n<div class=\"item\" data-v-514df5bc=\"\">\n<h3 class=\"jum-heading bold h6\" data-v-8c32abe1=\"\" data-v-514df5bc=\"\" data-testid=\"jum-heading\">Enth\u00e4lt:<\/h3>\n<p><span data-v-514df5bc=\"\"><span data-v-514df5bc=\"\">Eier, Milch, Senf<\/span><\/span><\/p>\n<h2 class=\"jum-heading bold h4 header\" data-v-8c32abe1=\"\" data-v-8d0833ba=\"\" data-testid=\"jum-heading\">N\u00e4hrwerte<\/h2>\n<table class=\"striped jum-table\" data-v-3b4ab732=\"\" data-v-8d0833ba=\"\" data-testid=\"nutritional-values-table-content\">\n<thead data-v-3b4ab732=\"\">\n<tr class=\"header-row\" data-v-3b4ab732=\"\">\n<th class=\"header-column\" data-v-3b4ab732=\"\">N\u00e4hrwerte<\/th>\n<th class=\"header-column\" data-v-3b4ab732=\"\">pro 100 ml<\/th>\n<\/tr>\n<\/thead>\n<tbody data-v-8d0833ba=\"\">\n<tr class=\"row\" data-v-8d0833ba=\"\">\n<td class=\"column\" data-v-8d0833ba=\"\">Energie:<\/td>\n<td class=\"column\" data-v-8d0833ba=\"\">968 kJ (234 kcal)<\/td>\n<\/tr>\n<tr class=\"row\" data-v-8d0833ba=\"\">\n<td class=\"column\" data-v-8d0833ba=\"\">Fette:<\/td>\n<td class=\"column\" data-v-8d0833ba=\"\">20 g<\/td>\n<\/tr>\n<tr class=\"row\" data-v-8d0833ba=\"\">\n<td class=\"sub-label column\" data-v-8d0833ba=\"\">von denen ges\u00e4ttigt:<\/td>\n<td class=\"column\" data-v-8d0833ba=\"\">1,5 g<\/td>\n<\/tr>\n<tr class=\"row\" data-v-8d0833ba=\"\">\n<td class=\"column\" data-v-8d0833ba=\"\">Kohlenhydrate:<\/td>\n<td class=\"column\" data-v-8d0833ba=\"\">10 g<\/td>\n<\/tr>\n<tr class=\"row\" data-v-8d0833ba=\"\">\n<td class=\"sub-label column\" data-v-8d0833ba=\"\">von diesen Zuckern:<\/td>\n<td class=\"column\" data-v-8d0833ba=\"\">7,0 g<\/td>\n<\/tr>\n<tr class=\"row\" data-v-8d0833ba=\"\">\n<td class=\"column\" data-v-8d0833ba=\"\">Proteine:<\/td>\n<td class=\"column\" data-v-8d0833ba=\"\">1,4 g<\/td>\n<\/tr>\n<tr class=\"row\" data-v-8d0833ba=\"\">\n<td class=\"column\" data-v-8d0833ba=\"\">Salz:<\/td>\n<td class=\"column\" data-v-8d0833ba=\"\">1,4 g<\/td>\n<\/tr>\n<tr class=\"row\" data-v-8d0833ba=\"\">\n<td class=\"column\" colspan=\"2\" data-v-8d0833ba=\"\">1 Portion entspricht 30 ml = 2 Essl\u00f6ffel (die Packung enth\u00e4lt 8 Portionen).<\/td>\n<\/tr>\n<\/tbody>\n<\/table>\n<\/div>\n<\/div>\n<div class=\"list\" data-v-514df5bc=\"\" data-v-fc054175=\"\" data-testid=\"allergens-content\"><\/div>\n<\/div>\n<\/div>\n","protected":false},"excerpt":{"rendered":"<p>Geben Sie Pommes und Snacks mit dieser cremigen Tr\u00fcffelsauce von Remia einen sofortigen, luxuri\u00f6sen Geschmack. Der 350-ml-Gehalt ist praktisch f\u00fcr mehrere Essmomente und passt gut auf den Tisch zu Pommes, Snacks, Sandwiches und Fingerfood. Der sanfte Tr\u00fcffelgeschmack sorgt f\u00fcr eine \u00fcberraschende Wendung, ohne kompliziert zu sein. Ideal f\u00fcr niederl\u00e4ndische Expats weltweit, die eine vertraute Pommesso\u00dfe mit etwas mehr Charakter in ihr Zuhause bringen m\u00f6chten.<\/p>\n","protected":false},"featured_media":197381,"template":"","meta":{"_acf_changed":false,"_aipt_faq_data":""},"product_brand":[14499],"product_cat":[14541,14728,14472,14475],"product_tag":[],"class_list":{"0":"post-197378","1":"product","2":"type-product","3":"status-publish","4":"has-post-thumbnail","6":"product_brand-remia-de","7":"product_cat-nasse-sose","8":"product_cat-salatdressing-und-senf","9":"product_cat-saucen-gewuerze","10":"product_cat-sosse","11":"pa_artikelnummer-1633-de","13":"first","14":"onbackorder","15":"taxable","16":"shipping-taxable","17":"purchasable","18":"product-type-simple"},"bundled_by":[],"bundle_stock_status":"onbackorder","bundle_stock_quantity":null,"bundle_virtual":false,"bundle_layout":"","bundle_add_to_cart_form_location":"","bundle_editable_in_cart":false,"bundle_sold_individually_context":"","bundle_item_grouping":"","bundle_min_size":"","bundle_max_size":"","bundle_price":[],"bundled_items":[],"bundle_sell_ids":[],"acf":{"content":"250 ml"},"_links":{"self":[{"href":"https:\/\/realdutchfood.com\/de\/wp-json\/wp\/v2\/product\/197378","targetHints":{"allow":["GET"]}}],"collection":[{"href":"https:\/\/realdutchfood.com\/de\/wp-json\/wp\/v2\/product"}],"about":[{"href":"https:\/\/realdutchfood.com\/de\/wp-json\/wp\/v2\/types\/product"}],"wp:featuredmedia":[{"embeddable":true,"href":"https:\/\/realdutchfood.com\/de\/wp-json\/wp\/v2\/media\/197381"}],"wp:attachment":[{"href":"https:\/\/realdutchfood.com\/de\/wp-json\/wp\/v2\/media?parent=197378"}],"wp:term":[{"taxonomy":"product_brand","embeddable":true,"href":"https:\/\/realdutchfood.com\/de\/wp-json\/wp\/v2\/product_brand?post=197378"},{"taxonomy":"product_cat","embeddable":true,"href":"https:\/\/realdutchfood.com\/de\/wp-json\/wp\/v2\/product_cat?post=197378"},{"taxonomy":"product_tag","embeddable":true,"href":"https:\/\/realdutchfood.com\/de\/wp-json\/wp\/v2\/product_tag?post=197378"}],"curies":[{"name":"wp","href":"https:\/\/api.w.org\/{rel}","templated":true}]}}